{"id":5150,"date":"2019-07-18T02:28:35","date_gmt":"2019-07-18T02:28:35","guid":{"rendered":"https:\/\/www.stvvalves.com\/?post_type=product&#038;p=5150"},"modified":"2024-12-25T14:58:31","modified_gmt":"2024-12-25T06:58:31","slug":"asme-b16-34-cf8c-globe-valve-4-inch-150lb-rf-end","status":"publish","type":"product","link":"https:\/\/www.stvvalves.com\/es\/products\/asme-b16-34-cf8c-globe-valve-4-inch-150lb-rf-end\/","title":{"rendered":"V\u00e1lvula de globo ASME B16.34 CF8C, 4 pulgadas, 150 lb, extremo RF"},"content":{"rendered":"<p>Dise\u00f1o y fabricaci\u00f3n: API 603\u3001ASME B16.34<br \/>\nCara a cara (de extremo a extremo): ANSI B16.10, API 6D, etc.<br \/>\nConexi\u00f3n bridada: ANSI B16.5, ASME B16.47, etc.<br \/>\nExtremo soldado a tope: ANSI B16.25, etc.<br \/>\nPrueba e inspecci\u00f3n: API 598, API 6D, etc.<\/p>\n<p>Tama\u00f1o: 1\/2\u2033-30\u2033<br \/>\nPresi\u00f3n: 150LB~1500LB<br \/>\nMaterial del cuerpo: Acero al carbono A216 WCB WCC, LCB, LCC, WC6, WC9, C5, C12, A351 CF8, CF8M, CF3, CF3M, CF8C, acero d\u00faplex A890 GR.4A GR.5A, etc.<\/p>\n<p>Material de ajuste: 13Cr,SS304,SS316, SS304L, SS316L, F11, F22, etc.<br \/>\nTipo: V\u00e1stago ascendente, BB, FB, OS&amp;Y<br \/>\nFuncionamiento: Volante. Dispositivos de engranajes, electricidad, etc.<br \/>\nExtremo: RF\/RTJ\/FM\/FF con bridas, soldadura a tope (BW)<\/p>\n<table>\n<tbody>\n<tr>\n<td width=\"200\"><strong>nombre del producto<\/strong><\/td>\n<td width=\"481\">V\u00e1lvula de globo ASME B16.34 CF8C, 4 pulgadas, 150 lb, extremo RF<\/td>\n<\/tr>\n<tr>\n<td width=\"200\">1. Materiales<\/td>\n<td width=\"481\">CF8C<\/td>\n<\/tr>\n<tr>\n<td width=\"200\">2. Tama\u00f1o<\/td>\n<td width=\"481\">4\u201d<\/td>\n<\/tr>\n<tr>\n<td width=\"200\">4. Puerto<\/td>\n<td width=\"481\">Puerto lleno<\/td>\n<\/tr>\n<tr>\n<td width=\"200\">5. Presi\u00f3n de trabajo<\/td>\n<td width=\"481\">150 libras<\/td>\n<\/tr>\n<tr>\n<td width=\"200\">6. La conexi\u00f3n finaliza<\/td>\n<td width=\"481\">RF<\/td>\n<\/tr>\n<tr>\n<td width=\"200\">7. Temperatura de trabajo.<\/td>\n<td width=\"481\">-29~425\u00baC,<\/td>\n<\/tr>\n<tr>\n<td width=\"200\">8. Medio adecuado<\/td>\n<td width=\"481\">Agua, Gas Natural, Petr\u00f3leo y alg\u00fan l\u00edquido corrosivo<\/td>\n<\/tr>\n<tr>\n<td width=\"200\">9. Operado<\/td>\n<td width=\"481\">Volante<\/td>\n<\/tr>\n<tr>\n<td width=\"200\">10. Inspecci\u00f3n y pruebas<\/td>\n<td width=\"481\">Seg\u00fan API598<\/td>\n<\/tr>\n<tr>\n<td width=\"200\"><strong>Env\u00edo<\/strong><\/td>\n<td width=\"481\"><\/td>\n<\/tr>\n<tr>\n<td width=\"200\">El tiempo de entrega<\/td>\n<td width=\"481\">30 dias<\/td>\n<\/tr>\n<tr>\n<td width=\"200\">Paquete<\/td>\n<td width=\"481\">Caja de madera contrachapada de exportaci\u00f3n est\u00e1ndar<\/td>\n<\/tr>\n<tr>\n<td width=\"200\">Puerto de embarque<\/td>\n<td width=\"481\">Ningbo\/Shangh\u00e1i, China<\/td>\n<\/tr>\n<tr>\n<td width=\"200\">Condiciones de env\u00edo<\/td>\n<td width=\"481\">Exw, MANDO, CFR, CIF, etc.<\/td>\n<\/tr>\n<tr>\n<td width=\"200\">T\u00e9rminos de pago<\/td>\n<td width=\"481\">T\/T, Western Union, PayPal, etc.<\/td>\n<\/tr>\n<tr>\n<td width=\"200\"><\/td>\n<td width=\"481\">Pago anticipado de 30%, saldo de 70% pagado antes del env\u00edo<\/td>\n<\/tr>\n<tr>\n<td width=\"200\">Pa\u00eds de origen<\/td>\n<td width=\"481\">Ciudad de Wenzhou, China<\/td>\n<\/tr>\n<tr>\n<td width=\"200\">Capacidad de producci\u00f3n<\/td>\n<td width=\"481\">6000 toneladas\/a\u00f1o<\/td>\n<\/tr>\n<tr>\n<td width=\"200\">Cantidad m\u00ednima de pedido<\/td>\n<td width=\"481\">1 unidad\/tama\u00f1o<\/td>\n<\/tr>\n<\/tbody>\n<\/table>","protected":false},"excerpt":{"rendered":"<p>Modelo:STV-J41Y-150LB-CF8C-4\u2033<\/p>\n<p>STV Valve Technology Group Co., Ltd es un l\u00edder profesional en China V\u00e1lvulas de globo CF8C, v\u00e1lvulas de globo de 2 pulgadas, v\u00e1lvulas de globo Clase 150, v\u00e1lvulas de globo OS&amp;Y, v\u00e1lvulas de globo de asiento SS316, v\u00e1lvulas de globo de v\u00e1stago SS316, v\u00e1lvulas de globo BS 1873, fabricante de v\u00e1lvulas de globo de acero inoxidable Con alta calidad y precio competitivo.<\/p>\n<p>Comun\u00edquese con nuestro sales@stvvalve.com para obtener otros materiales y detalles.<\/p>\n<p>Hoja de fecha:<br \/>\n<a href=\"https:\/\/www.stvvalves.com\/wp-content\/uploads\/2019\/07\/asme-b16-34-cf8c-globe-valve-4-inch-150lb-rf-end-drawing.pdf\">V\u00e1lvula de globo ASME B16.34 CF8C, 4 pulgadas, 150 lb, extremo RF<\/a><\/p>","protected":false},"featured_media":5153,"template":"","meta":[],"product_brand":[],"product_cat":[45,189],"product_tag":[1078,1083,1077,1079,1080,1081,1082,192],"class_list":{"0":"post-5150","1":"product","2":"type-product","3":"status-publish","4":"has-post-thumbnail","6":"product_cat-globe-valve","7":"product_cat-stainless-steel-globe-valve","8":"product_tag-2-inch-globe-valves","9":"product_tag-bs-1873-globe-valves","10":"product_tag-cf8c-globe-valves","11":"product_tag-class150-globe-valves","12":"product_tag-osy-globe-valves","13":"product_tag-ss316-seat-globe-valves","14":"product_tag-ss316-stem-globe-valves","15":"product_tag-stainless-steel-globe-valve","17":"first","18":"instock","19":"shipping-taxable","20":"product-type-simple"},"_links":{"self":[{"href":"https:\/\/www.stvvalves.com\/es\/wp-json\/wp\/v2\/product\/5150","targetHints":{"allow":["GET"]}}],"collection":[{"href":"https:\/\/www.stvvalves.com\/es\/wp-json\/wp\/v2\/product"}],"about":[{"href":"https:\/\/www.stvvalves.com\/es\/wp-json\/wp\/v2\/types\/product"}],"wp:featuredmedia":[{"embeddable":true,"href":"https:\/\/www.stvvalves.com\/es\/wp-json\/wp\/v2\/media\/5153"}],"wp:attachment":[{"href":"https:\/\/www.stvvalves.com\/es\/wp-json\/wp\/v2\/media?parent=5150"}],"wp:term":[{"taxonomy":"product_brand","embeddable":true,"href":"https:\/\/www.stvvalves.com\/es\/wp-json\/wp\/v2\/product_brand?post=5150"},{"taxonomy":"product_cat","embeddable":true,"href":"https:\/\/www.stvvalves.com\/es\/wp-json\/wp\/v2\/product_cat?post=5150"},{"taxonomy":"product_tag","embeddable":true,"href":"https:\/\/www.stvvalves.com\/es\/wp-json\/wp\/v2\/product_tag?post=5150"}],"curies":[{"name":"wp","href":"https:\/\/api.w.org\/{rel}","templated":true}]}}