{"id":5169,"date":"2019-07-18T08:28:58","date_gmt":"2019-07-18T08:28:58","guid":{"rendered":"https:\/\/www.stvvalves.com\/?post_type=product&#038;p=5169"},"modified":"2025-02-17T18:32:49","modified_gmt":"2025-02-17T10:32:49","slug":"jis-20k-globe-valve-12-inch-wcb-body-flange-end","status":"publish","type":"product","link":"https:\/\/www.stvvalves.com\/es\/products\/jis-20k-globe-valve-12-inch-wcb-body-flange-end\/","title":{"rendered":"V\u00e1lvula de globo Jis 20K, 12 pulgadas, cuerpo WCB, extremo con brida"},"content":{"rendered":"<p>Dise\u00f1o:JIS B2071 B2081<br \/>\nInspecci\u00f3n y prueba: JIS B2003<br \/>\nDimensi\u00f3n de la brida final: JIS B2212 B2214<br \/>\nCara a cara: JIS B2002<br \/>\nClasificaci\u00f3n de presi\u00f3n-temperatura: JIS B2071 B2081<\/p>\n<p>Tama\u00f1o: DN15-DN600<br \/>\nMaterial: acero al carbono, acero inoxidable<br \/>\nPresi\u00f3n: 10K, 20K, 40K<br \/>\nCertificaci\u00f3n: ISO9001, API600, CE0036<br \/>\nGarant\u00eda: 18 meses; oferta OEM<br \/>\nMedio adecuado: agua, petr\u00f3leo, gas, etc.<\/p>\n<p>&nbsp;<\/p>\n<table>\n<tbody>\n<tr>\n<td width=\"200\"><strong>nombre del producto<\/strong><\/td>\n<td width=\"481\">V\u00e1lvula de globo Jis 20K, 12 pulgadas, cuerpo WCB, extremo con brida<\/td>\n<\/tr>\n<tr>\n<td width=\"200\">1. Materiales<\/td>\n<td width=\"481\">WCB<\/td>\n<\/tr>\n<tr>\n<td width=\"200\">2. Tama\u00f1o<\/td>\n<td width=\"481\">12\u201d<\/td>\n<\/tr>\n<tr>\n<td width=\"200\">4. Puerto<\/td>\n<td width=\"481\">Puerto lleno<\/td>\n<\/tr>\n<tr>\n<td width=\"200\">5. Presi\u00f3n de trabajo<\/td>\n<td width=\"481\">JIS20K<\/td>\n<\/tr>\n<tr>\n<td width=\"200\">6. La conexi\u00f3n finaliza<\/td>\n<td width=\"481\">RF<\/td>\n<\/tr>\n<tr>\n<td width=\"200\">7. Temperatura de trabajo.<\/td>\n<td width=\"481\">-29~425\u00baC,<\/td>\n<\/tr>\n<tr>\n<td width=\"200\">8. Medio adecuado<\/td>\n<td width=\"481\">Agua, Gas Natural, Petr\u00f3leo y alg\u00fan l\u00edquido corrosivo<\/td>\n<\/tr>\n<tr>\n<td width=\"200\">9. Operado<\/td>\n<td width=\"481\">Caja de cambios<\/td>\n<\/tr>\n<tr>\n<td width=\"200\">10. Inspecci\u00f3n y pruebas<\/td>\n<td width=\"481\">Seg\u00fan JIS B2003<\/td>\n<\/tr>\n<tr>\n<td width=\"200\"><strong>Env\u00edo<\/strong><\/td>\n<td width=\"481\">&nbsp;<\/td>\n<\/tr>\n<tr>\n<td width=\"200\">El tiempo de entrega<\/td>\n<td width=\"481\">30 dias<\/td>\n<\/tr>\n<tr>\n<td width=\"200\">Paquete<\/td>\n<td width=\"481\">Caja de madera contrachapada de exportaci\u00f3n est\u00e1ndar<\/td>\n<\/tr>\n<tr>\n<td width=\"200\">Puerto de embarque<\/td>\n<td width=\"481\">Ningbo\/Shangh\u00e1i, China<\/td>\n<\/tr>\n<tr>\n<td width=\"200\">Condiciones de env\u00edo<\/td>\n<td width=\"481\">Exw, MANDO, CFR, CIF, etc.<\/td>\n<\/tr>\n<tr>\n<td width=\"200\">T\u00e9rminos de pago<\/td>\n<td width=\"481\">T\/T, Western Union, PayPal, etc.<\/td>\n<\/tr>\n<tr>\n<td width=\"200\">&nbsp;<\/td>\n<td width=\"481\">Pago anticipado de 30%, saldo de 70% pagado antes del env\u00edo<\/td>\n<\/tr>\n<tr>\n<td width=\"200\">Pa\u00eds de origen<\/td>\n<td width=\"481\">Ciudad de Wenzhou, China<\/td>\n<\/tr>\n<tr>\n<td width=\"200\">Capacidad de producci\u00f3n<\/td>\n<td width=\"481\">6000 toneladas\/a\u00f1o<\/td>\n<\/tr>\n<tr>\n<td width=\"200\">Cantidad m\u00ednima de pedido<\/td>\n<td width=\"481\">1 unidad\/tama\u00f1o<\/td>\n<\/tr>\n<\/tbody>\n<\/table>\n<p><span style=\"font-weight: 400;\">\u200b<\/span><\/p>\n<p>&nbsp;<\/p>","protected":false},"excerpt":{"rendered":"<div class=\"woocommerce-product-details__short-description\">\n<p>Modelo:STV-J541H-JIS 20K-16\u2033-WCB<\/p>\n<p>Las v\u00e1lvulas de globo con extremo de brida JIS20K son v\u00e1lvulas de globo fabricadas de acuerdo con ASME B16.10. La v\u00e1lvula de globo con conexi\u00f3n de brida consta de un elemento de disco conectado a un v\u00e1stago que se eleva hacia arriba y hacia abajo para regular el flujo en la tuber\u00eda.<\/p>\n<p>STV Valve Technology Group Co., Ltd es un l\u00edder profesional en China: v\u00e1lvula de globo Jis 20K, v\u00e1lvula de globo de 12 pulgadas, v\u00e1lvula de globo con cuerpo WCB, v\u00e1lvula de globo con extremo de brida, v\u00e1lvula de globo B2071, v\u00e1lvula de globo JIS B2002, v\u00e1lvula de globo Jis 10k, globo con cap\u00f3 atornillado V\u00e1lvulas, v\u00e1lvulas de globo de 16 pulgadas, v\u00e1lvulas de globo con extremos RF con bridas, v\u00e1lvulas de globo 1873, v\u00e1lvula de globo de acero fundido, v\u00e1lvula de globo de acero al carbono Fabricante con alta calidad y precio competitivo.<\/p>\n<p>Comun\u00edquese con nuestro sales@stvvalve.com para obtener otros materiales y detalles.<\/p>\n<p>Hoja de fecha:<a href=\"https:\/\/www.stvvalves.com\/wp-content\/uploads\/2019\/07\/jis-20k-globe-valve-12-inch-wcb-body-flange-end-drawing.pdf\">V\u00e1lvula de globo Jis 20K, 12 pulgadas, cuerpo WCB, extremo con brida<\/a><\/p>\n<\/div>\n<form class=\"cart\" action=\"https:\/\/www.stvvalves.com\/es\/product\/300lb-cast-steel-globe-valvedn400316-trimflange-end\/\" enctype=\"multipart\/form-data\" method=\"post\" data-trp-original-action=\"https:\/\/www.stvvalves.com\/product\/300lb-cast-steel-globe-valvedn400316-trimflange-end\/\">\n<div class=\"wcpa_form_outer\"><\/div>\n<div class=\"quantity\"><\/div>\n<div class=\"addquotelistlink\">\n<div class=\"quotelistadd_prodpage\"><\/div>\n<\/div>\n<input type=\"hidden\" name=\"trp-form-language\" value=\"es\"\/><\/form>","protected":false},"featured_media":5170,"template":"","meta":[],"product_brand":[],"product_cat":[63,45],"product_tag":[1095,1098,323,1097,1100,1094,1099,1096],"class_list":{"0":"post-5169","1":"product","2":"type-product","3":"status-publish","4":"has-post-thumbnail","6":"product_cat-cast-steel-globe-valve","7":"product_cat-globe-valve","8":"product_tag-12-inch-globe-valve","9":"product_tag-b2071-globe-valve","10":"product_tag-cast-steel-globe-valve","11":"product_tag-flange-end-globe-valve","12":"product_tag-jis-10k-globe-valve","13":"product_tag-jis-20k-globe-valve","14":"product_tag-jis-b2002-globe-valve","15":"product_tag-wcb-body-globe-valve","17":"first","18":"instock","19":"shipping-taxable","20":"product-type-simple"},"_links":{"self":[{"href":"https:\/\/www.stvvalves.com\/es\/wp-json\/wp\/v2\/product\/5169","targetHints":{"allow":["GET"]}}],"collection":[{"href":"https:\/\/www.stvvalves.com\/es\/wp-json\/wp\/v2\/product"}],"about":[{"href":"https:\/\/www.stvvalves.com\/es\/wp-json\/wp\/v2\/types\/product"}],"wp:featuredmedia":[{"embeddable":true,"href":"https:\/\/www.stvvalves.com\/es\/wp-json\/wp\/v2\/media\/5170"}],"wp:attachment":[{"href":"https:\/\/www.stvvalves.com\/es\/wp-json\/wp\/v2\/media?parent=5169"}],"wp:term":[{"taxonomy":"product_brand","embeddable":true,"href":"https:\/\/www.stvvalves.com\/es\/wp-json\/wp\/v2\/product_brand?post=5169"},{"taxonomy":"product_cat","embeddable":true,"href":"https:\/\/www.stvvalves.com\/es\/wp-json\/wp\/v2\/product_cat?post=5169"},{"taxonomy":"product_tag","embeddable":true,"href":"https:\/\/www.stvvalves.com\/es\/wp-json\/wp\/v2\/product_tag?post=5169"}],"curies":[{"name":"wp","href":"https:\/\/api.w.org\/{rel}","templated":true}]}}