{"id":5182,"date":"2019-07-18T13:07:22","date_gmt":"2019-07-18T13:07:22","guid":{"rendered":"https:\/\/www.stvvalves.com\/?post_type=product&#038;p=5182"},"modified":"2025-02-17T18:32:41","modified_gmt":"2025-02-17T10:32:41","slug":"forged-steel-globe-valve1500-lb-dn40-butt-weld-end","status":"publish","type":"product","link":"https:\/\/www.stvvalves.com\/es\/products\/forged-steel-globe-valve1500-lb-dn40-butt-weld-end\/","title":{"rendered":"V\u00e1lvula de globo de acero forjado, 1500 LB, DN40, extremo soldado a tope"},"content":{"rendered":"<p>El dise\u00f1o y la fabricaci\u00f3n cumplen con BS 5352, ANSI B16.34<\/p>\n<p>Los extremos de conexi\u00f3n cumplen con:<\/p>\n<p>1. Los extremos soldados del z\u00f3calo cumplen con ANSI B16.11<\/p>\n<p>2. Los extremos de los tornillos cumplen con ANSI B1.20.1<\/p>\n<p>3..Los extremos soldados a tope cumplen con ANSI B16.25<\/p>\n<p>La prueba y la inspecci\u00f3n cumplen con: API 598<\/p>\n<p>Caracter\u00edsticas de la estructura: cap\u00f3 atornillado, cap\u00f3 soldado, cap\u00f3 con sello de presi\u00f3n, tornillo exterior y yugo<\/p>\n<p>Gama de productos<\/p>\n<p>Material del cuerpo: acero al carbono, acero inoxidable, acero aleado<\/p>\n<p>Di\u00e1metro nominal: 1\/2 \u2033 ~ 2 \u2033 (DN15 ~ DN50)<\/p>\n<p>Conexi\u00f3n final: BW,RF,RTJ<\/p>\n<p>Rango de presi\u00f3n: Clase 150~2500\uff08PN16~PN420\uff09<\/p>\n<p>Temperatura de trabajo: -196 \u2103 ~ +560 \u2103<\/p>\n<p>Operaci\u00f3n: volante<\/p>\n<table>\n<tbody>\n<tr>\n<td width=\"200\"><strong>nombre del producto<\/strong><\/td>\n<td width=\"481\">V\u00e1lvula de globo de acero forjado, 1500 LB, DN40, extremo soldado a tope<\/td>\n<\/tr>\n<tr>\n<td width=\"200\">1. Materiales<\/td>\n<td width=\"481\">A105N<\/td>\n<\/tr>\n<tr>\n<td width=\"200\">2. Tama\u00f1o<\/td>\n<td width=\"481\">11\/2\u201d<\/td>\n<\/tr>\n<tr>\n<td width=\"200\">4. Puerto<\/td>\n<td width=\"481\">Puerto reductor<\/td>\n<\/tr>\n<tr>\n<td width=\"200\">5. Presi\u00f3n de trabajo<\/td>\n<td width=\"481\">1500 libras<\/td>\n<\/tr>\n<tr>\n<td width=\"200\">6. La conexi\u00f3n finaliza<\/td>\n<td width=\"481\">peso corporal<\/td>\n<\/tr>\n<tr>\n<td width=\"200\">7. Temperatura de trabajo.<\/td>\n<td width=\"481\">-29~425\u00baC,<\/td>\n<\/tr>\n<tr>\n<td width=\"200\">8. Medio adecuado<\/td>\n<td width=\"481\">Agua, Gas Natural, Petr\u00f3leo y alg\u00fan l\u00edquido corrosivo<\/td>\n<\/tr>\n<tr>\n<td width=\"200\">9. Operado<\/td>\n<td width=\"481\">Volante<\/td>\n<\/tr>\n<tr>\n<td width=\"200\">10. Inspecci\u00f3n y pruebas<\/td>\n<td width=\"481\">Seg\u00fan API598<\/td>\n<\/tr>\n<tr>\n<td width=\"200\"><strong>Env\u00edo<\/strong><\/td>\n<td width=\"481\"><\/td>\n<\/tr>\n<tr>\n<td width=\"200\">El tiempo de entrega<\/td>\n<td width=\"481\">30 dias<\/td>\n<\/tr>\n<tr>\n<td width=\"200\">Paquete<\/td>\n<td width=\"481\">Caja de madera contrachapada de exportaci\u00f3n est\u00e1ndar<\/td>\n<\/tr>\n<tr>\n<td width=\"200\">Puerto de embarque<\/td>\n<td width=\"481\">Ningbo\/Shangh\u00e1i, China<\/td>\n<\/tr>\n<tr>\n<td width=\"200\">Condiciones de env\u00edo<\/td>\n<td width=\"481\">Exw, MANDO, CFR, CIF, etc.<\/td>\n<\/tr>\n<tr>\n<td width=\"200\">T\u00e9rminos de pago<\/td>\n<td width=\"481\">T\/T, Western Union, PayPal, etc.<\/td>\n<\/tr>\n<tr>\n<td width=\"200\"><\/td>\n<td width=\"481\">Pago anticipado de 30%, saldo de 70% pagado antes del env\u00edo<\/td>\n<\/tr>\n<tr>\n<td width=\"200\">Pa\u00eds de origen<\/td>\n<td width=\"481\">Ciudad de Wenzhou, China<\/td>\n<\/tr>\n<tr>\n<td width=\"200\">Capacidad de producci\u00f3n<\/td>\n<td width=\"481\">6000 toneladas\/a\u00f1o<\/td>\n<\/tr>\n<tr>\n<td width=\"200\">Cantidad m\u00ednima de pedido<\/td>\n<td width=\"481\">1 unidad\/tama\u00f1o<\/td>\n<\/tr>\n<\/tbody>\n<\/table>","protected":false},"excerpt":{"rendered":"<p>Modelo:STV-J61Y-2500LB-F316-1\u2033<\/p>\n<p>STV Valve Technology Group Co., Ltd es un fabricante l\u00edder profesional de v\u00e1lvulas de globo de acero forjado en China, v\u00e1lvulas de globo de 1500 LB, v\u00e1lvulas de globo DN40, v\u00e1lvulas de globo con extremo soldado a tope, v\u00e1lvulas de globo A105N, v\u00e1lvulas de globo con cap\u00f3 de perno y v\u00e1lvulas de globo API 602 con alta calidad. y precio competitivo.<\/p>\n<p>Comun\u00edquese con nuestro sales@stvvalve.com para obtener otros materiales y detalles.<\/p>\n<p>Hoja de fecha:<a href=\"https:\/\/www.stvvalves.com\/wp-content\/uploads\/2019\/07\/forged-steel-globe-valve1500-lb-dn40-butt-weld-end-drawing.pdf\">V\u00e1lvula de globo de acero forjado, 1500 LB, DN40, extremo soldado a tope<\/a><\/p>","protected":false},"featured_media":5184,"template":"","meta":[],"product_brand":[],"product_cat":[64,45],"product_tag":[1107,1018,212,1110,1109,1108,197],"class_list":{"0":"post-5182","1":"product","2":"type-product","3":"status-publish","4":"has-post-thumbnail","6":"product_cat-foreged-steel-globe-valve","7":"product_cat-globe-valve","8":"product_tag-1500-lb-globe-valve","9":"product_tag-a105n-globe-valve","10":"product_tag-api-602-globe-valve","11":"product_tag-bolt-bonnet-globe-valve","12":"product_tag-butt-weld-end-globe-valve","13":"product_tag-dn40-globe-valve","14":"product_tag-forged-steel-globe-valve","16":"first","17":"instock","18":"shipping-taxable","19":"product-type-simple"},"_links":{"self":[{"href":"https:\/\/www.stvvalves.com\/es\/wp-json\/wp\/v2\/product\/5182","targetHints":{"allow":["GET"]}}],"collection":[{"href":"https:\/\/www.stvvalves.com\/es\/wp-json\/wp\/v2\/product"}],"about":[{"href":"https:\/\/www.stvvalves.com\/es\/wp-json\/wp\/v2\/types\/product"}],"wp:featuredmedia":[{"embeddable":true,"href":"https:\/\/www.stvvalves.com\/es\/wp-json\/wp\/v2\/media\/5184"}],"wp:attachment":[{"href":"https:\/\/www.stvvalves.com\/es\/wp-json\/wp\/v2\/media?parent=5182"}],"wp:term":[{"taxonomy":"product_brand","embeddable":true,"href":"https:\/\/www.stvvalves.com\/es\/wp-json\/wp\/v2\/product_brand?post=5182"},{"taxonomy":"product_cat","embeddable":true,"href":"https:\/\/www.stvvalves.com\/es\/wp-json\/wp\/v2\/product_cat?post=5182"},{"taxonomy":"product_tag","embeddable":true,"href":"https:\/\/www.stvvalves.com\/es\/wp-json\/wp\/v2\/product_tag?post=5182"}],"curies":[{"name":"wp","href":"https:\/\/api.w.org\/{rel}","templated":true}]}}