{"id":5204,"date":"2019-07-22T14:48:55","date_gmt":"2019-07-22T14:48:55","guid":{"rendered":"https:\/\/www.stvvalves.com\/?post_type=product&#038;p=5204"},"modified":"2025-02-17T18:32:39","modified_gmt":"2025-02-17T10:32:39","slug":"api-609-lug-type-butterfly-valve-150lb-10-inch-cf8m","status":"publish","type":"product","link":"https:\/\/www.stvvalves.com\/es\/products\/api-609-lug-type-butterfly-valve-150lb-10-inch-cf8m\/","title":{"rendered":"V\u00e1lvula de mariposa tipo leng\u00fceta API 609, 150 lb, 10 pulgadas, CF8M"},"content":{"rendered":"<p>Dise\u00f1o y fabricaci\u00f3n: API 609<\/p>\n<p>Dimensi\u00f3n cara a cara: API609, ISO5752, ASME B16.10<\/p>\n<p>Dimensi\u00f3n de conexi\u00f3n de brida: ASME B16.5, ASME B16.47<\/p>\n<p>Prueba e inspecci\u00f3n: API 598<\/p>\n<p>Clasificaci\u00f3n de temperatura y presi\u00f3n: API 609, ASME B16.34<br \/>\nGama de productos<\/p>\n<p>Material del cuerpo:Acero fundido,Acero inoxidable,Monel<\/p>\n<p>Di\u00e1metro nominal: 2\u2033\uff5e120\u2033\uff08DN50~DN3000\uff09<\/p>\n<p>Conexi\u00f3n final: doble brida, oblea, terminal, etc.<\/p>\n<p>Rango de presi\u00f3n: Clase 150 ~ 600 (PN16 ~ PN100)<\/p>\n<p>Temperatura de trabajo: -46 \u2103 ~ +550 \u2103<\/p>\n<p>Operaci\u00f3n: manija, engranaje, actuador el\u00e9ctrico, etc.<\/p>\n<p>Estructura del sello, sellado suave.<br \/>\nControlador de tap\u00f3n<br \/>\nAlmohadilla de montaje ISO 5211<br \/>\nConexi\u00f3n, brida, oblea Lug-wafer<br \/>\nOperaci\u00f3n, tipo, manual, engranaje helicoidal, el\u00e9ctrico,<br \/>\nNeum\u00e1tico, Hidr\u00e1ulico<br \/>\nEstructura exc\u00e9ntrica, centrada.<\/p>","protected":false},"excerpt":{"rendered":"<p>Modelo:STV-LD373F-150LB-CF8M-10\u2033<\/p>\n<p>STV Valve Technology Group Co., Ltd es un l\u00edder profesional en China en v\u00e1lvulas de mariposa de acero inoxidable, v\u00e1lvulas de mariposa de doble exc\u00e9ntrica, v\u00e1lvulas de mariposa con bridas, v\u00e1lvulas de mariposa con bridas, v\u00e1lvulas de mariposa neum\u00e1ticas, v\u00e1lvulas de mariposa tipo oblea, v\u00e1lvulas de mariposa con orejeta, v\u00e1lvulas de mariposa con triple compensaci\u00f3n, 4 pulgadas. v\u00e1lvula de mariposa, v\u00e1lvula de mariposa de 6 pulgadas, v\u00e1lvula de mariposa de 3 pulgadas, v\u00e1lvula de mariposa de 8 pulgadas, v\u00e1lvula de mariposa de 2 pulgadas Fabricaci\u00f3n con alta calidad y precio competitivo.<\/p>\n<p>Comun\u00edquese con nuestro sales@stvvalve.com para obtener otros materiales y detalles.<\/p>\n<p>Hoja de fecha:<a href=\"https:\/\/www.stvvalves.com\/wp-content\/uploads\/2019\/07\/API-609-Lug-Type-Butterfly-Valve-150LB-10-Inch-CF8M-drawing.pdf\">V\u00e1lvula de mariposa tipo leng\u00fceta API 609, 150 lb, 10 pulgadas, CF8M<\/a><\/p>","protected":false},"featured_media":5207,"template":"","meta":[],"product_brand":[],"product_cat":[965,971],"product_tag":[1132,1130,1128,1129,1131,1124,1126,1125,1123,1127,731],"class_list":{"0":"post-5204","1":"product","2":"type-product","3":"status-publish","4":"has-post-thumbnail","6":"product_cat-butterfly-valve","7":"product_cat-wafer-butterfly-valve","8":"product_tag-2-inch-butterfly-valve","9":"product_tag-3-inch-butterfly-valve","10":"product_tag-4-inch-butterfly-valve","11":"product_tag-6-inch-butterfly-valve","12":"product_tag-8-inch-butterfly-valve","13":"product_tag-double-eccentric-butterfly-valve8141c64f649aa10a30e48bdb99fa3eccf7af065b4b625c7c4d110ee570dfa2a6ef8141c64f649aa10a30e48bdb99fa3eccf7af065b4b625c7c4d110ee570dfa2a6bc8141c64f649aa10a30e48bdb99fa3ec","14":"product_tag-lug-butterfly-valve","15":"product_tag-pneumatic-butterfly-valve","16":"product_tag-stainless-steel-butterfly-valve","17":"product_tag-triple-offset-butterfly-valve","18":"product_tag-wafer-butterfly-valve","20":"first","21":"instock","22":"shipping-taxable","23":"product-type-simple"},"_links":{"self":[{"href":"https:\/\/www.stvvalves.com\/es\/wp-json\/wp\/v2\/product\/5204","targetHints":{"allow":["GET"]}}],"collection":[{"href":"https:\/\/www.stvvalves.com\/es\/wp-json\/wp\/v2\/product"}],"about":[{"href":"https:\/\/www.stvvalves.com\/es\/wp-json\/wp\/v2\/types\/product"}],"wp:featuredmedia":[{"embeddable":true,"href":"https:\/\/www.stvvalves.com\/es\/wp-json\/wp\/v2\/media\/5207"}],"wp:attachment":[{"href":"https:\/\/www.stvvalves.com\/es\/wp-json\/wp\/v2\/media?parent=5204"}],"wp:term":[{"taxonomy":"product_brand","embeddable":true,"href":"https:\/\/www.stvvalves.com\/es\/wp-json\/wp\/v2\/product_brand?post=5204"},{"taxonomy":"product_cat","embeddable":true,"href":"https:\/\/www.stvvalves.com\/es\/wp-json\/wp\/v2\/product_cat?post=5204"},{"taxonomy":"product_tag","embeddable":true,"href":"https:\/\/www.stvvalves.com\/es\/wp-json\/wp\/v2\/product_tag?post=5204"}],"curies":[{"name":"wp","href":"https:\/\/api.w.org\/{rel}","templated":true}]}}