{"id":5287,"date":"2019-08-07T08:14:01","date_gmt":"2019-08-07T08:14:01","guid":{"rendered":"https:\/\/www.stvvalves.com\/?post_type=product&#038;p=5287"},"modified":"2025-02-17T18:32:37","modified_gmt":"2025-02-17T10:32:37","slug":"wafer-butterfly-valve-pn25-wcb-body-316-trim-ptfe-seat-gear-op","status":"publish","type":"product","link":"https:\/\/www.stvvalves.com\/es\/products\/wafer-butterfly-valve-pn25-wcb-body-316-trim-ptfe-seat-gear-op\/","title":{"rendered":"V\u00e1lvula de mariposa Wafer PN25, cuerpo WCB, moldura 316, asiento de PTFE, engranaje OP"},"content":{"rendered":"<p>Dise\u00f1o: DIN EN 593<br \/>\nClasificaci\u00f3n: PN25<br \/>\nCara a Cara: DIN EN 558<br \/>\nExtremo con brida: DIN EN 1092-1<br \/>\nInspecci\u00f3n y pruebas: EN 12266<br \/>\nEspesor de pared: EN 12516-1<br \/>\nTemperatura:-196\u2103 ~ +560\u2103<br \/>\nDN50\u2033~ DN600<\/p>\n<p>Material del cuerpo: acero al carbono, acero inoxidable, acero aleado, bronce<\/p>\n<p>Conexi\u00f3n final: RF, RTJ, BW<\/p>\n<p>Rango de presi\u00f3n: Clase 150~2500(PN16~PN420)<\/p>\n<table>\n<tbody>\n<tr>\n<td width=\"200\"><strong><b>nombre del producto<\/b><\/strong><\/td>\n<td width=\"481\">V\u00e1lvula de mariposa Wafer PN25, cuerpo WCB, moldura 316, asiento de PTFE, engranaje OP<\/td>\n<\/tr>\n<tr>\n<td width=\"200\">1. Materiales<\/td>\n<td width=\"481\">Hierro d\u00factil<\/td>\n<\/tr>\n<tr>\n<td width=\"200\">2. Tama\u00f1o<\/td>\n<td width=\"481\">5\u201d<\/td>\n<\/tr>\n<tr>\n<td width=\"200\">4. Puerto<\/td>\n<td width=\"481\">Puerto lleno<\/td>\n<\/tr>\n<tr>\n<td width=\"200\">5. Presi\u00f3n de trabajo<\/td>\n<td width=\"481\">PN25<\/td>\n<\/tr>\n<tr>\n<td width=\"200\">6. La conexi\u00f3n finaliza<\/td>\n<td width=\"481\">Extremo de soldadura de z\u00f3calo<\/td>\n<\/tr>\n<tr>\n<td width=\"200\">7. Temperatura de trabajo.<\/td>\n<td width=\"481\">-29~120\u00baC,<\/td>\n<\/tr>\n<tr>\n<td width=\"200\">8. Medio adecuado<\/td>\n<td width=\"481\">Agua, Gas Natural, Petr\u00f3leo y alg\u00fan l\u00edquido corrosivo<\/td>\n<\/tr>\n<tr>\n<td width=\"200\">9. Operado<\/td>\n<td width=\"481\">Caja de cambios<\/td>\n<\/tr>\n<tr>\n<td width=\"200\">10. Inspecci\u00f3n y pruebas<\/td>\n<td width=\"481\">Seg\u00fan API 598<\/td>\n<\/tr>\n<tr>\n<td width=\"200\"><strong><b>Env\u00edo<\/b><\/strong><\/td>\n<td width=\"481\"><\/td>\n<\/tr>\n<tr>\n<td width=\"200\">El tiempo de entrega<\/td>\n<td width=\"481\">30 dias<\/td>\n<\/tr>\n<tr>\n<td width=\"200\">Paquete<\/td>\n<td width=\"481\">Caja de madera contrachapada de exportaci\u00f3n est\u00e1ndar<\/td>\n<\/tr>\n<tr>\n<td width=\"200\">Puerto de embarque<\/td>\n<td width=\"481\">Ningbo\/Shangh\u00e1i, China<\/td>\n<\/tr>\n<tr>\n<td width=\"200\">Condiciones de env\u00edo<\/td>\n<td width=\"481\">Exw, MANDO, CFR, CIF, etc.<\/td>\n<\/tr>\n<tr>\n<td width=\"200\">T\u00e9rminos de pago<\/td>\n<td width=\"481\">T\/T, Western Union, PayPal, etc.<\/td>\n<\/tr>\n<tr>\n<td width=\"200\"><\/td>\n<td width=\"481\">Pago anticipado de 30%, saldo de 70% pagado antes del env\u00edo<\/td>\n<\/tr>\n<tr>\n<td width=\"200\">Pa\u00eds de origen<\/td>\n<td width=\"481\">Ciudad de Wenzhou, China<\/td>\n<\/tr>\n<tr>\n<td width=\"200\">Capacidad de producci\u00f3n<\/td>\n<td width=\"481\">6000 toneladas\/a\u00f1o<\/td>\n<\/tr>\n<tr>\n<td width=\"200\">Cantidad m\u00ednima de pedido<\/td>\n<td width=\"481\">10 unidades\/tama\u00f1o<\/td>\n<\/tr>\n<\/tbody>\n<\/table>\n<p>&nbsp;<\/p>\n<p>&nbsp;<\/p>","protected":false},"excerpt":{"rendered":"<p>Modelo:STV-D373F-25C-DN100-WCB<\/p>\n<p>STV Valve Technology Group Co., Ltd es un l\u00edder profesional en la fabricaci\u00f3n de v\u00e1lvulas de mariposa Wafer de China, v\u00e1lvula de mariposa de acero inoxidable, v\u00e1lvula de mariposa exc\u00e9ntrica doble, v\u00e1lvula de mariposa con bridas, v\u00e1lvula de mariposa neum\u00e1tica, v\u00e1lvula de mariposa Wafer, v\u00e1lvula de mariposa de orejeta, v\u00e1lvula de mariposa de triple desplazamiento, 4 v\u00e1lvula de mariposa de pulgadas, v\u00e1lvula de mariposa de 6 pulgadas, v\u00e1lvula de mariposa de 3 pulgadas, v\u00e1lvula de mariposa de 8 pulgadas, v\u00e1lvula de mariposa de 2 pulgadas.<\/p>\n<p>Comun\u00edquese con nuestro sales@stvvalve.com para obtener otros materiales y detalles.<\/p>\n<p>Hoja de fecha:<a href=\"https:\/\/www.stvvalves.com\/wp-content\/uploads\/2019\/08\/Wafer-Butterfly-Valve-PN25-WCB-Body-316-Trim-PTFE-Seat-Gear-OP-drawing.pdf\">V\u00e1lvula de mariposa Wafer PN25, cuerpo WCB, moldura 316, asiento de PTFE, engranaje OP<\/a><\/p>","protected":false},"featured_media":5288,"template":"","meta":[],"product_brand":[],"product_cat":[965,971],"product_tag":[1132,1130,1128,1129,1131,1252,1134,1253,1126,1125,1123,1127,731],"class_list":{"0":"post-5287","1":"product","2":"type-product","3":"status-publish","4":"has-post-thumbnail","6":"product_cat-butterfly-valve","7":"product_cat-wafer-butterfly-valve","8":"product_tag-2-inch-butterfly-valve","9":"product_tag-3-inch-butterfly-valve","10":"product_tag-4-inch-butterfly-valve","11":"product_tag-6-inch-butterfly-valve","12":"product_tag-8-inch-butterfly-valve","13":"product_tag-china-wafer-butterfly-valve-manufacture","14":"product_tag-double-eccentric-butterfly-valve","15":"product_tag-flanged-butterfly-valve","16":"product_tag-lug-butterfly-valve","17":"product_tag-pneumatic-butterfly-valve","18":"product_tag-stainless-steel-butterfly-valve","19":"product_tag-triple-offset-butterfly-valve","20":"product_tag-wafer-butterfly-valve","22":"first","23":"instock","24":"shipping-taxable","25":"product-type-simple"},"_links":{"self":[{"href":"https:\/\/www.stvvalves.com\/es\/wp-json\/wp\/v2\/product\/5287","targetHints":{"allow":["GET"]}}],"collection":[{"href":"https:\/\/www.stvvalves.com\/es\/wp-json\/wp\/v2\/product"}],"about":[{"href":"https:\/\/www.stvvalves.com\/es\/wp-json\/wp\/v2\/types\/product"}],"wp:featuredmedia":[{"embeddable":true,"href":"https:\/\/www.stvvalves.com\/es\/wp-json\/wp\/v2\/media\/5288"}],"wp:attachment":[{"href":"https:\/\/www.stvvalves.com\/es\/wp-json\/wp\/v2\/media?parent=5287"}],"wp:term":[{"taxonomy":"product_brand","embeddable":true,"href":"https:\/\/www.stvvalves.com\/es\/wp-json\/wp\/v2\/product_brand?post=5287"},{"taxonomy":"product_cat","embeddable":true,"href":"https:\/\/www.stvvalves.com\/es\/wp-json\/wp\/v2\/product_cat?post=5287"},{"taxonomy":"product_tag","embeddable":true,"href":"https:\/\/www.stvvalves.com\/es\/wp-json\/wp\/v2\/product_tag?post=5287"}],"curies":[{"name":"wp","href":"https:\/\/api.w.org\/{rel}","templated":true}]}}