{"id":5506,"date":"2019-12-07T01:56:37","date_gmt":"2019-12-07T01:56:37","guid":{"rendered":"https:\/\/www.stvvalves.com\/?post_type=product&#038;p=5506"},"modified":"2025-02-17T18:32:33","modified_gmt":"2025-02-17T10:32:33","slug":"sanitary-stainless-steel-welding-2-way-ball-valve","status":"publish","type":"product","link":"https:\/\/www.stvvalves.com\/es\/products\/sanitary-stainless-steel-welding-2-way-ball-valve\/","title":{"rendered":"V\u00e1lvula de bola de 2 v\u00edas para soldadura de acero inoxidable sanitario"},"content":{"rendered":"<p>V\u00e1lvula de bola de 2 v\u00edas para soldadura de acero inoxidable sanitario<\/p>\n<p>Referencia: STV-1047<br \/>\nTama\u00f1os disponibles: 1\/2\u2033 a 4\u2033 (DN15-DN100)<br \/>\nConexi\u00f3n final: tri-clamp\/tri-clamp<br \/>\nCuerpo y disco: AISI 304 o 316L, (EN1.4301\/EN1.4404)<br \/>\nAsiento: Tefl\u00f3n lleno de cavidades (PTFE) + juntas de EPDM\/VMQ (silicona)\/Viton (FPM), FDA.<br \/>\nM\u00e1x. Presi\u00f3n de trabajo: 145 psi (10 bar)<br \/>\nRango de temperatura: 14\u00b0F ~ 248\u00b0F (-10\u00b0C ~ 120\u00b0C) de forma predeterminada, m\u00e1s alto disponible a pedido.<br \/>\nOperaci\u00f3n: Mango manual<br \/>\nTratamiento de superficie: Ra 32\u03bcin (0,8\u03bcm) por defecto, Ra 16\u03bcin (0,4\u03bcm) como mejor.<\/p>\n<p><img loading=\"lazy\" decoding=\"async\" class=\"alignleft size-full wp-image-5520\" src=\"https:\/\/www.stvvalves.com\/wp-content\/uploads\/2019\/12\/QQ\u622a\u56fe20191207110731.jpg\" alt=\"\" width=\"722\" height=\"641\" srcset=\"https:\/\/www.stvvalves.com\/wp-content\/uploads\/2019\/12\/QQ\u622a\u56fe20191207110731.jpg 722w, https:\/\/www.stvvalves.com\/wp-content\/uploads\/2019\/12\/QQ\u622a\u56fe20191207110731-600x533.jpg 600w, https:\/\/www.stvvalves.com\/wp-content\/uploads\/2019\/12\/QQ\u622a\u56fe20191207110731-300x266.jpg 300w, https:\/\/www.stvvalves.com\/wp-content\/uploads\/2019\/12\/QQ\u622a\u56fe20191207110731-705x626.jpg 705w\" sizes=\"auto, (max-width: 722px) 100vw, 722px\" \/><\/p>\n<p>&nbsp;<\/p>\n<p>&nbsp;<\/p>","protected":false},"excerpt":{"rendered":"<p>V\u00e1lvula de bola de 2 v\u00edas para soldadura de acero inoxidable sanitario<br \/>\nLas v\u00e1lvulas de bola higi\u00e9nicas de 2 v\u00edas tanto manuales como autom\u00e1ticas se utilizan principalmente en el procesamiento de bebidas, vino, refinaci\u00f3n de petr\u00f3leo, cosm\u00e9ticos y industrias qu\u00edmicas.<\/p>\n<p>La v\u00e1lvula de bola sanitaria de triple abrazadera es una v\u00e1lvula de bola sanitaria de tipo manual con extremos de triple abrazadera\/tri-clamp, que se utiliza ampliamente en las industrias de procesamiento de alimentos y bebidas, cervecer\u00eda, refiner\u00eda de petr\u00f3leo, cosm\u00e9tica, farmac\u00e9utica y qu\u00edmica para controlar el flujo medio. El dise\u00f1o de puerto completo la convierte en una opci\u00f3n \u00f3ptima para l\u00edquidos viscosos y con part\u00edculas. La v\u00e1lvula de bola STV-2MMC opera manualmente mediante una manija giratoria de 180\u00b0.<\/p>\n<p>STV Valve Technology Group Co., Ltd es un l\u00edder profesional en China V\u00e1lvula de bola de 2 v\u00edas, v\u00e1lvula de bola sanitaria, v\u00e1lvula de bola de acero inoxidable sanitaria, v\u00e1lvula de bola de acero inoxidable, v\u00e1lvula de bola de soldadura sanitaria Fabricante con alta calidad y precio competitivo.<\/p>","protected":false},"featured_media":5510,"template":"","meta":[],"product_brand":[],"product_cat":[966,969],"product_tag":[1332,1333,1334,1335,686],"class_list":{"0":"post-5506","1":"product","2":"type-product","3":"status-publish","4":"has-post-thumbnail","6":"product_cat-pipe-fitting","7":"product_cat-sanitary-pipe-fitting-and-valves","8":"product_tag-china-2-way-ball-valve","9":"product_tag-sanitary-ball-valve","10":"product_tag-sanitary-stainless-steel-ball-valve","11":"product_tag-sanitary-welding-ball-valve-manufacturer","12":"product_tag-stainless-steel-ball-valve","14":"first","15":"instock","16":"shipping-taxable","17":"product-type-simple"},"_links":{"self":[{"href":"https:\/\/www.stvvalves.com\/es\/wp-json\/wp\/v2\/product\/5506","targetHints":{"allow":["GET"]}}],"collection":[{"href":"https:\/\/www.stvvalves.com\/es\/wp-json\/wp\/v2\/product"}],"about":[{"href":"https:\/\/www.stvvalves.com\/es\/wp-json\/wp\/v2\/types\/product"}],"wp:featuredmedia":[{"embeddable":true,"href":"https:\/\/www.stvvalves.com\/es\/wp-json\/wp\/v2\/media\/5510"}],"wp:attachment":[{"href":"https:\/\/www.stvvalves.com\/es\/wp-json\/wp\/v2\/media?parent=5506"}],"wp:term":[{"taxonomy":"product_brand","embeddable":true,"href":"https:\/\/www.stvvalves.com\/es\/wp-json\/wp\/v2\/product_brand?post=5506"},{"taxonomy":"product_cat","embeddable":true,"href":"https:\/\/www.stvvalves.com\/es\/wp-json\/wp\/v2\/product_cat?post=5506"},{"taxonomy":"product_tag","embeddable":true,"href":"https:\/\/www.stvvalves.com\/es\/wp-json\/wp\/v2\/product_tag?post=5506"}],"curies":[{"name":"wp","href":"https:\/\/api.w.org\/{rel}","templated":true}]}}