{"id":5521,"date":"2019-12-09T01:49:28","date_gmt":"2019-12-09T01:49:28","guid":{"rendered":"https:\/\/www.stvvalves.com\/?post_type=product&#038;p=5521"},"modified":"2025-02-17T18:32:31","modified_gmt":"2025-02-17T10:32:31","slug":"sanitary-3-way-valve-3-port-ball-valve-with-pneumatic-actuator","status":"publish","type":"product","link":"https:\/\/www.stvvalves.com\/es\/products\/sanitary-3-way-valve-3-port-ball-valve-with-pneumatic-actuator\/","title":{"rendered":"V\u00e1lvula sanitaria de 3 v\u00edas, v\u00e1lvula de bola de 3 v\u00edas, con actuador neum\u00e1tico"},"content":{"rendered":"<p>Referencia: ST-V1053-ST-V1054<br \/>\nTama\u00f1os disponibles: 1\u2033 a 4\u2033, DN25 a DN100<br \/>\nConexi\u00f3n final: tri-clamp\/tri-clamp<br \/>\nCuerpo y disco: AISI 304 o 316L, (EN1.4301\/EN1.4404)<br \/>\nAsiento: Tefl\u00f3n (PTFE)<br \/>\nPlan de flujo de 3 v\u00edas: tipo T o tipo L disponibles para elegir<br \/>\nM\u00e1x. Presi\u00f3n de trabajo: 145 psi (10 bar)<br \/>\nOperaci\u00f3n: actuador vertical, material 304, NC\/NO\/AA<br \/>\nPresi\u00f3n de aire del actuador: 58 ~ 102 psi (4 ~ 7 bar)<br \/>\nRango de temperatura: 14\u00b0F ~ 248\u00b0F (-10\u00b0C ~ 120\u00b0C) de forma predeterminada, m\u00e1s alto disponible a pedido.<br \/>\nTratamiento de superficie: Ra 32\u03bcin (0,8\u03bcm) por defecto, Ra 16\u03bcin (0,4\u03bcm) como mejor.<\/p>\n<p><img loading=\"lazy\" decoding=\"async\" class=\"alignleft size-full wp-image-5527\" src=\"https:\/\/www.stvvalves.com\/wp-content\/uploads\/2019\/12\/Sanitary-3-Way-Valve-3-Port-Ball-Valve-With-Pneumatic-Actuator-catalog.jpg\" alt=\"\" width=\"675\" height=\"817\" srcset=\"https:\/\/www.stvvalves.com\/wp-content\/uploads\/2019\/12\/Sanitary-3-Way-Valve-3-Port-Ball-Valve-With-Pneumatic-Actuator-catalog.jpg 675w, https:\/\/www.stvvalves.com\/wp-content\/uploads\/2019\/12\/Sanitary-3-Way-Valve-3-Port-Ball-Valve-With-Pneumatic-Actuator-catalog-600x726.jpg 600w, https:\/\/www.stvvalves.com\/wp-content\/uploads\/2019\/12\/Sanitary-3-Way-Valve-3-Port-Ball-Valve-With-Pneumatic-Actuator-catalog-248x300.jpg 248w, https:\/\/www.stvvalves.com\/wp-content\/uploads\/2019\/12\/Sanitary-3-Way-Valve-3-Port-Ball-Valve-With-Pneumatic-Actuator-catalog-582x705.jpg 582w\" sizes=\"auto, (max-width: 675px) 100vw, 675px\" \/><\/p>","protected":false},"excerpt":{"rendered":"<p>La serie ST-V1053 es una v\u00e1lvula de bola sanitaria de 3 v\u00edas de tipo neum\u00e1tico con extremos de triple abrazadera\/tri-clamp y actuador vertical, que se utiliza ampliamente en las industrias de procesamiento de alimentos y bebidas, cervecer\u00eda, refiner\u00eda de petr\u00f3leo, cosm\u00e9tica, farmac\u00e9utica y qu\u00edmica para controlar el flujo del medio. El dise\u00f1o de puerto completo con restricci\u00f3n cero la convierte en una opci\u00f3n \u00f3ptima para l\u00edquidos viscosos y con part\u00edculas. La v\u00e1lvula de bola ST-V1053 opera autom\u00e1ticamente mediante actuadores verticales.<\/p>\n<p>STV Valve Technology Group Co., Ltd es un l\u00edder profesional en China V\u00e1lvula de bola neum\u00e1tica cuadrada, v\u00e1lvula de bola sanitaria de acero inoxidable, v\u00e1lvula de bola sanitaria de 3 v\u00edas, v\u00e1lvula de bola neum\u00e1tica de 3 v\u00edas, v\u00e1lvula de bola de 3 v\u00edas, v\u00e1lvula de bola sanitaria neum\u00e1tica de 3 v\u00edas Fabricante con alta calidad y precio competitivo<\/p>","protected":false},"featured_media":5522,"template":"","meta":[],"product_brand":[],"product_cat":[966,969],"product_tag":[171,1338,1339,391,1340,1334],"class_list":{"0":"post-5521","1":"product","2":"type-product","3":"status-publish","4":"has-post-thumbnail","6":"product_cat-pipe-fitting","7":"product_cat-sanitary-pipe-fitting-and-valves","8":"product_tag-3-way-ball-valve","9":"product_tag-china-square-pneumatic-ball-valve","10":"product_tag-pneumatic-3-way-ball-valve","11":"product_tag-sanitary-3-way-ball-valve","12":"product_tag-sanitary-pneumatic-3-way-ball-valve-manufacturer","13":"product_tag-sanitary-stainless-steel-ball-valve","15":"first","16":"instock","17":"shipping-taxable","18":"product-type-simple"},"_links":{"self":[{"href":"https:\/\/www.stvvalves.com\/es\/wp-json\/wp\/v2\/product\/5521","targetHints":{"allow":["GET"]}}],"collection":[{"href":"https:\/\/www.stvvalves.com\/es\/wp-json\/wp\/v2\/product"}],"about":[{"href":"https:\/\/www.stvvalves.com\/es\/wp-json\/wp\/v2\/types\/product"}],"wp:featuredmedia":[{"embeddable":true,"href":"https:\/\/www.stvvalves.com\/es\/wp-json\/wp\/v2\/media\/5522"}],"wp:attachment":[{"href":"https:\/\/www.stvvalves.com\/es\/wp-json\/wp\/v2\/media?parent=5521"}],"wp:term":[{"taxonomy":"product_brand","embeddable":true,"href":"https:\/\/www.stvvalves.com\/es\/wp-json\/wp\/v2\/product_brand?post=5521"},{"taxonomy":"product_cat","embeddable":true,"href":"https:\/\/www.stvvalves.com\/es\/wp-json\/wp\/v2\/product_cat?post=5521"},{"taxonomy":"product_tag","embeddable":true,"href":"https:\/\/www.stvvalves.com\/es\/wp-json\/wp\/v2\/product_tag?post=5521"}],"curies":[{"name":"wp","href":"https:\/\/api.w.org\/{rel}","templated":true}]}}