{"id":5528,"date":"2019-12-09T02:15:23","date_gmt":"2019-12-09T02:15:23","guid":{"rendered":"https:\/\/www.stvvalves.com\/?post_type=product&#038;p=5528"},"modified":"2025-08-01T14:37:17","modified_gmt":"2025-08-01T06:37:17","slug":"pneumatic-sanitary-316-ball-valvetri-clamp-end","status":"publish","type":"product","link":"https:\/\/www.stvvalves.com\/es\/products\/pneumatic-sanitary-316-ball-valvetri-clamp-end\/","title":{"rendered":"V\u00e1lvula de bola sanitaria neum\u00e1tica 316, extremo de triple abrazadera"},"content":{"rendered":"<p>Referencia: ST-V1047<br \/>\nTama\u00f1os disponibles: 1\/2\u2033 a 4\u2033, DN15 a DN100<br \/>\nConexi\u00f3n final: tri-clamp\/tri-clamp<br \/>\nCuerpo y disco: AISI 304 o 316L, (EN1.4301\/EN1.4404)<br \/>\nAsiento: Tefl\u00f3n (PTFE)<br \/>\nM\u00e1x. Presi\u00f3n de trabajo: 145 psi (10 bar)<br \/>\nOperaci\u00f3n: actuador horizontal, material de aluminio, NC\/NO\/AA<br \/>\nPresi\u00f3n de aire del actuador: 58 ~ 102 psi (4 ~ 7 bar)<br \/>\nRango de temperatura: 14\u00b0F ~ 248\u00b0F (-10\u00b0C ~ 120\u00b0C) de forma predeterminada, m\u00e1s alto disponible a pedido.<br \/>\nTratamiento de superficie: Ra 32\u03bcin (0,8\u03bcm) por defecto, Ra 16\u03bcin (0,4\u03bcm) como mejor.<\/p>\n<div id=\"attachment_8225\" style=\"width: 732px\" class=\"wp-caption alignnone\"><img loading=\"lazy\" decoding=\"async\" aria-describedby=\"caption-attachment-8225\" class=\"wp-image-8225 size-full\" src=\"https:\/\/www.stvvalves.com\/wp-content\/uploads\/2019\/12\/sanitary-stainless-steel-welding-2-way-ball-valve-catalog.jpg\" alt=\"sanitary stainless steel welding 2 way ball valve catalog\" width=\"722\" height=\"641\" srcset=\"https:\/\/www.stvvalves.com\/wp-content\/uploads\/2019\/12\/sanitary-stainless-steel-welding-2-way-ball-valve-catalog.jpg 722w, https:\/\/www.stvvalves.com\/wp-content\/uploads\/2019\/12\/sanitary-stainless-steel-welding-2-way-ball-valve-catalog-300x266.jpg 300w, https:\/\/www.stvvalves.com\/wp-content\/uploads\/2019\/12\/sanitary-stainless-steel-welding-2-way-ball-valve-catalog-14x12.jpg 14w, https:\/\/www.stvvalves.com\/wp-content\/uploads\/2019\/12\/sanitary-stainless-steel-welding-2-way-ball-valve-catalog-705x626.jpg 705w, https:\/\/www.stvvalves.com\/wp-content\/uploads\/2019\/12\/sanitary-stainless-steel-welding-2-way-ball-valve-catalog-450x400.jpg 450w, https:\/\/www.stvvalves.com\/wp-content\/uploads\/2019\/12\/sanitary-stainless-steel-welding-2-way-ball-valve-catalog-600x533.jpg 600w\" sizes=\"auto, (max-width: 722px) 100vw, 722px\" \/><p id=\"caption-attachment-8225\" class=\"wp-caption-text\">sanitary stainless steel welding 2 way ball valve catalog<\/p><\/div>","protected":false},"excerpt":{"rendered":"<p>La v\u00e1lvula de bola sanitaria 316 neum\u00e1tica ST-V1047, extremo de triple abrazadera es una v\u00e1lvula de bola sanitaria de tipo neum\u00e1tico con extremos de triple abrazadera\/tri-abrazadera y actuador horizontal, que se utiliza ampliamente en el procesamiento de alimentos y bebidas, elaboraci\u00f3n de cerveza, refiner\u00edas de petr\u00f3leo, cosm\u00e9ticos y productos farmac\u00e9uticos. , e industrias qu\u00edmicas para controlar el flujo medio. El dise\u00f1o de puerto completo con restricci\u00f3n cero la convierte en una opci\u00f3n \u00f3ptima para l\u00edquidos viscosos y con part\u00edculas. La v\u00e1lvula de bola ST-V1047 opera autom\u00e1ticamente mediante actuadores de aluminio horizontales.<\/p>\n<p>STV Valve Technology Group Co., Ltd es un l\u00edder profesional en China V\u00e1lvula de bola de 2 v\u00edas, v\u00e1lvula de bola sanitaria, v\u00e1lvula de bola de acero inoxidable sanitaria, v\u00e1lvula de bola de acero inoxidable, v\u00e1lvula de bola sanitaria, v\u00e1lvula de bola neum\u00e1tica, v\u00e1lvula de bola de acero inoxidable, v\u00e1lvula de bola de v\u00eda directa Fabricante con alta calidad y precio competitivo.<\/p>","protected":false},"featured_media":5529,"template":"","meta":[],"product_brand":[],"product_cat":[966,969],"product_tag":[1332,1342,1341,1333,1334,686],"class_list":{"0":"post-5528","1":"product","2":"type-product","3":"status-publish","4":"has-post-thumbnail","6":"product_cat-pipe-fitting","7":"product_cat-sanitary-pipe-fitting-and-valves","8":"product_tag-china-2-way-ball-valve","9":"product_tag-direct-way-ball-valve-manufacturer","10":"product_tag-pneumatic-ball-valve","11":"product_tag-sanitary-ball-valve","12":"product_tag-sanitary-stainless-steel-ball-valve","13":"product_tag-stainless-steel-ball-valve","15":"first","16":"instock","17":"shipping-taxable","18":"product-type-simple"},"_links":{"self":[{"href":"https:\/\/www.stvvalves.com\/es\/wp-json\/wp\/v2\/product\/5528","targetHints":{"allow":["GET"]}}],"collection":[{"href":"https:\/\/www.stvvalves.com\/es\/wp-json\/wp\/v2\/product"}],"about":[{"href":"https:\/\/www.stvvalves.com\/es\/wp-json\/wp\/v2\/types\/product"}],"wp:featuredmedia":[{"embeddable":true,"href":"https:\/\/www.stvvalves.com\/es\/wp-json\/wp\/v2\/media\/5529"}],"wp:attachment":[{"href":"https:\/\/www.stvvalves.com\/es\/wp-json\/wp\/v2\/media?parent=5528"}],"wp:term":[{"taxonomy":"product_brand","embeddable":true,"href":"https:\/\/www.stvvalves.com\/es\/wp-json\/wp\/v2\/product_brand?post=5528"},{"taxonomy":"product_cat","embeddable":true,"href":"https:\/\/www.stvvalves.com\/es\/wp-json\/wp\/v2\/product_cat?post=5528"},{"taxonomy":"product_tag","embeddable":true,"href":"https:\/\/www.stvvalves.com\/es\/wp-json\/wp\/v2\/product_tag?post=5528"}],"curies":[{"name":"wp","href":"https:\/\/api.w.org\/{rel}","templated":true}]}}