{"id":5534,"date":"2019-12-09T02:33:44","date_gmt":"2019-12-09T02:33:44","guid":{"rendered":"https:\/\/www.stvvalves.com\/?post_type=product&#038;p=5534"},"modified":"2025-02-18T14:00:08","modified_gmt":"2025-02-18T06:00:08","slug":"sanitary-3-way-ball-valve-with-pneumatictri-clamp-ends","status":"publish","type":"product","link":"https:\/\/www.stvvalves.com\/es\/products\/sanitary-3-way-ball-valve-with-pneumatictri-clamp-ends\/","title":{"rendered":"V\u00e1lvula de bola sanitaria de 3 v\u00edas con extremos neum\u00e1ticos y de triple abrazadera"},"content":{"rendered":"<p>Referencia: ST-V1053<br \/>\nTama\u00f1os disponibles: 1\u2033 a 4\u2033, DN25 a DN100<br \/>\nConexi\u00f3n final: tri-clamp\/tri-clamp<br \/>\nCuerpo y disco: AISI 304 o 316L, (EN1.4301\/EN1.4404)<br \/>\nAsiento: Tefl\u00f3n encapsulado (PTFE)<br \/>\nPlan de flujo de 3 v\u00edas: tipo T o tipo L disponibles para elegir<br \/>\nM\u00e1x. Presi\u00f3n de trabajo: 145 psi (10 bar)<br \/>\nOperaci\u00f3n: actuador horizontal, material de aluminio, AA\/NC\/NO<br \/>\nPresi\u00f3n de aire del actuador: 58 ~ 102 psi (4 ~ 7 bar)<br \/>\nRango de temperatura: 14\u00b0F ~ 248\u00b0F (-10\u00b0C ~ 120\u00b0C) de forma predeterminada, m\u00e1s alto disponible a pedido.<br \/>\nTratamiento de superficie: Ra 32\u03bcin (0,8\u03bcm) por defecto, Ra 16\u03bcin (0,4\u03bcm) como mejor<\/p>\n<p><img loading=\"lazy\" decoding=\"async\" class=\"alignleft size-full wp-image-5527\" src=\"https:\/\/www.stvvalves.com\/wp-content\/uploads\/2019\/12\/Sanitary-3-Way-Valve-3-Port-Ball-Valve-With-Pneumatic-Actuator-catalog.jpg\" alt=\"\" width=\"675\" height=\"817\" srcset=\"https:\/\/www.stvvalves.com\/wp-content\/uploads\/2019\/12\/Sanitary-3-Way-Valve-3-Port-Ball-Valve-With-Pneumatic-Actuator-catalog.jpg 675w, https:\/\/www.stvvalves.com\/wp-content\/uploads\/2019\/12\/Sanitary-3-Way-Valve-3-Port-Ball-Valve-With-Pneumatic-Actuator-catalog-600x726.jpg 600w, https:\/\/www.stvvalves.com\/wp-content\/uploads\/2019\/12\/Sanitary-3-Way-Valve-3-Port-Ball-Valve-With-Pneumatic-Actuator-catalog-248x300.jpg 248w, https:\/\/www.stvvalves.com\/wp-content\/uploads\/2019\/12\/Sanitary-3-Way-Valve-3-Port-Ball-Valve-With-Pneumatic-Actuator-catalog-582x705.jpg 582w\" sizes=\"auto, (max-width: 675px) 100vw, 675px\" \/><\/p>\n<p>&nbsp;<\/p>","protected":false},"excerpt":{"rendered":"<p>La serie SV-2PEBC-H-3W es una v\u00e1lvula de bola sanitaria de 3 v\u00edas de tipo neum\u00e1tico con extremos de triple abrazadera y asiento de PTFE encapsulado, que se utiliza ampliamente en el procesamiento de alimentos y bebidas, elaboraci\u00f3n de cerveza, refiner\u00edas de petr\u00f3leo, cosm\u00e9ticos y productos farmac\u00e9uticos. , e industrias qu\u00edmicas para controlar el flujo medio. El dise\u00f1o de puerto completo con restricci\u00f3n cero la convierte en una opci\u00f3n \u00f3ptima para l\u00edquidos viscosos y con part\u00edculas. La v\u00e1lvula de bola SV-2PFC-H-3W opera autom\u00e1ticamente mediante actuadores horizontales.<\/p>\n<p>STV Valve Technology Group Co., Ltd es un l\u00edder profesional en China V\u00e1lvula de bola neum\u00e1tica cuadrada, v\u00e1lvula de bola sanitaria de acero inoxidable, v\u00e1lvula de bola sanitaria de 3 v\u00edas, v\u00e1lvula de bola neum\u00e1tica de 3 v\u00edas, v\u00e1lvula de bola de 3 v\u00edas, v\u00e1lvula de bola sanitaria sanitaria de 3 v\u00edas Fabricaci\u00f3n con alta Calidad y precio competitivo.<\/p>","protected":false},"featured_media":5535,"template":"","meta":[],"product_brand":[],"product_cat":[966,969],"product_tag":[171,1339,391,1344,1334,1343],"class_list":{"0":"post-5534","1":"product","2":"type-product","3":"status-publish","4":"has-post-thumbnail","6":"product_cat-pipe-fitting","7":"product_cat-sanitary-pipe-fitting-and-valves","8":"product_tag-3-way-ball-valve","9":"product_tag-pneumatic-3-way-ball-valve","10":"product_tag-sanitary-3-way-ball-valve","11":"product_tag-sanitary-pneumatic-3-way-ball-valve","12":"product_tag-sanitary-stainless-steel-ball-valve","13":"product_tag-square-pneumatic-ball-valve","15":"first","16":"instock","17":"shipping-taxable","18":"product-type-simple"},"_links":{"self":[{"href":"https:\/\/www.stvvalves.com\/es\/wp-json\/wp\/v2\/product\/5534","targetHints":{"allow":["GET"]}}],"collection":[{"href":"https:\/\/www.stvvalves.com\/es\/wp-json\/wp\/v2\/product"}],"about":[{"href":"https:\/\/www.stvvalves.com\/es\/wp-json\/wp\/v2\/types\/product"}],"wp:featuredmedia":[{"embeddable":true,"href":"https:\/\/www.stvvalves.com\/es\/wp-json\/wp\/v2\/media\/5535"}],"wp:attachment":[{"href":"https:\/\/www.stvvalves.com\/es\/wp-json\/wp\/v2\/media?parent=5534"}],"wp:term":[{"taxonomy":"product_brand","embeddable":true,"href":"https:\/\/www.stvvalves.com\/es\/wp-json\/wp\/v2\/product_brand?post=5534"},{"taxonomy":"product_cat","embeddable":true,"href":"https:\/\/www.stvvalves.com\/es\/wp-json\/wp\/v2\/product_cat?post=5534"},{"taxonomy":"product_tag","embeddable":true,"href":"https:\/\/www.stvvalves.com\/es\/wp-json\/wp\/v2\/product_tag?post=5534"}],"curies":[{"name":"wp","href":"https:\/\/api.w.org\/{rel}","templated":true}]}}