{"id":5540,"date":"2019-12-09T03:10:10","date_gmt":"2019-12-09T03:10:10","guid":{"rendered":"https:\/\/www.stvvalves.com\/?post_type=product&#038;p=5540"},"modified":"2025-02-18T13:59:50","modified_gmt":"2025-02-18T05:59:50","slug":"sanitary-butterfly-valve-with-pneumatic-operated-actuatorbutt-weld-ends","status":"publish","type":"product","link":"https:\/\/www.stvvalves.com\/es\/products\/sanitary-butterfly-valve-with-pneumatic-operated-actuatorbutt-weld-ends\/","title":{"rendered":"V\u00e1lvula de mariposa sanitaria con actuador neum\u00e1tico, extremos soldados a tope"},"content":{"rendered":"<p>Referencia: ST-V1001<br \/>\nTama\u00f1os disponibles: 1\/2\u2033 a 12\u2033 (DN10 \u2013 DN300)<br \/>\nConexi\u00f3n final: soldada a tope\/soldada a tope<br \/>\nCuerpo y disco: AISI 304 o 316L, (EN1.4301\/EN1.4404)<br \/>\nAsiento: EPDM, VMQ (Silicona) o Viton (FPM), aprobado por la FDA.<br \/>\nM\u00e1x. Presi\u00f3n de trabajo: 145 psi (10 bar)<br \/>\nRango de temperatura: 14\u00b0F ~ 248\u00b0F (-10\u00b0C ~ 120\u00b0C) de forma predeterminada, m\u00e1s alto disponible a pedido.<br \/>\nOperaci\u00f3n: actuador neum\u00e1tico, 304SS, tipo vertical, NC\/NO\/AA.<br \/>\nPresi\u00f3n de aire del actuador: 58 ~ 102 psi (4 ~ 7 bar)<br \/>\nTratamiento de superficie: Ra 32\u03bcin (0,8\u03bcm) por defecto, Ra 16\u03bcin (0,4\u03bcm) como mejor.<\/p>\n<p><img loading=\"lazy\" decoding=\"async\" class=\"alignleft size-full wp-image-5541\" src=\"https:\/\/www.stvvalves.com\/wp-content\/uploads\/2019\/12\/Sanitary-Butterfly-Valve-with-Pneumatic-Operated-Actuator-Butt-weld-Ends-catalog.jpg\" alt=\"\" width=\"730\" height=\"773\" srcset=\"https:\/\/www.stvvalves.com\/wp-content\/uploads\/2019\/12\/Sanitary-Butterfly-Valve-with-Pneumatic-Operated-Actuator-Butt-weld-Ends-catalog.jpg 730w, https:\/\/www.stvvalves.com\/wp-content\/uploads\/2019\/12\/Sanitary-Butterfly-Valve-with-Pneumatic-Operated-Actuator-Butt-weld-Ends-catalog-600x635.jpg 600w, https:\/\/www.stvvalves.com\/wp-content\/uploads\/2019\/12\/Sanitary-Butterfly-Valve-with-Pneumatic-Operated-Actuator-Butt-weld-Ends-catalog-283x300.jpg 283w, https:\/\/www.stvvalves.com\/wp-content\/uploads\/2019\/12\/Sanitary-Butterfly-Valve-with-Pneumatic-Operated-Actuator-Butt-weld-Ends-catalog-666x705.jpg 666w\" sizes=\"auto, (max-width: 730px) 100vw, 730px\" \/><\/p>\n<p>&nbsp;<\/p>","protected":false},"excerpt":{"rendered":"<p>La serie ST-V1001 es una v\u00e1lvula de mariposa sanitaria de tipo neum\u00e1tico con extremos soldados a tope\/soldados a tope, que se usa ampliamente en sistemas de tuber\u00edas de proceso para aislamiento y control. La v\u00e1lvula de mariposa ST-V1001 funciona autom\u00e1ticamente.<\/p>\n<p>La v\u00e1lvula de mariposa sanitaria se puede accionar de forma manual o neum\u00e1tica. Existe una amplia gama de controles manuales para cumplir con los diferentes requisitos del sistema. Los controles neum\u00e1ticos pueden ser horizontales y verticales, de simple, doble efecto y modulantes. Se pueden equipar con tapas de control y proximidad. Se aplica ampliamente a muchos campos, como cerveza, bebidas, productos l\u00e1cteos, jugos de frutas, farmacia, productos biol\u00f3gicos, etc.<\/p>\n<p>STV Valve Technology Group Co., Ltd es un l\u00edder profesional en China V\u00e1lvula de mariposa higi\u00e9nica, v\u00e1lvula de mariposa sanitaria de acero inoxidable, v\u00e1lvula de mariposa sanitaria con actuador, v\u00e1lvulas de mariposa sanitarias, v\u00e1lvula de mariposa higi\u00e9nica con actuador de aluminio con actuador Fabricantes con alta calidad y precio competitivo<\/p>","protected":false},"featured_media":5542,"template":"","meta":[],"product_brand":[],"product_cat":[966,969],"product_tag":[1349,1345,1347,1348,1346],"class_list":{"0":"post-5540","1":"product","2":"type-product","3":"status-publish","4":"has-post-thumbnail","6":"product_cat-pipe-fitting","7":"product_cat-sanitary-pipe-fitting-and-valves","8":"product_tag-aluminum-actuator-hygienic-butterfly-valve-with-actuator-manufacturers","9":"product_tag-china-hygienic-butterfly-valve","10":"product_tag-sanitary-butterfly-valve-with-actuator","11":"product_tag-sanitary-butterfly-valves","12":"product_tag-sanitary-stainless-steel-butterfly-valve","14":"first","15":"instock","16":"shipping-taxable","17":"product-type-simple"},"_links":{"self":[{"href":"https:\/\/www.stvvalves.com\/es\/wp-json\/wp\/v2\/product\/5540","targetHints":{"allow":["GET"]}}],"collection":[{"href":"https:\/\/www.stvvalves.com\/es\/wp-json\/wp\/v2\/product"}],"about":[{"href":"https:\/\/www.stvvalves.com\/es\/wp-json\/wp\/v2\/types\/product"}],"wp:featuredmedia":[{"embeddable":true,"href":"https:\/\/www.stvvalves.com\/es\/wp-json\/wp\/v2\/media\/5542"}],"wp:attachment":[{"href":"https:\/\/www.stvvalves.com\/es\/wp-json\/wp\/v2\/media?parent=5540"}],"wp:term":[{"taxonomy":"product_brand","embeddable":true,"href":"https:\/\/www.stvvalves.com\/es\/wp-json\/wp\/v2\/product_brand?post=5540"},{"taxonomy":"product_cat","embeddable":true,"href":"https:\/\/www.stvvalves.com\/es\/wp-json\/wp\/v2\/product_cat?post=5540"},{"taxonomy":"product_tag","embeddable":true,"href":"https:\/\/www.stvvalves.com\/es\/wp-json\/wp\/v2\/product_tag?post=5540"}],"curies":[{"name":"wp","href":"https:\/\/api.w.org\/{rel}","templated":true}]}}