{"id":5546,"date":"2019-12-09T06:54:04","date_gmt":"2019-12-09T06:54:04","guid":{"rendered":"https:\/\/www.stvvalves.com\/?post_type=product&#038;p=5546"},"modified":"2025-02-18T13:59:49","modified_gmt":"2025-02-18T05:59:49","slug":"sanitary-304-y-type-strainerdn50clamp-end","status":"publish","type":"product","link":"https:\/\/www.stvvalves.com\/es\/products\/sanitary-304-y-type-strainerdn50clamp-end\/","title":{"rendered":"Filtro sanitario tipo Y 304, DN50, extremo de abrazadera"},"content":{"rendered":"<p>Referencia: ST-V1087<br \/>\nTama\u00f1os disponibles: 1\u2033-6\u2033 (DN25-DN150)<br \/>\nMaterial de la carcasa: AISI 304 o AISI 316L<br \/>\nMaterial de la junta: EPDM, silicona, Viton (FPM)<br \/>\nConexiones finales: soldadas a tope, tri-clamp, roscadas<br \/>\nTama\u00f1os de malla: de 0,5 mm a 2,0 mm<br \/>\nCriba: desde malla 30 hasta malla 300<br \/>\nM\u00e1x. Presi\u00f3n de trabajo: 145 psi (10 bar)<br \/>\nRango de temperatura: 14\u00b0F ~ 248\u00b0F (-10\u00b0C ~ 120\u00b0C)<br \/>\nTratamiento de superficie: Ra 16 ~ 32 \u00b5in (0,4 ~ 0,8 \u00b5m), Ra 32 \u00b5in por defecto<br \/>\nFiltro tipo Y: no es necesario desmontarlo de la tuber\u00eda, simplemente afloje la abrazadera o la tuerca y luego la malla se puede quitar f\u00e1cilmente.<\/p>\n<p><img loading=\"lazy\" decoding=\"async\" class=\"alignleft size-full wp-image-5547\" src=\"https:\/\/www.stvvalves.com\/wp-content\/uploads\/2019\/12\/Sanitary-304-Y-Type-Strainer-DN50-Clamp-End-Catalog.jpg\" alt=\"\" width=\"701\" height=\"613\" srcset=\"https:\/\/www.stvvalves.com\/wp-content\/uploads\/2019\/12\/Sanitary-304-Y-Type-Strainer-DN50-Clamp-End-Catalog.jpg 701w, https:\/\/www.stvvalves.com\/wp-content\/uploads\/2019\/12\/Sanitary-304-Y-Type-Strainer-DN50-Clamp-End-Catalog-600x525.jpg 600w, https:\/\/www.stvvalves.com\/wp-content\/uploads\/2019\/12\/Sanitary-304-Y-Type-Strainer-DN50-Clamp-End-Catalog-300x262.jpg 300w\" sizes=\"auto, (max-width: 701px) 100vw, 701px\" \/><\/p>\n<p>&nbsp;<\/p>","protected":false},"excerpt":{"rendered":"<p>El filtro sanitario en Y ST-V1087 se utiliza para eliminar las part\u00edculas peque\u00f1as de compresores, bombas, medidores y algunos otros equipos. Cuando los l\u00edquidos fluyen a trav\u00e9s de la pantalla, las impurezas pueden retenerse y luego los l\u00edquidos puros salen por la salida. Si es necesario limpiarlo, simplemente saque el cartucho y vuelva a colocarlo despu\u00e9s de la limpieza, es muy conveniente para su uso y mantenimiento.<\/p>\n<p>Los filtros tienen un dise\u00f1o compacto, gran potencia de filtrado, da\u00f1os peque\u00f1os y precios favorables. Se utilizan ampliamente en las industrias de alimentos, bebidas, l\u00e1cteos y farmac\u00e9utica.<\/p>\n<p>STV Valve Technology Group Co., Ltd es un l\u00edder profesional en China, fabricantes de filtros sanitarios, filtros de abrazadera sanitaria, filtros de acero inoxidable, filtros sanitarios tipo Y, filtros de abrazadera tipo Y con alta calidad y precios competitivos.<\/p>","protected":false},"featured_media":5548,"template":"","meta":[],"product_brand":[],"product_cat":[966,969],"product_tag":[1350,1353,1351,1352,255],"class_list":{"0":"post-5546","1":"product","2":"type-product","3":"status-publish","4":"has-post-thumbnail","6":"product_cat-pipe-fitting","7":"product_cat-sanitary-pipe-fitting-and-valves","8":"product_tag-china-sanitary-strainer","9":"product_tag-clamp-y-type-strainer-manufacturers","10":"product_tag-sanitary-clamp-strainer","11":"product_tag-sanitary-y-type-strainer","12":"product_tag-stainless-steel-strainer","14":"first","15":"instock","16":"shipping-taxable","17":"product-type-simple"},"_links":{"self":[{"href":"https:\/\/www.stvvalves.com\/es\/wp-json\/wp\/v2\/product\/5546","targetHints":{"allow":["GET"]}}],"collection":[{"href":"https:\/\/www.stvvalves.com\/es\/wp-json\/wp\/v2\/product"}],"about":[{"href":"https:\/\/www.stvvalves.com\/es\/wp-json\/wp\/v2\/types\/product"}],"wp:featuredmedia":[{"embeddable":true,"href":"https:\/\/www.stvvalves.com\/es\/wp-json\/wp\/v2\/media\/5548"}],"wp:attachment":[{"href":"https:\/\/www.stvvalves.com\/es\/wp-json\/wp\/v2\/media?parent=5546"}],"wp:term":[{"taxonomy":"product_brand","embeddable":true,"href":"https:\/\/www.stvvalves.com\/es\/wp-json\/wp\/v2\/product_brand?post=5546"},{"taxonomy":"product_cat","embeddable":true,"href":"https:\/\/www.stvvalves.com\/es\/wp-json\/wp\/v2\/product_cat?post=5546"},{"taxonomy":"product_tag","embeddable":true,"href":"https:\/\/www.stvvalves.com\/es\/wp-json\/wp\/v2\/product_tag?post=5546"}],"curies":[{"name":"wp","href":"https:\/\/api.w.org\/{rel}","templated":true}]}}