{"id":5560,"date":"2020-03-05T02:58:31","date_gmt":"2020-03-05T02:58:31","guid":{"rendered":"https:\/\/www.stvvalves.com\/?post_type=product&#038;p=5560"},"modified":"2024-12-25T14:58:28","modified_gmt":"2024-12-25T06:58:28","slug":"pneumatic-angle-seat-valve-cf8m-bspt-end","status":"publish","type":"product","link":"https:\/\/www.stvvalves.com\/es\/products\/pneumatic-angle-seat-valve-cf8m-bspt-end\/","title":{"rendered":"V\u00e1lvula neum\u00e1tica de asiento en \u00e1ngulo, CF8M, extremo Bspt"},"content":{"rendered":"<p>V\u00e1lvula neum\u00e1tica de asiento en \u00e1ngulo<\/p>\n<p>Datos t\u00e9cnicos:<br \/>\nPresi\u00f3n de fluido: m\u00e1x. \u00d7 1,6 MPa (232 psi)<br \/>\nPresi\u00f3n de control: 0,3-0,8 MPa (43,5-116 psi)<br \/>\nFluido de control: gas neutro, aire<br \/>\nTama\u00f1o del actuador: 27 mm, 32 mm, 40 mm, 50 mm, 63 mm, 80 mm, 100 mm, 125 mm<br \/>\nFluido aplicable: agua, alcohol, aceite, tinte, vapor, gas o l\u00edquido neutro, disolvente org\u00e1nico, \u00e1cido y lej\u00eda.<br \/>\nTemperatura del fluido: -10 \u2103 - + 180 \u2103, 25 \u2103 - + 220 \u2103<br \/>\nTemperatura ambiente: -10 \u2103 -+80 \u2103<br \/>\nTipo de control: Normalmente cerrado, Normalmente abierto, Doble efecto<br \/>\nConexi\u00f3n: Roscada (BSP.BSPT, NPT), soldada, bridada, Tri-clamp<\/p>\n<p>Materiales principales:<br \/>\nMaterial del cuerpo: CF8M (SS316), CF8 (SS304)<br \/>\nMaterial de los sellos: PTFE<br \/>\nMaterial del actuador: CF8 (SS304)<\/p>\n<p>Aplicaciones:<br \/>\nMaquinaria de llenado de cerveza y bebidas<br \/>\nImpresi\u00f3n y te\u00f1ido de textiles<br \/>\nIndustria del gas<br \/>\nFarmacia y equipo m\u00e9dico<br \/>\nIndustria qu\u00edmica<br \/>\nDesinfecci\u00f3n<br \/>\nEquipo de espuma<br \/>\nEliminaci\u00f3n de agua\/alcantarillado<\/p>\n<p>Ventajas:<br \/>\n1. Flujo grande, baja resistencia, sin martillo de ariete. La forma tipo Y ampli\u00f3 la secci\u00f3n de flujo, lo que podr\u00eda aumentar el flujo en 30% y hacer que el flujo sea m\u00e1s suave.<br \/>\n2. Vida s\u00faper larga.<br \/>\n3.Que ayudan al v\u00e1stago a ajustarse y lubricarse autom\u00e1ticamente.<br \/>\n4.El material del cilindro es acero inoxidable. Se lubrica autom\u00e1ticamente, gira 360 grados libremente. V\u00e1lvula de asiento en \u00e1ngulo neum\u00e1tica roscada de China, v\u00e1lvula de asiento en \u00e1ngulo neum\u00e1tica soldada, v\u00e1lvula de asiento en \u00e1ngulo neum\u00e1tica de acero inoxidable, v\u00e1lvula de asiento en \u00e1ngulo neum\u00e1tica con extremo bridado, v\u00e1lvula de asiento en \u00e1ngulo neum\u00e1tica con triple abrazadera<\/p>\n<table>\n<tbody>\n<tr>\n<td width=\"200\"><strong>nombre del producto<\/strong><\/td>\n<td width=\"481\">V\u00e1lvula neum\u00e1tica de asiento en \u00e1ngulo, CF8M, extremo Bspt<\/td>\n<\/tr>\n<tr>\n<td width=\"200\">1. Materiales<\/td>\n<td width=\"481\">CF8M<\/td>\n<\/tr>\n<tr>\n<td width=\"200\">2. Tama\u00f1o<\/td>\n<td width=\"481\">2\u201d<\/td>\n<\/tr>\n<tr>\n<td width=\"200\">4. Puerto<\/td>\n<td width=\"481\">Puerto lleno<\/td>\n<\/tr>\n<tr>\n<td width=\"200\">5. Presi\u00f3n de trabajo<\/td>\n<td width=\"481\">800wog<\/td>\n<\/tr>\n<tr>\n<td width=\"200\">6. La conexi\u00f3n finaliza<\/td>\n<td width=\"481\">TNP<\/td>\n<\/tr>\n<tr>\n<td width=\"200\">7. Temperatura de trabajo.<\/td>\n<td width=\"481\">-29~120\u00baC,<\/td>\n<\/tr>\n<tr>\n<td width=\"200\">8. Medio adecuado<\/td>\n<td width=\"481\">Agua, Gas Natural, Petr\u00f3leo y alg\u00fan l\u00edquido corrosivo<\/td>\n<\/tr>\n<tr>\n<td width=\"200\">9. Operado<\/td>\n<td width=\"481\">\/<\/td>\n<\/tr>\n<tr>\n<td width=\"200\">10. Inspecci\u00f3n y pruebas<\/td>\n<td width=\"481\">Seg\u00fan API598<\/td>\n<\/tr>\n<tr>\n<td width=\"200\"><strong>Env\u00edo<\/strong><\/td>\n<td width=\"481\"><\/td>\n<\/tr>\n<tr>\n<td width=\"200\">El tiempo de entrega<\/td>\n<td width=\"481\">30 dias<\/td>\n<\/tr>\n<tr>\n<td width=\"200\">Paquete<\/td>\n<td width=\"481\">Caja de madera contrachapada de exportaci\u00f3n est\u00e1ndar<\/td>\n<\/tr>\n<tr>\n<td width=\"200\">Puerto de embarque<\/td>\n<td width=\"481\">Ningbo\/Shangh\u00e1i, China<\/td>\n<\/tr>\n<tr>\n<td width=\"200\">Condiciones de env\u00edo<\/td>\n<td width=\"481\">Exw, MANDO, CFR, CIF, etc.<\/td>\n<\/tr>\n<tr>\n<td width=\"200\">T\u00e9rminos de pago<\/td>\n<td width=\"481\">T\/T, Western Union, PayPal, etc.<\/td>\n<\/tr>\n<tr>\n<td width=\"200\"><\/td>\n<td width=\"481\">Pago anticipado de 30%, saldo de 70% pagado antes del env\u00edo<\/td>\n<\/tr>\n<tr>\n<td width=\"200\">Pa\u00eds de origen<\/td>\n<td width=\"481\">Ciudad de Wenzhou, China<\/td>\n<\/tr>\n<tr>\n<td width=\"200\">Capacidad de producci\u00f3n<\/td>\n<td width=\"481\">6000 toneladas\/a\u00f1o<\/td>\n<\/tr>\n<tr>\n<td width=\"200\">Cantidad m\u00ednima de pedido<\/td>\n<td width=\"481\">1 unidad\/tama\u00f1o<\/td>\n<\/tr>\n<\/tbody>\n<\/table>","protected":false},"excerpt":{"rendered":"<p>La v\u00e1lvula de asiento en \u00e1ngulo puede ahorrar espacio manteniendo el caudal. A menudo debe estar abierto o cerrado cuando se utiliza.<br \/>\nLa v\u00e1lvula de asiento inclinado se usa ampliamente en arranques frecuentes en poco tiempo, que tiene las caracter\u00edsticas de reacci\u00f3n sensible y acci\u00f3n precisa.<br \/>\nCon el uso de la v\u00e1lvula solenoide, el flujo de gas y l\u00edquido se puede controlar con precisi\u00f3n mediante control neum\u00e1tico. Puede cumplir con los requisitos de control preciso de la temperatura, ca\u00edda de l\u00edquido, etc.<\/p>\n<p>STV Valve Technology Group Co., Limited es un l\u00edder profesional en China V\u00e1lvula de asiento en \u00e1ngulo neum\u00e1tica roscada, v\u00e1lvula de asiento en \u00e1ngulo neum\u00e1tica soldada, v\u00e1lvula de asiento en \u00e1ngulo neum\u00e1tica de acero inoxidable, v\u00e1lvula de asiento en \u00e1ngulo neum\u00e1tica con extremo bridado, v\u00e1lvula de asiento en \u00e1ngulo neum\u00e1tica con triple abrazadera Fabricante con alta calidad y precio competitivo.<\/p>\n<p>Comun\u00edquese con nuestro sales@stvvalve.com para obtener otros materiales y detalles.<\/p>\n<p>Hoja de fecha:<br \/>\nV\u00e1lvula neum\u00e1tica de asiento en \u00e1ngulo, CF8M, extremo Bspt<\/p>","protected":false},"featured_media":5566,"template":"","meta":[],"product_brand":[],"product_cat":[45,189],"product_tag":[1359,1358,1356,1360,1357],"class_list":{"0":"post-5560","1":"product","2":"type-product","3":"status-publish","4":"has-post-thumbnail","6":"product_cat-globe-valve","7":"product_cat-stainless-steel-globe-valve","8":"product_tag-flanged-end-pneumatic-angle-seat-valve","9":"product_tag-stainless-steel-pneumatic-angle-seat-valve","10":"product_tag-threaded-pneumatic-angle-seat-valve","11":"product_tag-tri-clamp-pneumatic-angle-seat-valve","12":"product_tag-welded-pneumatic-angle-seat-valve","14":"first","15":"instock","16":"shipping-taxable","17":"product-type-simple"},"_links":{"self":[{"href":"https:\/\/www.stvvalves.com\/es\/wp-json\/wp\/v2\/product\/5560","targetHints":{"allow":["GET"]}}],"collection":[{"href":"https:\/\/www.stvvalves.com\/es\/wp-json\/wp\/v2\/product"}],"about":[{"href":"https:\/\/www.stvvalves.com\/es\/wp-json\/wp\/v2\/types\/product"}],"wp:featuredmedia":[{"embeddable":true,"href":"https:\/\/www.stvvalves.com\/es\/wp-json\/wp\/v2\/media\/5566"}],"wp:attachment":[{"href":"https:\/\/www.stvvalves.com\/es\/wp-json\/wp\/v2\/media?parent=5560"}],"wp:term":[{"taxonomy":"product_brand","embeddable":true,"href":"https:\/\/www.stvvalves.com\/es\/wp-json\/wp\/v2\/product_brand?post=5560"},{"taxonomy":"product_cat","embeddable":true,"href":"https:\/\/www.stvvalves.com\/es\/wp-json\/wp\/v2\/product_cat?post=5560"},{"taxonomy":"product_tag","embeddable":true,"href":"https:\/\/www.stvvalves.com\/es\/wp-json\/wp\/v2\/product_tag?post=5560"}],"curies":[{"name":"wp","href":"https:\/\/api.w.org\/{rel}","templated":true}]}}