{"id":5574,"date":"2020-03-09T02:16:41","date_gmt":"2020-03-09T02:16:41","guid":{"rendered":"https:\/\/www.stvvalves.com\/?post_type=product&#038;p=5574"},"modified":"2025-03-23T20:27:36","modified_gmt":"2025-03-23T12:27:36","slug":"stainless-steel-double-window-sight-glass-flanged-type","status":"publish","type":"product","link":"https:\/\/www.stvvalves.com\/es\/products\/stainless-steel-double-window-sight-glass-flanged-type\/","title":{"rendered":"Mirilla de ventana doble de acero inoxidable, tipo con brida"},"content":{"rendered":"<p>1\/2\u2033~4\u2033 (DN15~DN100)<br \/>\nMaterial:WCB\/304\/316<br \/>\nWP: PN16 CLASE 150 JIS 10K<br \/>\nPeso: -20 \u2103 ~ 200 \u2103 (-4 \u2109 ~ 392 \u2109)<br \/>\nFundici\u00f3n a la cera perdida<br \/>\nCara a cara: DIN 3202 Parte 1-F1\/ANSI 150LB\/JIS10K<\/p>\n<p><img loading=\"lazy\" decoding=\"async\" class=\"alignleft size-full wp-image-5575\" src=\"https:\/\/www.stvvalves.com\/wp-content\/uploads\/2020\/03\/Stainless-Steel-Double-Window-Sight-Glass-Flanged-Type-drawing-rotated.jpg\" alt=\"\" width=\"2338\" height=\"1653\" srcset=\"https:\/\/www.stvvalves.com\/wp-content\/uploads\/2020\/03\/Stainless-Steel-Double-Window-Sight-Glass-Flanged-Type-drawing-rotated.jpg 2338w, https:\/\/www.stvvalves.com\/wp-content\/uploads\/2020\/03\/Stainless-Steel-Double-Window-Sight-Glass-Flanged-Type-drawing-600x424.jpg 600w, https:\/\/www.stvvalves.com\/wp-content\/uploads\/2020\/03\/Stainless-Steel-Double-Window-Sight-Glass-Flanged-Type-drawing-300x212.jpg 300w, https:\/\/www.stvvalves.com\/wp-content\/uploads\/2020\/03\/Stainless-Steel-Double-Window-Sight-Glass-Flanged-Type-drawing-1030x728.jpg 1030w, https:\/\/www.stvvalves.com\/wp-content\/uploads\/2020\/03\/Stainless-Steel-Double-Window-Sight-Glass-Flanged-Type-drawing-768x543.jpg 768w, https:\/\/www.stvvalves.com\/wp-content\/uploads\/2020\/03\/Stainless-Steel-Double-Window-Sight-Glass-Flanged-Type-drawing-1536x1086.jpg 1536w, https:\/\/www.stvvalves.com\/wp-content\/uploads\/2020\/03\/Stainless-Steel-Double-Window-Sight-Glass-Flanged-Type-drawing-2048x1448.jpg 2048w, https:\/\/www.stvvalves.com\/wp-content\/uploads\/2020\/03\/Stainless-Steel-Double-Window-Sight-Glass-Flanged-Type-drawing-1500x1061.jpg 1500w, https:\/\/www.stvvalves.com\/wp-content\/uploads\/2020\/03\/Stainless-Steel-Double-Window-Sight-Glass-Flanged-Type-drawing-260x185.jpg 260w, https:\/\/www.stvvalves.com\/wp-content\/uploads\/2020\/03\/Stainless-Steel-Double-Window-Sight-Glass-Flanged-Type-drawing-705x498.jpg 705w\" sizes=\"auto, (max-width: 2338px) 100vw, 2338px\" \/><\/p>","protected":false},"excerpt":{"rendered":"<p>La mirilla de doble ventana de acero inoxidable es uno de los principales accesorios del dispositivo de tuber\u00eda industrial. En tuber\u00edas de dispositivos de producci\u00f3n industrial como petr\u00f3leo, industria qu\u00edmica, medicina, alimentos, etc., la mirilla puede observar el flujo y la reacci\u00f3n del l\u00edquido, gas, vapor y otros medios en la tuber\u00eda en cualquier momento, para monitorear la producci\u00f3n y evitar accidentes en el proceso de producci\u00f3n. De acuerdo con los diferentes requisitos, podemos dividir el espejo recto en tipo b\u00e1sico, tipo de impulsor, tipo de bola flotante y tipo de placa oscilante.<\/p>\n<p>STV Valve Technology Group Co., Ltd es un l\u00edder profesional en China mirilla de nivel de acero inoxidable, mirilla con bridas de acero inoxidable, mirilla de aceite de acero inoxidable, mirilla de acero inoxidable 1\/2, mirilla sanitaria de acero inoxidable, mirilla roscada de acero inoxidable Fabricante con alta calidad y precio competitivo.<\/p>\n<p>Comun\u00edquese con nuestro sales@stvvalve.com para obtener otros materiales y detalles.<br \/>\n<a href=\"https:\/\/www.stvvalves.com\/wp-content\/uploads\/2020\/03\/Stainless-Steel-Double-Window-Sight-Glass-Flanged-Type-drawing.pdf\">Mirilla de ventana doble de acero inoxidable, tipo con brida<\/a><\/p>\n<p>&nbsp;<\/p>","protected":false},"featured_media":5576,"template":"","meta":[],"product_brand":[],"product_cat":[966,969],"product_tag":[1364,1362,1361,1363,1365,1366],"class_list":{"0":"post-5574","1":"product","2":"type-product","3":"status-publish","4":"has-post-thumbnail","6":"product_cat-pipe-fitting","7":"product_cat-sanitary-pipe-fitting-and-valves","8":"product_tag-1-2-stainless-steel-sight-glass","9":"product_tag-stainless-steel-flanged-sight-glass","10":"product_tag-stainless-steel-level-sight-glass","11":"product_tag-stainless-steel-oil-sight-glass","12":"product_tag-stainless-steel-sanitary-sight-glass","13":"product_tag-stainless-steel-threaded-sight-glass","15":"first","16":"instock","17":"shipping-taxable","18":"product-type-simple"},"_links":{"self":[{"href":"https:\/\/www.stvvalves.com\/es\/wp-json\/wp\/v2\/product\/5574","targetHints":{"allow":["GET"]}}],"collection":[{"href":"https:\/\/www.stvvalves.com\/es\/wp-json\/wp\/v2\/product"}],"about":[{"href":"https:\/\/www.stvvalves.com\/es\/wp-json\/wp\/v2\/types\/product"}],"wp:featuredmedia":[{"embeddable":true,"href":"https:\/\/www.stvvalves.com\/es\/wp-json\/wp\/v2\/media\/5576"}],"wp:attachment":[{"href":"https:\/\/www.stvvalves.com\/es\/wp-json\/wp\/v2\/media?parent=5574"}],"wp:term":[{"taxonomy":"product_brand","embeddable":true,"href":"https:\/\/www.stvvalves.com\/es\/wp-json\/wp\/v2\/product_brand?post=5574"},{"taxonomy":"product_cat","embeddable":true,"href":"https:\/\/www.stvvalves.com\/es\/wp-json\/wp\/v2\/product_cat?post=5574"},{"taxonomy":"product_tag","embeddable":true,"href":"https:\/\/www.stvvalves.com\/es\/wp-json\/wp\/v2\/product_tag?post=5574"}],"curies":[{"name":"wp","href":"https:\/\/api.w.org\/{rel}","templated":true}]}}