{"id":5618,"date":"2020-10-07T02:23:09","date_gmt":"2020-10-07T02:23:09","guid":{"rendered":"https:\/\/www.stvvalves.com\/?post_type=product&#038;p=5618"},"modified":"2025-02-19T19:47:50","modified_gmt":"2025-02-19T11:47:50","slug":"2205-threaded-ball-valve-pn16-dn15-npt-end","status":"publish","type":"product","link":"https:\/\/www.stvvalves.com\/es\/products\/2205-threaded-ball-valve-pn16-dn15-npt-end\/","title":{"rendered":"V\u00e1lvula de bola roscada 2205, PN16, DN15, extremo NPT"},"content":{"rendered":"<p>Caracter\u00edsticas clave:<br \/>\nConexiones finales atornilladas BSP o NPT<br \/>\n2205<br \/>\nAsiento de PTFE<br \/>\nTama\u00f1os: 1\/4\u2033 a 4\u2033<br \/>\nRango de temperatura: -20 \u00b0C a +180 \u00b0C<br \/>\nPresi\u00f3n de funcionamiento: 1000 WOG<br \/>\nMovimiento: giro de 90\u00b0<\/p>\n<table>\n<tbody>\n<tr>\n<td width=\"200\"><strong>nombre del producto<\/strong><\/td>\n<td width=\"481\">V\u00e1lvula de bola roscada 2205, PN16, DN15, extremo NPT<\/td>\n<\/tr>\n<tr>\n<td width=\"200\">1. Materiales<\/td>\n<td width=\"481\">2205<\/td>\n<\/tr>\n<tr>\n<td width=\"200\">2. Tama\u00f1o<\/td>\n<td width=\"481\">1\/2\u201d<\/td>\n<\/tr>\n<tr>\n<td width=\"200\">4. Puerto<\/td>\n<td width=\"481\">Puerto lleno<\/td>\n<\/tr>\n<tr>\n<td width=\"200\">5. Presi\u00f3n de trabajo<\/td>\n<td width=\"481\">1000WOG<\/td>\n<\/tr>\n<tr>\n<td width=\"200\">6. La conexi\u00f3n finaliza<\/td>\n<td width=\"481\">TNP<\/td>\n<\/tr>\n<tr>\n<td width=\"200\">7. Temperatura de trabajo.<\/td>\n<td width=\"481\">-29~120\u00baC,<\/td>\n<\/tr>\n<tr>\n<td width=\"200\">8. Medio adecuado<\/td>\n<td width=\"481\">Agua, Gas Natural, Petr\u00f3leo y alg\u00fan l\u00edquido corrosivo<\/td>\n<\/tr>\n<tr>\n<td width=\"200\">9. Operado<\/td>\n<td width=\"481\">Volante<\/td>\n<\/tr>\n<tr>\n<td width=\"200\">10. Inspecci\u00f3n y pruebas<\/td>\n<td width=\"481\">Seg\u00fan API598<\/td>\n<\/tr>\n<tr>\n<td width=\"200\"><strong>Env\u00edo<\/strong><\/td>\n<td width=\"481\"><\/td>\n<\/tr>\n<tr>\n<td width=\"200\">El tiempo de entrega<\/td>\n<td width=\"481\">30 dias<\/td>\n<\/tr>\n<tr>\n<td width=\"200\">Paquete<\/td>\n<td width=\"481\">Caja de madera contrachapada de exportaci\u00f3n est\u00e1ndar<\/td>\n<\/tr>\n<tr>\n<td width=\"200\">Puerto de embarque<\/td>\n<td width=\"481\">Ningbo\/Shangh\u00e1i, China<\/td>\n<\/tr>\n<tr>\n<td width=\"200\">Condiciones de env\u00edo<\/td>\n<td width=\"481\">Exw, MANDO, CFR, CIF, etc.<\/td>\n<\/tr>\n<tr>\n<td width=\"200\">T\u00e9rminos de pago<\/td>\n<td width=\"481\">T\/T, Western Union, PayPal, etc.<\/td>\n<\/tr>\n<tr>\n<td width=\"200\"><\/td>\n<td width=\"481\">Pago anticipado de 30%, saldo de 70% pagado antes del env\u00edo<\/td>\n<\/tr>\n<tr>\n<td width=\"200\">Pa\u00eds de origen<\/td>\n<td width=\"481\">Ciudad de Wenzhou, China<\/td>\n<\/tr>\n<tr>\n<td width=\"200\">Capacidad de producci\u00f3n<\/td>\n<td width=\"481\">6000 toneladas\/a\u00f1o<\/td>\n<\/tr>\n<tr>\n<td width=\"200\">Cantidad m\u00ednima de pedido<\/td>\n<td width=\"481\">1 unidad\/tama\u00f1o<\/td>\n<\/tr>\n<\/tbody>\n<\/table>","protected":false},"excerpt":{"rendered":"<p>Modelo:Q11F-1-1000WOG-1\/2\u2033<\/p>\n<p>La v\u00e1lvula de bola roscada STV 2205 puede estar hecha de una estructura de una pieza, una estructura de dos piezas y una estructura de tres piezas. Est\u00e1 dise\u00f1ado con tecnolog\u00eda de la empresa euroelectric. Es un producto con interruptor de luz, estructura simple y asequible. Puede sufrir corrosi\u00f3n por medios oxidantes fuertes, agua de mar, cloruro, tioato de amonio y otros medios.<br \/>\nLa v\u00e1lvula de bola roscada es un tipo de v\u00e1lvula en la que la bola gira alrededor de la l\u00ednea central del cuerpo de la v\u00e1lvula para alcanzar la apertura o el cierre. Se utiliza principalmente en tuber\u00edas para cortar, distribuir y cambiar la direcci\u00f3n del flujo del medio. La v\u00e1lvula de bola de tornillo interno 2205 es un tipo de v\u00e1lvula que se ha utilizado ampliamente en los \u00faltimos a\u00f1os. La v\u00e1lvula generalmente se instala horizontalmente.<\/p>\n<p>Cuenta con un v\u00e1stago a prueba de explosiones y agarre aislado, manija de palanca bloqueable.<\/p>\n<p>&nbsp;<\/p>\n<p>STV Valve Technology Group Co., Ltd es un l\u00edder profesional en China, v\u00e1lvula de bola 2205, v\u00e1lvula de bola roscada 2205, v\u00e1lvula de bola NPT 2205, fabricante de v\u00e1lvula de bola Supper 2205 con alta calidad y precio competitivo.<\/p>","protected":false},"featured_media":5623,"template":"","meta":[],"product_brand":[],"product_cat":[43,79],"product_tag":[1396,1395,1397,1399],"class_list":{"0":"post-5618","1":"product","2":"type-product","3":"status-publish","4":"has-post-thumbnail","6":"product_cat-ball-valve","7":"product_cat-threaded-ball-valve","8":"product_tag-2205-threaded-ball-valve","9":"product_tag-china-2205-ball-valve","10":"product_tag-npt-2205-ball-valve","11":"product_tag-supper-2205-ball-vave-manufacturer","13":"first","14":"instock","15":"shipping-taxable","16":"product-type-simple"},"_links":{"self":[{"href":"https:\/\/www.stvvalves.com\/es\/wp-json\/wp\/v2\/product\/5618","targetHints":{"allow":["GET"]}}],"collection":[{"href":"https:\/\/www.stvvalves.com\/es\/wp-json\/wp\/v2\/product"}],"about":[{"href":"https:\/\/www.stvvalves.com\/es\/wp-json\/wp\/v2\/types\/product"}],"wp:featuredmedia":[{"embeddable":true,"href":"https:\/\/www.stvvalves.com\/es\/wp-json\/wp\/v2\/media\/5623"}],"wp:attachment":[{"href":"https:\/\/www.stvvalves.com\/es\/wp-json\/wp\/v2\/media?parent=5618"}],"wp:term":[{"taxonomy":"product_brand","embeddable":true,"href":"https:\/\/www.stvvalves.com\/es\/wp-json\/wp\/v2\/product_brand?post=5618"},{"taxonomy":"product_cat","embeddable":true,"href":"https:\/\/www.stvvalves.com\/es\/wp-json\/wp\/v2\/product_cat?post=5618"},{"taxonomy":"product_tag","embeddable":true,"href":"https:\/\/www.stvvalves.com\/es\/wp-json\/wp\/v2\/product_tag?post=5618"}],"curies":[{"name":"wp","href":"https:\/\/api.w.org\/{rel}","templated":true}]}}