{"id":5624,"date":"2020-10-07T12:47:37","date_gmt":"2020-10-07T12:47:37","guid":{"rendered":"https:\/\/www.stvvalves.com\/?post_type=product&#038;p=5624"},"modified":"2025-02-18T13:59:00","modified_gmt":"2025-02-18T05:59:00","slug":"s31803-flanged-y-strainer-150lb-dn100","status":"publish","type":"product","link":"https:\/\/www.stvvalves.com\/es\/products\/s31803-flanged-y-strainer-150lb-dn100\/","title":{"rendered":"S31803 Filtro en Y con brida, 150 lb, DN100"},"content":{"rendered":"<p>Est\u00e1ndares de filtro tipo Y con bridas<\/p>\n<p>Dise\u00f1o y Fabricaci\u00f3n: ASME B16.34<br \/>\nInspecci\u00f3n y prueba: API 598<br \/>\nDimensi\u00f3n de la brida final: ASME B16.5,ASME B16.47 A<br \/>\nDimensi\u00f3n final BW: ASME B16.25<br \/>\nCara a cara y de extremo a extremo: ASME B16.10<br \/>\n(V\u00e1lvula de retenci\u00f3n\/v\u00e1lvula de globo)<br \/>\nClasificaciones de presi\u00f3n y temperatura: ASME B16.34<\/p>\n<p>Est\u00e1ndar: API, ANSI, ISO, BS, DIN, NF, JIS. TEC<br \/>\nForma de conexi\u00f3n: bridas, roscas, soldadura por enchufe, BW<br \/>\nClasificaci\u00f3n de presi\u00f3n: PN 1,0 ~ 25 Mpa; Clase 150 ~ 600<br \/>\nTama\u00f1o: DN6~500mm, NPS1\/4\u2033~20\u2033<br \/>\nTemperatura. -198c~+450c<br \/>\nMaterial:<br \/>\nTianio: TA1, TA2, TA10, TC4, GR2, GR3, GR5<br \/>\nAleaci\u00f3n de n\u00edquel: N6, N201, N200, CZ-100<br \/>\nAleaci\u00f3n Hastelloy: Hastello B (N-12MV, N-7M), Hastello C (CW-12MW)<br \/>\nHastelloy C276(CW-6MC), Hastelloy C4, Hastelloy G30<br \/>\nAleaci\u00f3n de Monel: M-30C, M35-1, Monel 400, Monel 600, Monel K500<br \/>\nInconel: Inconel 600, Inconel 800, Inconel 690<br \/>\nAcero d\u00faplex: S31803(SAF2205, F51), S32750(SAF2507, F53)<br \/>\nCirconio: circonio 702, circonio 705.<br \/>\nAcero inoxidable austen\u00edtico: 904L, 254SMO. 654SMO<br \/>\nOtros: NS143\/Aleaci\u00f3n20, C4<\/p>\n<table>\n<tbody>\n<tr>\n<td width=\"200\"><strong>nombre del producto<\/strong><\/td>\n<td width=\"481\">S31803 Filtro en Y con brida, 150 lb, DN100<\/td>\n<\/tr>\n<tr>\n<td width=\"200\">1. Materiales<\/td>\n<td width=\"481\">S31806<\/td>\n<\/tr>\n<tr>\n<td width=\"200\">2. Tama\u00f1o<\/td>\n<td width=\"481\">4\u201d<\/td>\n<\/tr>\n<tr>\n<td width=\"200\">4. Puerto<\/td>\n<td width=\"481\">Puerto lleno<\/td>\n<\/tr>\n<tr>\n<td width=\"200\">5. Presi\u00f3n de trabajo<\/td>\n<td width=\"481\">150 libras<\/td>\n<\/tr>\n<tr>\n<td width=\"200\">6. La conexi\u00f3n finaliza<\/td>\n<td width=\"481\">RF<\/td>\n<\/tr>\n<tr>\n<td width=\"200\">7. Temperatura de trabajo.<\/td>\n<td width=\"481\">-29~425\u00baC,<\/td>\n<\/tr>\n<tr>\n<td width=\"200\">8. Medio adecuado<\/td>\n<td width=\"481\">Agua, Gas Natural, Petr\u00f3leo y alg\u00fan l\u00edquido corrosivo<\/td>\n<\/tr>\n<tr>\n<td width=\"200\">9. Operado<\/td>\n<td width=\"481\">\/<\/td>\n<\/tr>\n<tr>\n<td width=\"200\">10. Inspecci\u00f3n y pruebas<\/td>\n<td width=\"481\">Seg\u00fan API598<\/td>\n<\/tr>\n<tr>\n<td width=\"200\"><strong>Env\u00edo<\/strong><\/td>\n<td width=\"481\"><\/td>\n<\/tr>\n<tr>\n<td width=\"200\">El tiempo de entrega<\/td>\n<td width=\"481\">30 dias<\/td>\n<\/tr>\n<tr>\n<td width=\"200\">Paquete<\/td>\n<td width=\"481\">Caja de madera contrachapada de exportaci\u00f3n est\u00e1ndar<\/td>\n<\/tr>\n<tr>\n<td width=\"200\">Puerto de embarque<\/td>\n<td width=\"481\">Ningbo\/Shangh\u00e1i, China<\/td>\n<\/tr>\n<tr>\n<td width=\"200\">Condiciones de env\u00edo<\/td>\n<td width=\"481\">Exw, MANDO, CFR, CIF, etc.<\/td>\n<\/tr>\n<tr>\n<td width=\"200\">T\u00e9rminos de pago<\/td>\n<td width=\"481\">T\/T, Western Union, PayPal, etc.<\/td>\n<\/tr>\n<tr>\n<td width=\"200\"><\/td>\n<td width=\"481\">Pago anticipado de 30%, saldo de 70% pagado antes del env\u00edo<\/td>\n<\/tr>\n<tr>\n<td width=\"200\">Pa\u00eds de origen<\/td>\n<td width=\"481\">Ciudad de Wenzhou, China<\/td>\n<\/tr>\n<tr>\n<td width=\"200\">Capacidad de producci\u00f3n<\/td>\n<td width=\"481\">6000 toneladas\/a\u00f1o<\/td>\n<\/tr>\n<tr>\n<td width=\"200\">Cantidad m\u00ednima de pedido<\/td>\n<td width=\"481\">1 unidad\/tama\u00f1o<\/td>\n<\/tr>\n<\/tbody>\n<\/table>","protected":false},"excerpt":{"rendered":"<p>STV-GL41Y-DN100<\/p>\n<p>El filtro en Y con brida S31803 se compone principalmente de boquilla, tubo principal, rejilla de filtro, brida, cubierta de brida y sujetador. El filtro s31803y tiene las ventajas de una estructura avanzada, peque\u00f1a resistencia y purga conveniente. Cuando el l\u00edquido ingresa a la canasta del filtro a trav\u00e9s de la tuber\u00eda principal, las part\u00edculas de impurezas s\u00f3lidas se bloquean en la canasta del filtro y el fluido limpio se descarga desde la salida del filtro a trav\u00e9s de la canasta del filtro.<br \/>\nDe qu\u00e9 material es el filtro en Y con brida S31803: es del tipo de aleaci\u00f3n media F51 y 1.4462; la marca representativa es UNS S31803 (22cr-5ni-3mo-0.15n). Tiene alta resistencia, buena tenacidad al impacto y buena resistencia a la corrosi\u00f3n por tensi\u00f3n general y local.<br \/>\nLa raz\u00f3n por la cual la pantalla filtrante del filtro en Y con brida S31803 est\u00e1 hecha en una canasta con superficie cil\u00edndrica, y la cubierta de la brida en el extremo inferior de la interfaz en forma de Y se puede desenroscar para aumentar su resistencia y ser m\u00e1s robusta que la \u00fanica -Capa de red, y retire peri\u00f3dicamente las part\u00edculas e impurezas depositadas en el cesto del filtro.<\/p>\n<p>STV Valve Technology Group Co., Ltd es un l\u00edder profesional en China Filtro en Y con brida S31803, Filtro en Y con brida DN100 S31803, Fabricante de filtro en Y con brida S31803 150LB con alta calidad y precio competitivo.<\/p>","protected":false},"featured_media":5669,"template":"","meta":[],"product_brand":[],"product_cat":[85,48],"product_tag":[1402,1400,1401],"class_list":{"0":"post-5624","1":"product","2":"type-product","3":"status-publish","4":"has-post-thumbnail","6":"product_cat-stainless-steel-y-type-strainer","7":"product_cat-y-strainer","8":"product_tag-150lb-s31803-flanged-y-strainer-manufacturer","9":"product_tag-china-s31803-flanged-y-strainer","10":"product_tag-dn100-s31803-flanged-y-strainer","12":"first","13":"instock","14":"shipping-taxable","15":"product-type-simple"},"_links":{"self":[{"href":"https:\/\/www.stvvalves.com\/es\/wp-json\/wp\/v2\/product\/5624","targetHints":{"allow":["GET"]}}],"collection":[{"href":"https:\/\/www.stvvalves.com\/es\/wp-json\/wp\/v2\/product"}],"about":[{"href":"https:\/\/www.stvvalves.com\/es\/wp-json\/wp\/v2\/types\/product"}],"wp:featuredmedia":[{"embeddable":true,"href":"https:\/\/www.stvvalves.com\/es\/wp-json\/wp\/v2\/media\/5669"}],"wp:attachment":[{"href":"https:\/\/www.stvvalves.com\/es\/wp-json\/wp\/v2\/media?parent=5624"}],"wp:term":[{"taxonomy":"product_brand","embeddable":true,"href":"https:\/\/www.stvvalves.com\/es\/wp-json\/wp\/v2\/product_brand?post=5624"},{"taxonomy":"product_cat","embeddable":true,"href":"https:\/\/www.stvvalves.com\/es\/wp-json\/wp\/v2\/product_cat?post=5624"},{"taxonomy":"product_tag","embeddable":true,"href":"https:\/\/www.stvvalves.com\/es\/wp-json\/wp\/v2\/product_tag?post=5624"}],"curies":[{"name":"wp","href":"https:\/\/api.w.org\/{rel}","templated":true}]}}