{"id":5630,"date":"2020-11-03T02:32:47","date_gmt":"2020-11-03T02:32:47","guid":{"rendered":"https:\/\/www.stvvalves.com\/?post_type=product&#038;p=5630"},"modified":"2024-12-24T22:48:25","modified_gmt":"2024-12-24T14:48:25","slug":"din-swing-check-valve-gs-c25-body-dn100-pn40","status":"publish","type":"product","link":"https:\/\/www.stvvalves.com\/es\/products\/din-swing-check-valve-gs-c25-body-dn100-pn40\/","title":{"rendered":"V\u00e1lvula de retenci\u00f3n oscilante DIN, cuerpo GS-C25, DN100, PN40"},"content":{"rendered":"<p><!--StartFragment --><\/p>\n<div>Aplicaci\u00f3n: Industria, centrales el\u00e9ctricas, plantas de purificaci\u00f3n de gases de combusti\u00f3n, tecnolog\u00eda de procesamiento, suministro de gas, instalaciones de vapor, instalaciones de reciclaje, instalaciones de vac\u00edo, agua caliente, aplicaciones de aceite t\u00e9rmico, plantas de fabricaci\u00f3n en general, etc. Medio: vapor, gases, agua caliente, aceite t\u00e9rmico. , amon\u00edaco, etc.Materiales: GG25(EN-GJL-250),GGG40,1.0619+N(GS-C25),1.4308(CF8), 1.4408(CF8M)Rango de tama\u00f1os: DN15-DN400 Presi\u00f3n: PN16-PN40 Temperatura: \u2264425 \u2103 Fig. No.: STV-BD44H<br \/>\nEspecificaci\u00f3n t\u00e9cnica<br \/>\n\u25cfEst\u00e1ndar de dise\u00f1o: DIN 3356<br \/>\n\u25cfCara a cara: DIN3202<br \/>\n\u25cfExtremos de brida: DIN2543-2545<br \/>\n\u25cfPrueba e inspecci\u00f3n: DIN 3230<\/div>\n<div>\n<table class=\"ke-zeroborder\" border=\"0\" cellspacing=\"0\" cellpadding=\"0\">\n<tbody>\n<tr>\n<td valign=\"top\">NO.<\/td>\n<td valign=\"top\">Nombre de la pieza<\/td>\n<td valign=\"top\">Material<\/td>\n<\/tr>\n<tr>\n<td>\n<p align=\"center\">1<\/p>\n<\/td>\n<td>\n<p align=\"center\">Cuerpo<\/p>\n<\/td>\n<td>\n<p align=\"center\">GS-C25\u30011.4301\u30011.4401<\/p>\n<\/td>\n<\/tr>\n<tr>\n<td>\n<p align=\"center\">2<\/p>\n<\/td>\n<td>\n<p align=\"center\">Asiento<\/p>\n<\/td>\n<td>\n<p align=\"center\">1.4301\u3001Estelite<\/p>\n<\/td>\n<\/tr>\n<tr>\n<td>\n<p align=\"center\">3<\/p>\n<\/td>\n<td>\n<p align=\"center\">Desct<\/p>\n<\/td>\n<td>\n<p align=\"center\">1.4021\u30011.4301+Estelite<\/p>\n<\/td>\n<\/tr>\n<tr>\n<td>\n<p align=\"center\">4<\/p>\n<\/td>\n<td>\n<p align=\"center\">Primavera<\/p>\n<\/td>\n<td>\n<p align=\"center\">1.4301\u30011.4401<\/p>\n<\/td>\n<\/tr>\n<tr>\n<td>\n<p align=\"center\">5<\/p>\n<\/td>\n<td>\n<p align=\"center\">Manguito gu\u00eda de cobre<\/p>\n<\/td>\n<td>\n<p align=\"center\">Aleaci\u00f3n de cobre\u3001D2\u3001BL2<\/p>\n<\/td>\n<\/tr>\n<tr>\n<td>\n<p align=\"center\">6<\/p>\n<\/td>\n<td>\n<p align=\"center\">Junta met\u00e1lica<\/p>\n<\/td>\n<td>\n<p align=\"center\">Acero inoxidable<\/p>\n<\/td>\n<\/tr>\n<tr>\n<td>\n<p align=\"center\">7<\/p>\n<\/td>\n<td>\n<p align=\"center\">Cubrir<\/p>\n<\/td>\n<td>\n<p align=\"center\">GS-25\u30011.4301\u30011.4401<\/p>\n<\/td>\n<\/tr>\n<tr>\n<td>\n<p align=\"center\">8<\/p>\n<\/td>\n<td>\n<p align=\"center\">Tuerca<\/p>\n<\/td>\n<td>\n<p align=\"center\">ASTM 194-2H, A194-8<\/p>\n<\/td>\n<\/tr>\n<tr>\n<td>\n<p align=\"center\">9<\/p>\n<\/td>\n<td>\n<p align=\"center\">Perno de doble cabeza<\/p>\n<\/td>\n<td>\n<p align=\"center\">ASTM 193-B7\u3001A193-B8<\/p>\n<\/td>\n<\/tr>\n<\/tbody>\n<\/table>\n<\/div>","protected":false},"excerpt":{"rendered":"<p>Ventaja<br \/>\nLas principales caracter\u00edsticas de nuestras v\u00e1lvulas Check pueden ser:<br \/>\n\u25cfCap\u00f3 atornillado<br \/>\n\u25cfCap\u00f3 con sello de presi\u00f3n<br \/>\n\u25cfCap\u00f3 roscado o soldado<br \/>\n\u25cfFundido o forjado<br \/>\n\u25cfControl de oscilaci\u00f3n, control de pist\u00f3n, control de bola<br \/>\n\u25cfAsientos soldados o reemplazables<\/p>\n<p>STV Valve Technology Group Co., Ltd es un fabricante l\u00edder profesional de v\u00e1lvulas de retenci\u00f3n oscilantes DIN, v\u00e1lvulas de retenci\u00f3n oscilantes GS-C25, v\u00e1lvulas de retenci\u00f3n oscilantes DN100 y v\u00e1lvulas de retenci\u00f3n oscilantes PN40 con alta calidad y precio competitivo.<\/p>\n<p>Comun\u00edquese con nuestro sales@stvvalve.com para obtener otros materiales y detalles.<\/p>\n<p>&nbsp;<\/p>","protected":false},"featured_media":5631,"template":"","meta":[],"product_brand":[],"product_cat":[83,46],"product_tag":[1407,1409,1408,1410],"class_list":{"0":"post-5630","1":"product","2":"type-product","3":"status-publish","4":"has-post-thumbnail","6":"product_cat-cast-steel-check-valve","7":"product_cat-check-valves","8":"product_tag-din-swing-check-valve","9":"product_tag-dn100-swing-check-valve","10":"product_tag-gs-c25-swing-check-valve","11":"product_tag-pn40-swing-check-valve","13":"first","14":"instock","15":"shipping-taxable","16":"product-type-simple"},"_links":{"self":[{"href":"https:\/\/www.stvvalves.com\/es\/wp-json\/wp\/v2\/product\/5630","targetHints":{"allow":["GET"]}}],"collection":[{"href":"https:\/\/www.stvvalves.com\/es\/wp-json\/wp\/v2\/product"}],"about":[{"href":"https:\/\/www.stvvalves.com\/es\/wp-json\/wp\/v2\/types\/product"}],"wp:featuredmedia":[{"embeddable":true,"href":"https:\/\/www.stvvalves.com\/es\/wp-json\/wp\/v2\/media\/5631"}],"wp:attachment":[{"href":"https:\/\/www.stvvalves.com\/es\/wp-json\/wp\/v2\/media?parent=5630"}],"wp:term":[{"taxonomy":"product_brand","embeddable":true,"href":"https:\/\/www.stvvalves.com\/es\/wp-json\/wp\/v2\/product_brand?post=5630"},{"taxonomy":"product_cat","embeddable":true,"href":"https:\/\/www.stvvalves.com\/es\/wp-json\/wp\/v2\/product_cat?post=5630"},{"taxonomy":"product_tag","embeddable":true,"href":"https:\/\/www.stvvalves.com\/es\/wp-json\/wp\/v2\/product_tag?post=5630"}],"curies":[{"name":"wp","href":"https:\/\/api.w.org\/{rel}","templated":true}]}}