{"id":5634,"date":"2020-11-03T02:46:23","date_gmt":"2020-11-03T02:46:23","guid":{"rendered":"https:\/\/www.stvvalves.com\/?post_type=product&#038;p=5634"},"modified":"2025-02-18T13:58:57","modified_gmt":"2025-02-18T05:58:57","slug":"ansi-300lb-bellow-seal-gate-valve-wcb-body-3-inch-rf-flange-end","status":"publish","type":"product","link":"https:\/\/www.stvvalves.com\/es\/products\/ansi-300lb-bellow-seal-gate-valve-wcb-body-3-inch-rf-flange-end\/","title":{"rendered":"V\u00e1lvula de compuerta con sello de fuelle ANSI de 300 lb, cuerpo Wcb, 3 pulgadas, extremo con brida RF"},"content":{"rendered":"<p>Solicitud<br \/>\nSistema de aceite caliente, sistema de vapor, sistema de agua fr\u00eda y caliente, etc.<br \/>\nVentaja<br \/>\n1. Elemento de sellado de fuelle. La parte clave de las v\u00e1lvulas de globo selladas con fuelle es el fuelle mental. Es la conexi\u00f3n entre tapa y v\u00e1stago con soldadura autom\u00e1tica por rodillo. El fuelle mental puede evitar que la parte del v\u00e1stago tenga fugas.<br \/>\n2. Dise\u00f1o de doble sello (fuelle+empaque). El fuelle y la empaquetadura pueden proteger contra fugas y proporcionar un sellado excelente.<br \/>\n3.Engrasador. Puede lubricar directamente el v\u00e1stago, la tuerca y el manguito.<br \/>\n4. Volante ergon\u00f3mico. Proporciona una vida \u00fatil m\u00e1s larga y un funcionamiento m\u00e1s sencillo.<br \/>\nEspecificaci\u00f3n t\u00e9cnica<br \/>\nEst\u00e1ndar de dise\u00f1o: ASME B16.34<br \/>\nDimensi\u00f3n cara a cara: ASME B16.10<br \/>\nExtremos bridados: ASME B16.5<br \/>\nPrueba e inspecci\u00f3n: API 598<\/p>\n<table>\n<tbody>\n<tr>\n<td width=\"200\"><strong>nombre del producto<\/strong><\/td>\n<td width=\"481\">V\u00e1lvula de compuerta con sello de fuelle ANSI de 300 lb, cuerpo Wcb, 3 pulgadas, extremo con brida RF<\/td>\n<\/tr>\n<tr>\n<td width=\"200\">1. Materiales<\/td>\n<td width=\"481\">WCB<\/td>\n<\/tr>\n<tr>\n<td width=\"200\">2. Tama\u00f1o<\/td>\n<td width=\"481\">3\u201d<\/td>\n<\/tr>\n<tr>\n<td width=\"200\">4. Puerto<\/td>\n<td width=\"481\">Puerto lleno<\/td>\n<\/tr>\n<tr>\n<td width=\"200\">5. Presi\u00f3n de trabajo<\/td>\n<td width=\"481\">300 libras<\/td>\n<\/tr>\n<tr>\n<td width=\"200\">6. La conexi\u00f3n finaliza<\/td>\n<td width=\"481\">RF<\/td>\n<\/tr>\n<tr>\n<td width=\"200\">7. Temperatura de trabajo.<\/td>\n<td width=\"481\">-29~425\u00baC,<\/td>\n<\/tr>\n<tr>\n<td width=\"200\">8. Medio adecuado<\/td>\n<td width=\"481\">Agua, Gas Natural, Petr\u00f3leo y alg\u00fan l\u00edquido corrosivo<\/td>\n<\/tr>\n<tr>\n<td width=\"200\">9. Operado<\/td>\n<td width=\"481\">Volante<\/td>\n<\/tr>\n<tr>\n<td width=\"200\">10. Inspecci\u00f3n y pruebas<\/td>\n<td width=\"481\">Seg\u00fan API598<\/td>\n<\/tr>\n<tr>\n<td width=\"200\"><strong>Env\u00edo<\/strong><\/td>\n<td width=\"481\"><\/td>\n<\/tr>\n<tr>\n<td width=\"200\">El tiempo de entrega<\/td>\n<td width=\"481\">30 dias<\/td>\n<\/tr>\n<tr>\n<td width=\"200\">Paquete<\/td>\n<td width=\"481\">Caja de madera contrachapada de exportaci\u00f3n est\u00e1ndar<\/td>\n<\/tr>\n<tr>\n<td width=\"200\">Puerto de embarque<\/td>\n<td width=\"481\">Ningbo\/Shangh\u00e1i, China<\/td>\n<\/tr>\n<tr>\n<td width=\"200\">Condiciones de env\u00edo<\/td>\n<td width=\"481\">Exw, MANDO, CFR, CIF, etc.<\/td>\n<\/tr>\n<tr>\n<td width=\"200\">T\u00e9rminos de pago<\/td>\n<td width=\"481\">T\/T, Western Union, PayPal, etc.<\/td>\n<\/tr>\n<tr>\n<td width=\"200\"><\/td>\n<td width=\"481\">Pago anticipado de 30%, saldo de 70% pagado antes del env\u00edo<\/td>\n<\/tr>\n<tr>\n<td width=\"200\">Pa\u00eds de origen<\/td>\n<td width=\"481\">Ciudad de Wenzhou, China<\/td>\n<\/tr>\n<tr>\n<td width=\"200\">Capacidad de producci\u00f3n<\/td>\n<td width=\"481\">6000 toneladas\/a\u00f1o<\/td>\n<\/tr>\n<tr>\n<td width=\"200\">Cantidad m\u00ednima de pedido<\/td>\n<td width=\"481\">1 unidad\/tama\u00f1o<\/td>\n<\/tr>\n<\/tbody>\n<\/table>","protected":false},"excerpt":{"rendered":"<p>Caracter\u00edsticas y Beneficios<br \/>\n\u25cf Fuelles de larga duraci\u00f3n (2000 ciclos) en Gr. 321 (inoxidable), Inconel para aplicaciones especiales (se puede reemplazar con molduras Monel para resistir la corrosi\u00f3n o Hastelloy C para servicio con cloro).<br \/>\n\u25cf Junta cuerpo-bonete mejorada: Grafito reforzado con junta de l\u00e1mina de acero inoxidable para v\u00e1lvulas Clase 150. Gr. completamente encerrado, enrollado en espiral y relleno de grafito. Junta 316 (inoxidable) para Clases 300-600.<br \/>\n\u25cf Cuerpo-cap\u00f3 atornillado para un r\u00e1pido servicio. Bonetes herm\u00e9ticamente sellados disponibles para las Clases 300 y 600.<br \/>\n\u25cf Conjunto de fuelles de dos o tres tramos.<br \/>\n\u25cf V\u00e1stago no giratorio que evita la torsi\u00f3n del fuelle.<br \/>\n\u25cf Dos sellos de v\u00e1stago secundarios: a) Asiento trasero en posici\u00f3n abierta; b) Empaquetadura de grafito.<br \/>\n\u25cf Asiento soldado revestido con aleaci\u00f3n de CoCr.<br \/>\n\u25cf Cu\u00f1a revestida con aleaci\u00f3n de CoCr para una larga vida \u00fatil.<br \/>\n\u25cf Caras del asiento recubiertas con aleaci\u00f3n de CoCr, rectificadas y lapeadas.<\/p>\n<p>STV Valve Technology Group Co., Ltd es un l\u00edder profesional en China, v\u00e1lvula de compuerta con sello de fuelle Ansi de 300 lb, v\u00e1lvula de compuerta con sello de fuelle Wcb, v\u00e1lvula de compuerta con sello de fuelle de 3 pulgadas, fabricante de v\u00e1lvula de compuerta con sello de fuelle con extremo de brida RF con alta calidad y precio competitivo.<\/p>\n<p>Comun\u00edquese con nuestro sales@stvvalve.com para obtener otros materiales y detalles.<\/p>","protected":false},"featured_media":5635,"template":"","meta":[],"product_brand":[],"product_cat":[82,44],"product_tag":[1413,1411,1414,1412],"class_list":{"0":"post-5634","1":"product","2":"type-product","3":"status-publish","4":"has-post-thumbnail","6":"product_cat-bellow-seal-gate-valve","7":"product_cat-gate-valve","8":"product_tag-3-inch-bellows-seal-gate-valve","9":"product_tag-ansi-300lb-bellows-seal-gate-valve","10":"product_tag-rf-flange-end-bellows-seal-gate-valve","11":"product_tag-wcb-bellows-seal-gate-valve","13":"first","14":"instock","15":"shipping-taxable","16":"product-type-simple"},"_links":{"self":[{"href":"https:\/\/www.stvvalves.com\/es\/wp-json\/wp\/v2\/product\/5634","targetHints":{"allow":["GET"]}}],"collection":[{"href":"https:\/\/www.stvvalves.com\/es\/wp-json\/wp\/v2\/product"}],"about":[{"href":"https:\/\/www.stvvalves.com\/es\/wp-json\/wp\/v2\/types\/product"}],"wp:featuredmedia":[{"embeddable":true,"href":"https:\/\/www.stvvalves.com\/es\/wp-json\/wp\/v2\/media\/5635"}],"wp:attachment":[{"href":"https:\/\/www.stvvalves.com\/es\/wp-json\/wp\/v2\/media?parent=5634"}],"wp:term":[{"taxonomy":"product_brand","embeddable":true,"href":"https:\/\/www.stvvalves.com\/es\/wp-json\/wp\/v2\/product_brand?post=5634"},{"taxonomy":"product_cat","embeddable":true,"href":"https:\/\/www.stvvalves.com\/es\/wp-json\/wp\/v2\/product_cat?post=5634"},{"taxonomy":"product_tag","embeddable":true,"href":"https:\/\/www.stvvalves.com\/es\/wp-json\/wp\/v2\/product_tag?post=5634"}],"curies":[{"name":"wp","href":"https:\/\/api.w.org\/{rel}","templated":true}]}}