{"id":5638,"date":"2020-11-03T06:20:35","date_gmt":"2020-11-03T06:20:35","guid":{"rendered":"https:\/\/www.stvvalves.com\/?post_type=product&#038;p=5638"},"modified":"2025-02-17T18:34:13","modified_gmt":"2025-02-17T10:34:13","slug":"cf8c-swing-check-valve-12-inch-cl600-flange-end","status":"publish","type":"product","link":"https:\/\/www.stvvalves.com\/es\/products\/cf8c-swing-check-valve-12-inch-cl600-flange-end\/","title":{"rendered":"V\u00e1lvula de retenci\u00f3n oscilante CF8C, 12 pulgadas, CL600, extremo con brida"},"content":{"rendered":"<p>Caracteristicas de dise\u00f1o:<br \/>\nEst\u00e1ndar de dise\u00f1o seg\u00fan: BS1868,ASME B16.34,API 600<\/p>\n<p>Estructura de producto compacta y razonable, estanqueidad confiable y buen rendimiento;<\/p>\n<p>Paso de fluidos suave y peque\u00f1a resistencia a los fluidos;<\/p>\n<p>Disco tipo columpio.<\/p>\n<p>Puede dise\u00f1arse con un cilindro amortiguador o un disco equilibrado.<\/p>\n<p>Paso de fluido suave y peque\u00f1a resistencia a los fluidos.<\/p>\n<p>Gama de productos<br \/>\nMaterial del cuerpo: WCB, A105, LCB, LC3, CF8, CF8M, CF3, CF3M, CF8C, CF10M, CG8M, WC1, WC6, WC9, F11, etc.<\/p>\n<p>Di\u00e1metro nominal: 1\/2\u2033\uff5e60\u2033\uff08DN15~DN1500\uff09<\/p>\n<p>Rango de presi\u00f3n: Clase 150 ~ 2500 (PN10 ~ PN420)<\/p>\n<p>Conexi\u00f3n final: RF, RTJ, BW<\/p>\n<p>Temperatura de trabajo: -196 \u2103 ~ + 560 \u2103<\/p>\n<div>\n<p>Prueba de presi\u00f3n: API598<\/p>\n<table>\n<tbody>\n<tr>\n<td width=\"200\"><strong><b>nombre del producto<\/b><\/strong><\/td>\n<td width=\"481\">V\u00e1lvula de retenci\u00f3n oscilante CF8C, 12 pulgadas, CL600, extremo con brida<\/td>\n<\/tr>\n<tr>\n<td width=\"200\">1. Materiales<\/td>\n<td width=\"481\">CF8C<\/td>\n<\/tr>\n<tr>\n<td width=\"200\">2. Tama\u00f1o<\/td>\n<td width=\"481\">12\u201d<\/td>\n<\/tr>\n<tr>\n<td width=\"200\">4. Puerto<\/td>\n<td width=\"481\">Puerto lleno<\/td>\n<\/tr>\n<tr>\n<td width=\"200\">5. Presi\u00f3n de trabajo<\/td>\n<td width=\"481\">600 libras<\/td>\n<\/tr>\n<tr>\n<td width=\"200\">6. La conexi\u00f3n finaliza<\/td>\n<td width=\"481\">RF<\/td>\n<\/tr>\n<tr>\n<td width=\"200\">7. Temperatura de trabajo.<\/td>\n<td width=\"481\">-29~250\u00baC,<\/td>\n<\/tr>\n<tr>\n<td width=\"200\">8. Medio adecuado<\/td>\n<td width=\"481\">Agua, Gas Natural, Petr\u00f3leo y alg\u00fan l\u00edquido corrosivo<\/td>\n<\/tr>\n<tr>\n<td width=\"200\">9. Operado<\/td>\n<td width=\"481\">\/<\/td>\n<\/tr>\n<tr>\n<td width=\"200\">10. Inspecci\u00f3n y pruebas<\/td>\n<td width=\"481\">Seg\u00fan API 598<\/td>\n<\/tr>\n<tr>\n<td width=\"200\"><strong><b>Env\u00edo<\/b><\/strong><\/td>\n<td width=\"481\"><\/td>\n<\/tr>\n<tr>\n<td width=\"200\">El tiempo de entrega<\/td>\n<td width=\"481\">30 dias<\/td>\n<\/tr>\n<tr>\n<td width=\"200\">Paquete<\/td>\n<td width=\"481\">Caja de madera contrachapada de exportaci\u00f3n est\u00e1ndar<\/td>\n<\/tr>\n<tr>\n<td width=\"200\">Puerto de embarque<\/td>\n<td width=\"481\">Ningbo\/Shangh\u00e1i, China<\/td>\n<\/tr>\n<tr>\n<td width=\"200\">Condiciones de env\u00edo<\/td>\n<td width=\"481\">Exw, MANDO, CFR, CIF, etc.<\/td>\n<\/tr>\n<tr>\n<td width=\"200\">T\u00e9rminos de pago<\/td>\n<td width=\"481\">T\/T, Western Union, PayPal, etc.<\/td>\n<\/tr>\n<tr>\n<td width=\"200\"><\/td>\n<td width=\"481\">Pago anticipado de 30%, saldo de 70% pagado antes del env\u00edo<\/td>\n<\/tr>\n<tr>\n<td width=\"200\">Pa\u00eds de origen<\/td>\n<td width=\"481\">Ciudad de Wenzhou, China<\/td>\n<\/tr>\n<tr>\n<td width=\"200\">Capacidad de producci\u00f3n<\/td>\n<td width=\"481\">6000 toneladas\/a\u00f1o<\/td>\n<\/tr>\n<tr>\n<td width=\"200\">Cantidad m\u00ednima de pedido<\/td>\n<td width=\"481\">10 unidades\/tama\u00f1o<\/td>\n<\/tr>\n<\/tbody>\n<\/table>\n<\/div>","protected":false},"excerpt":{"rendered":"<p>Caracter\u00edsticas<\/p>\n<p>1. Generalmente<\/p>\n<p>Cap\u00f3 atornillado<\/p>\n<p>disco oscilante;<\/p>\n<p>Superficies de asientos met\u00e1licas<\/p>\n<p>2. Conexi\u00f3n del cuerpo y el cap\u00f3<\/p>\n<p>Las v\u00e1lvulas de retenci\u00f3n Clase 1500LB son tanto para casquete atornillado como para casquete con sello de presi\u00f3n.<\/p>\n<p>3. Estilo de junta de tapa<\/p>\n<p>Junta de anillo met\u00e1lico<\/p>\n<p>Dise\u00f1o de tapa\/cap\u00f3 con sello de presi\u00f3n.<\/p>\n<p>4. Asiento<\/p>\n<p>Para la v\u00e1lvula de retenci\u00f3n de acero al carbono, el asiento suele ser de acero forjado. La superficie de sellado del asiento puede soldarse por pulverizaci\u00f3n con una aleaci\u00f3n dura si lo especifica el cliente. Para la v\u00e1lvula de retenci\u00f3n de acero inoxidable, generalmente se adopta un asiento integral o se puede mecanizar integralmente despu\u00e9s de soldar una aleaci\u00f3n dura. El asiento tipo roscado o soldado tambi\u00e9n es opcional para v\u00e1lvula check de acero inoxidable si as\u00ed lo solicita el cliente.<\/p>\n<p>STV Valve Technology Group Co., Ltd es un l\u00edder profesional en China: v\u00e1lvula de retenci\u00f3n oscilante CF8C, v\u00e1lvula de retenci\u00f3n oscilante de 12 pulgadas, v\u00e1lvula de retenci\u00f3n oscilante CL600 y v\u00e1lvula de retenci\u00f3n oscilante con extremo de brida, fabricante con alta calidad y precio competitivo.<\/p>\n<p>Comun\u00edquese con nuestro sales@stvvalve.com para obtener otros materiales y detalles.<\/p>","protected":false},"featured_media":5639,"template":"","meta":[],"product_brand":[],"product_cat":[46,67],"product_tag":[1416,1415,1417,339],"class_list":{"0":"post-5638","1":"product","2":"type-product","3":"status-publish","4":"has-post-thumbnail","6":"product_cat-check-valves","7":"product_cat-stainless-steel-check-valve","8":"product_tag-12-inch-swing-check-valve","9":"product_tag-cf8c-swing-check-valve","10":"product_tag-cl600-swing-check-valve","11":"product_tag-flange-end-swing-check-valve","13":"first","14":"instock","15":"shipping-taxable","16":"product-type-simple"},"_links":{"self":[{"href":"https:\/\/www.stvvalves.com\/es\/wp-json\/wp\/v2\/product\/5638","targetHints":{"allow":["GET"]}}],"collection":[{"href":"https:\/\/www.stvvalves.com\/es\/wp-json\/wp\/v2\/product"}],"about":[{"href":"https:\/\/www.stvvalves.com\/es\/wp-json\/wp\/v2\/types\/product"}],"wp:featuredmedia":[{"embeddable":true,"href":"https:\/\/www.stvvalves.com\/es\/wp-json\/wp\/v2\/media\/5639"}],"wp:attachment":[{"href":"https:\/\/www.stvvalves.com\/es\/wp-json\/wp\/v2\/media?parent=5638"}],"wp:term":[{"taxonomy":"product_brand","embeddable":true,"href":"https:\/\/www.stvvalves.com\/es\/wp-json\/wp\/v2\/product_brand?post=5638"},{"taxonomy":"product_cat","embeddable":true,"href":"https:\/\/www.stvvalves.com\/es\/wp-json\/wp\/v2\/product_cat?post=5638"},{"taxonomy":"product_tag","embeddable":true,"href":"https:\/\/www.stvvalves.com\/es\/wp-json\/wp\/v2\/product_tag?post=5638"}],"curies":[{"name":"wp","href":"https:\/\/api.w.org\/{rel}","templated":true}]}}