{"id":5660,"date":"2020-12-29T02:52:53","date_gmt":"2020-12-29T02:52:53","guid":{"rendered":"https:\/\/www.stvvalves.com\/?post_type=product&#038;p=5660"},"modified":"2025-02-18T13:58:56","modified_gmt":"2025-02-18T05:58:56","slug":"2205-dual-plate-check-valve-150lb-4-inch-wafer-type","status":"publish","type":"product","link":"https:\/\/www.stvvalves.com\/es\/products\/2205-dual-plate-check-valve-150lb-4-inch-wafer-type\/","title":{"rendered":"V\u00e1lvula de retenci\u00f3n de placa doble 2205, 150 lb, 4 pulgadas, tipo oblea"},"content":{"rendered":"<p>Tama\u00f1o: de 2\u2033 a 48\u2033<br \/>\nPresi\u00f3n: 150 - 1500LB<br \/>\nMaterial: podemos ofrecer v\u00e1lvulas realizadas en Duplex S31803\u3001Super Duplex S32750\u3001Super Duplex S32760<br \/>\n1A\u3001\u30012A\u30013A\u30014A\u30015A\u30016A\u30011B\u30011C<br \/>\nCD4MCu\u3001CD4MCuN\u3001CD3MCuN\u3001CE8MN\u3001CD6MN\u3001CD3MN\u3001CE3MN\u3001CD3MWCuN<br \/>\nF51, F53, F55, F60<br \/>\nEst\u00e1ndar de dise\u00f1o y producci\u00f3n: API 594 o DIN<br \/>\nDistancia entre bridas: ASME B16.10, EN558, DIN3202<br \/>\nConectado seg\u00fan norma: ANSI, API, DIN<br \/>\nEst\u00e1ndar de prueba: API598, API 600, ISO5208<br \/>\nMedio: La v\u00e1lvula es adecuada para varios medios, incluidos agua, vapor, petr\u00f3leo, gas, productos derivados del petr\u00f3leo, \u00e1cido n\u00edtrico, \u00e1cido ac\u00e9tico, etc.<br \/>\nTemperatura de trabajo: desde -46\u00baC o -50\u00baC (construcciones de acero inoxidable) y -29\u00baC o -46\u00baC (construcciones de acero al carbono) hasta 600\u2103<\/p>\n<table>\n<tbody>\n<tr>\n<td width=\"200\"><strong>nombre del producto<\/strong><\/td>\n<td width=\"481\">V\u00e1lvula de retenci\u00f3n de placa doble 2205, 150 lb, 4 pulgadas, tipo oblea<\/td>\n<\/tr>\n<tr>\n<td width=\"200\">1. Materiales<\/td>\n<td width=\"481\">2205<\/td>\n<\/tr>\n<tr>\n<td width=\"200\">2. Tama\u00f1o<\/td>\n<td width=\"481\">4\u201d<\/td>\n<\/tr>\n<tr>\n<td width=\"200\">4. Puerto<\/td>\n<td width=\"481\">Puerto lleno<\/td>\n<\/tr>\n<tr>\n<td width=\"200\">5. Presi\u00f3n de trabajo<\/td>\n<td width=\"481\">150 libras<\/td>\n<\/tr>\n<tr>\n<td width=\"200\">6. La conexi\u00f3n finaliza<\/td>\n<td width=\"481\">RF<\/td>\n<\/tr>\n<tr>\n<td width=\"200\">7. Temperatura de trabajo.<\/td>\n<td width=\"481\">-29~300\u00baC,<\/td>\n<\/tr>\n<tr>\n<td width=\"200\">8. Medio adecuado<\/td>\n<td width=\"481\">Agua, Gas Natural, Petr\u00f3leo y alg\u00fan l\u00edquido corrosivo<\/td>\n<\/tr>\n<tr>\n<td width=\"200\">9. Operado<\/td>\n<td width=\"481\">\/<\/td>\n<\/tr>\n<tr>\n<td width=\"200\">10. Inspecci\u00f3n y pruebas<\/td>\n<td width=\"481\">Seg\u00fan API598<\/td>\n<\/tr>\n<tr>\n<td width=\"200\"><strong>Env\u00edo<\/strong><\/td>\n<td width=\"481\"><\/td>\n<\/tr>\n<tr>\n<td width=\"200\">El tiempo de entrega<\/td>\n<td width=\"481\">30 dias<\/td>\n<\/tr>\n<tr>\n<td width=\"200\">Paquete<\/td>\n<td width=\"481\">Caja de madera contrachapada de exportaci\u00f3n est\u00e1ndar<\/td>\n<\/tr>\n<tr>\n<td width=\"200\">Puerto de embarque<\/td>\n<td width=\"481\">Ningbo\/Shangh\u00e1i, China<\/td>\n<\/tr>\n<tr>\n<td width=\"200\">Condiciones de env\u00edo<\/td>\n<td width=\"481\">Exw, MANDO, CFR, CIF, etc.<\/td>\n<\/tr>\n<tr>\n<td width=\"200\">T\u00e9rminos de pago<\/td>\n<td width=\"481\">T\/T, Western Union, PayPal, etc.<\/td>\n<\/tr>\n<tr>\n<td width=\"200\"><\/td>\n<td width=\"481\">Pago anticipado de 30%, saldo de 70% pagado antes del env\u00edo<\/td>\n<\/tr>\n<tr>\n<td width=\"200\">Pa\u00eds de origen<\/td>\n<td width=\"481\">Ciudad de Wenzhou, China<\/td>\n<\/tr>\n<tr>\n<td width=\"200\">Capacidad de producci\u00f3n<\/td>\n<td width=\"481\">6000 toneladas\/a\u00f1o<\/td>\n<\/tr>\n<tr>\n<td width=\"200\">Cantidad m\u00ednima de pedido<\/td>\n<td width=\"481\">1 unidad\/tama\u00f1o<\/td>\n<\/tr>\n<\/tbody>\n<\/table>","protected":false},"excerpt":{"rendered":"<p>La v\u00e1lvula de retenci\u00f3n de placa doble 2205 tiene caracter\u00edsticas de longitud corta, volumen peque\u00f1o y peso liviano. El disco se puede cerrar en muy poco tiempo, la presi\u00f3n del golpe de ariete es peque\u00f1a. El tipo de v\u00e1lvula de retenci\u00f3n puede instalarse tanto en vertical como en horizontal.<\/p>\n<p>1. Dise\u00f1o de disco ligero<br \/>\n2. Buena eficiencia de flujo<br \/>\n3. Cierre met\u00e1lico del asiento superior<br \/>\n4. Para conexi\u00f3n Wafer, LUG o BW<br \/>\n5. Resortes en Inconel X750 u otros materiales bajo pedido<\/p>\n<p>STV Valve Technology Group Co., Ltd es un l\u00edder profesional, v\u00e1lvula de retenci\u00f3n de material especial de alta calidad y m\u00e1s confiable de China, v\u00e1lvula de retenci\u00f3n de placa dual 2205, v\u00e1lvula de retenci\u00f3n de placa doble d\u00faplex, v\u00e1lvulas de retenci\u00f3n con entrega r\u00e1pida. Nuestros productos rentables pueden reducir el tiempo de inactividad y aumentar la vida \u00fatil.<\/p>","protected":false},"featured_media":5661,"template":"","meta":[],"product_brand":[],"product_cat":[46,84],"product_tag":[1419,1418,1420,1421],"class_list":{"0":"post-5660","1":"product","2":"type-product","3":"status-publish","4":"has-post-thumbnail","6":"product_cat-check-valves","7":"product_cat-wafer-check-valve","8":"product_tag-150lb-dual-plate-check-valve","9":"product_tag-2205-dual-plate-check-valve","10":"product_tag-4-inch-dual-plate-check-valve","11":"product_tag-wafer-dual-plate-check-valve","13":"first","14":"instock","15":"shipping-taxable","16":"product-type-simple"},"_links":{"self":[{"href":"https:\/\/www.stvvalves.com\/es\/wp-json\/wp\/v2\/product\/5660","targetHints":{"allow":["GET"]}}],"collection":[{"href":"https:\/\/www.stvvalves.com\/es\/wp-json\/wp\/v2\/product"}],"about":[{"href":"https:\/\/www.stvvalves.com\/es\/wp-json\/wp\/v2\/types\/product"}],"wp:featuredmedia":[{"embeddable":true,"href":"https:\/\/www.stvvalves.com\/es\/wp-json\/wp\/v2\/media\/5661"}],"wp:attachment":[{"href":"https:\/\/www.stvvalves.com\/es\/wp-json\/wp\/v2\/media?parent=5660"}],"wp:term":[{"taxonomy":"product_brand","embeddable":true,"href":"https:\/\/www.stvvalves.com\/es\/wp-json\/wp\/v2\/product_brand?post=5660"},{"taxonomy":"product_cat","embeddable":true,"href":"https:\/\/www.stvvalves.com\/es\/wp-json\/wp\/v2\/product_cat?post=5660"},{"taxonomy":"product_tag","embeddable":true,"href":"https:\/\/www.stvvalves.com\/es\/wp-json\/wp\/v2\/product_tag?post=5660"}],"curies":[{"name":"wp","href":"https:\/\/api.w.org\/{rel}","templated":true}]}}