{"id":5665,"date":"2020-12-29T03:16:32","date_gmt":"2020-12-29T03:16:32","guid":{"rendered":"https:\/\/www.stvvalves.com\/?post_type=product&#038;p=5665"},"modified":"2024-12-24T23:08:53","modified_gmt":"2024-12-24T15:08:53","slug":"cd3mn-swing-check-valve-dn100-150lb","status":"publish","type":"product","link":"https:\/\/www.stvvalves.com\/es\/products\/cd3mn-swing-check-valve-dn100-150lb\/","title":{"rendered":"V\u00e1lvula de retenci\u00f3n oscilante CD3MN, DN100, 150LB"},"content":{"rendered":"<p>Tama\u00f1o: de 2\u2033 a 36\u2033<br \/>\nPresi\u00f3n: 150 - 2500LB<br \/>\nMaterial: D\u00faplex S31803, S\u00faper D\u00faplex S32750, S\u00faper D\u00faplex S32760<br \/>\n1A\u3001\u30012A\u30013A\u30014A\u30015A\u30016A\u30011B\u30011C<br \/>\nCD4MCu\u3001CD4MCuN\u3001CD3MCuN\u3001CE8MN\u3001CD6MN\u3001CD3MN\u3001CE3MN\u3001CD3MWCuN<br \/>\nF51\u3001F53\u3001F55\u3001F6Est\u00e1ndar de dise\u00f1o y producci\u00f3n: API 600, API6D y ASME B16.34<br \/>\nDistancia entre bridas: API 6D, ASME B16.10<br \/>\nConectado seg\u00fan norma: ANSI B16.5, ASME B16.47, ANSI B16.25<br \/>\nEst\u00e1ndar de prueba: API598<br \/>\nMedio: la v\u00e1lvula es adecuada para varios medios, incluidos agua, vapor, petr\u00f3leo, gas, productos derivados del petr\u00f3leo, \u00e1cido n\u00edtrico, \u00e1cido ac\u00e9tico, etc.<br \/>\nTemperatura de trabajo: desde -46\u00baC o -50\u00baC (construcciones de acero inoxidable) y -29\u00baC o -46\u00baC (construcciones de acero al carbono) hasta 600\u2103<\/p>","protected":false},"excerpt":{"rendered":"<p>La v\u00e1lvula de retenci\u00f3n oscilante CD3MN es una v\u00e1lvula de paso total fundida, tipo retenci\u00f3n oscilante, montaje horizontal, fabricada de acuerdo con la norma API.<\/p>\n<p>V\u00e1lvula antirretorno completamente abierta<br \/>\nEs una v\u00e1lvula autom\u00e1tica cuando se abre o cierra autom\u00e1ticamente por la fuerza generada por el medio que fluye dentro de la tuber\u00eda.<br \/>\nSu funci\u00f3n principal es evitar el reflujo del medio en la tuber\u00eda,<br \/>\nrotaci\u00f3n inversa de la bomba y su motor de accionamiento, y descarga del medio en el recipiente.<\/p>\n<p>STV Valve Technology Group Co., Ltd es un l\u00edder profesional, v\u00e1lvula de retenci\u00f3n de material especial de alta calidad y m\u00e1s confiable de China, v\u00e1lvula de retenci\u00f3n oscilante CD3MN, v\u00e1lvula de retenci\u00f3n oscilante d\u00faplex, v\u00e1lvulas de retenci\u00f3n con entrega r\u00e1pida. Nuestros productos rentables pueden reducir el tiempo de inactividad. y aumentar la vida \u00fatil.<\/p>","protected":false},"featured_media":5666,"template":"","meta":[],"product_brand":[],"product_cat":[46,67],"product_tag":[1426,1425,1427,152],"class_list":{"0":"post-5665","1":"product","2":"type-product","3":"status-publish","4":"has-post-thumbnail","6":"product_cat-check-valves","7":"product_cat-stainless-steel-check-valve","8":"product_tag-cd3mn-swing-check-valve","9":"product_tag-duplex-swing-check-valve","10":"product_tag-special-material-check-valve","11":"product_tag-swing-check-valve","13":"first","14":"instock","15":"shipping-taxable","16":"product-type-simple"},"_links":{"self":[{"href":"https:\/\/www.stvvalves.com\/es\/wp-json\/wp\/v2\/product\/5665","targetHints":{"allow":["GET"]}}],"collection":[{"href":"https:\/\/www.stvvalves.com\/es\/wp-json\/wp\/v2\/product"}],"about":[{"href":"https:\/\/www.stvvalves.com\/es\/wp-json\/wp\/v2\/types\/product"}],"wp:featuredmedia":[{"embeddable":true,"href":"https:\/\/www.stvvalves.com\/es\/wp-json\/wp\/v2\/media\/5666"}],"wp:attachment":[{"href":"https:\/\/www.stvvalves.com\/es\/wp-json\/wp\/v2\/media?parent=5665"}],"wp:term":[{"taxonomy":"product_brand","embeddable":true,"href":"https:\/\/www.stvvalves.com\/es\/wp-json\/wp\/v2\/product_brand?post=5665"},{"taxonomy":"product_cat","embeddable":true,"href":"https:\/\/www.stvvalves.com\/es\/wp-json\/wp\/v2\/product_cat?post=5665"},{"taxonomy":"product_tag","embeddable":true,"href":"https:\/\/www.stvvalves.com\/es\/wp-json\/wp\/v2\/product_tag?post=5665"}],"curies":[{"name":"wp","href":"https:\/\/api.w.org\/{rel}","templated":true}]}}