{"id":5667,"date":"2020-12-29T03:48:27","date_gmt":"2020-12-29T03:48:27","guid":{"rendered":"https:\/\/www.stvvalves.com\/?post_type=product&#038;p=5667"},"modified":"2025-02-17T18:33:13","modified_gmt":"2025-02-17T10:33:13","slug":"2205-din-flange-y-filter-dn200-pn16","status":"publish","type":"product","link":"https:\/\/www.stvvalves.com\/es\/products\/2205-din-flange-y-filter-dn200-pn16\/","title":{"rendered":"Filtro Y con brida DIN 2205, DN200, PN16"},"content":{"rendered":"<p>Tama\u00f1o: de \u00bd\u201d a 24\u201d<br \/>\nPresi\u00f3n: PN10 \u2013 PN160<br \/>\nMaterial: Tianio: TA1, TA2, TA10, TC4, GR2, GR3, GR5<br \/>\nAleaci\u00f3n de n\u00edquel: N6, N201, N200, CZ-100<br \/>\nAleaci\u00f3n Hastelloy: Hastello B (N-12MV, N-7M), Hastello C (CW-12MW)<br \/>\nHastelloy C276(CW-6MC), Hastelloy C4, Hastelloy G30<br \/>\nAleaci\u00f3n de Monel: M-30C, M35-1, Monel 400, Monel 600, Monel K500<br \/>\nInconel: Inconel 600, Inconel 800, Inconel 690<br \/>\nAcero d\u00faplex: S31803(SAF2205, F51), S32750(SAF2507, F53)<br \/>\nCirconio: circonio 702, circonio 705.<br \/>\nAcero inoxidable austen\u00edtico: 904L, 254SMO. 654SMO<br \/>\nOtros: NS143\/Aleaci\u00f3n20, C4<\/p>\n<p>Especificaci\u00f3n t\u00e9cnica<\/p>\n<p>Est\u00e1ndar de dise\u00f1o: DIN 3356 \/ EN 13709<br \/>\nCara a cara: DIN3202 \/ EN 558-1<br \/>\nExtremos de brida: DIN2543-2545 \/ EN 1092-1<br \/>\nPrueba e inspecci\u00f3n: DIN 3230 \/ EN 12266<\/p>\n<p>Aplicaci\u00f3n: Industria, centrales el\u00e9ctricas, plantas de purificaci\u00f3n de gases de combusti\u00f3n, tecnolog\u00eda de procesamiento, suministro de gas, instalaciones de vapor, instalaciones de reciclaje, instalaciones de vac\u00edo, agua caliente, tecnolog\u00eda de calefacci\u00f3n, calefacci\u00f3n urbana, aplicaciones de aceite t\u00e9rmico, fabricaci\u00f3n de plantas en general, etc. (otras aplicaciones bajo pedido) )<\/p>\n<p>Medio: Vapor, gases, agua caliente, fluidos t\u00e9rmicos, aceite caliente, agua de proceso, instalaciones de vac\u00edo, amon\u00edaco, etc. (otros medios de flujo bajo pedido)<\/p>\n<p>Temperatura de trabajo: Temperatura de trabajo: desde -46\u00baC o -50\u00baC (construcciones de acero inoxidable) y -29\u00baC o -46\u00baC (construcciones de acero al carbono) hasta 400\u2103<\/p>","protected":false},"excerpt":{"rendered":"<p class=\"price\">2205 DIN Brida Y Tipo de cuerpo de filtro para caudales bajos y diferentes grados de filtraci\u00f3n. Tapa y tap\u00f3n de drenaje atornillados, fabricados seg\u00fan norma DIN.<\/p>\n<div class=\"woocommerce-product-details__short-description\">\n<p>STV Valve Technology Group Co., Ltd es un l\u00edder profesional en China Filtro en Y con brida DIN 2205, Filtro en Y con brida DN200 2205, Filtro en Y con brida PN16 2205 Fabricante con alta calidad y precio competitivo.<\/p>\n<\/div>","protected":false},"featured_media":5668,"template":"","meta":[],"product_brand":[],"product_cat":[85,48],"product_tag":[1428,1429,1430],"class_list":{"0":"post-5667","1":"product","2":"type-product","3":"status-publish","4":"has-post-thumbnail","6":"product_cat-stainless-steel-y-type-strainer","7":"product_cat-y-strainer","8":"product_tag-china-2205-din-flange-y-filter","9":"product_tag-dn200-2205-flanged-y-strainer","10":"product_tag-pn16-2205-flanged-y-strainer-manufacturer","12":"first","13":"instock","14":"shipping-taxable","15":"product-type-simple"},"_links":{"self":[{"href":"https:\/\/www.stvvalves.com\/es\/wp-json\/wp\/v2\/product\/5667","targetHints":{"allow":["GET"]}}],"collection":[{"href":"https:\/\/www.stvvalves.com\/es\/wp-json\/wp\/v2\/product"}],"about":[{"href":"https:\/\/www.stvvalves.com\/es\/wp-json\/wp\/v2\/types\/product"}],"wp:featuredmedia":[{"embeddable":true,"href":"https:\/\/www.stvvalves.com\/es\/wp-json\/wp\/v2\/media\/5668"}],"wp:attachment":[{"href":"https:\/\/www.stvvalves.com\/es\/wp-json\/wp\/v2\/media?parent=5667"}],"wp:term":[{"taxonomy":"product_brand","embeddable":true,"href":"https:\/\/www.stvvalves.com\/es\/wp-json\/wp\/v2\/product_brand?post=5667"},{"taxonomy":"product_cat","embeddable":true,"href":"https:\/\/www.stvvalves.com\/es\/wp-json\/wp\/v2\/product_cat?post=5667"},{"taxonomy":"product_tag","embeddable":true,"href":"https:\/\/www.stvvalves.com\/es\/wp-json\/wp\/v2\/product_tag?post=5667"}],"curies":[{"name":"wp","href":"https:\/\/api.w.org\/{rel}","templated":true}]}}