{"id":5672,"date":"2020-12-30T06:38:47","date_gmt":"2020-12-30T06:38:47","guid":{"rendered":"https:\/\/www.stvvalves.com\/?post_type=product&#038;p=5672"},"modified":"2025-02-17T18:33:21","modified_gmt":"2025-02-17T10:33:21","slug":"cy40-gate-valve-ansi-150lb-dn50","status":"publish","type":"product","link":"https:\/\/www.stvvalves.com\/es\/products\/cy40-gate-valve-ansi-150lb-dn50\/","title":{"rendered":"V\u00e1lvula de compuerta CY40,Ansi 150LB,DN50"},"content":{"rendered":"<p>Tama\u00f1o: de 2\u2033 a 48\u2033<br \/>\nPresi\u00f3n: 150 - 2500LB<br \/>\nMateriales: Inconel 600,Inconel 625,Incoloy 800,Incoloy 825<br \/>\nCY40,CW6MC,CT15C,CU5MCuC,<br \/>\nNO6600,NO6625,NO8800,NO8825<br \/>\nEst\u00e1ndar de dise\u00f1o y producci\u00f3n: API 600, API6D y ASME B16.34<br \/>\nDistancia est\u00e1ndar entre bridas: API 6D, ASME B16.10<br \/>\nConectado seg\u00fan norma: ANSI B16.5, ASME B16.47, ANSI B16.25<br \/>\nEst\u00e1ndar de prueba: API598<br \/>\nActuaci\u00f3n: puede operar con palanca, caja de cambios, actuador neum\u00e1tico o el\u00e9ctrico con volante para emergencias.<br \/>\nMedio: La v\u00e1lvula es adecuada para varios medios, incluidos agua, vapor, petr\u00f3leo, gas, productos derivados del petr\u00f3leo, \u00e1cido n\u00edtrico, \u00e1cido ac\u00e9tico, etc.<br \/>\nTemperatura de trabajo: desde -46\u00baC o -50\u00baC (construcciones de acero inoxidable) y -29\u00baC (construcciones de acero al carbono) hasta 600\u2103<\/p>","protected":false},"excerpt":{"rendered":"<p>La v\u00e1lvula de compuerta CK20 se usa ampliamente en las industrias de petr\u00f3leo, productos qu\u00edmicos, medicamentos, fertilizantes, energ\u00eda el\u00e9ctrica, etc. como v\u00e1lvulas de control de encendido\/apagado para pasar o cortar el medio. La compuerta est\u00e1 dise\u00f1ada como una compuerta flexible en cu\u00f1a de f\u00e1cil sellado y compensaci\u00f3n de desgaste, la superficie del sello est\u00e1 recubierta con una aleaci\u00f3n endurecida resistente al desgaste; la superficie del sello del asiento recubierta con una aleaci\u00f3n endurecida resistente al desgaste para que coincida con la superficie del sello de la compuerta; el v\u00e1stago est\u00e1 especialmente tratado para garantizar su resistencia, rigidez, resistencia a la corrosi\u00f3n y resistencia a la abrasi\u00f3n. Nuestra v\u00e1lvula de compuerta tiene un sello confiable, un uso seguro y una operaci\u00f3n f\u00e1cil. Las v\u00e1lvulas est\u00e1n disponibles en una gama completa de materiales y accesorios para cuerpo\/casquete, que se utilizan para medios como agua, vapor, productos derivados del petr\u00f3leo, \u00e1cido n\u00edtrico, \u00e1cido ac\u00e9tico, etc.<\/p>\n<p>Modelo:Z41H-150LB-3-G1\u2033<\/p>\n<p>Caracteristicas de dise\u00f1o<br \/>\nDise\u00f1o de puerto completo<br \/>\nOS&amp;Y, exterior y tornillo<br \/>\nCap\u00f3 atornillado, estructura de sellado posterior<br \/>\nCu\u00f1a flexible, totalmente guiada<br \/>\nElecci\u00f3n de cu\u00f1a s\u00f3lida o dividida<br \/>\nAsiento renovable o soldado<br \/>\nDise\u00f1o de v\u00e1stago extendido para bajas temperaturas.<br \/>\nExtremos bridados o para soldar a tope<\/p>\n<p>STV Valve Technology Group Co., Ltd es un l\u00edder profesional en v\u00e1lvula de compuerta CY40 de China, v\u00e1lvula de compuerta Ansi 150LB CY40, v\u00e1lvula de compuerta CY40 de 2 pulgadas, fabricante de v\u00e1lvula de compuerta CY40 con extremo de brida con alta calidad y precio competitivo.<\/p>","protected":false},"featured_media":5673,"template":"","meta":[],"product_brand":[],"product_cat":[44,60],"product_tag":[1437,1436,1435,1438],"class_list":{"0":"post-5672","1":"product","2":"type-product","3":"status-publish","4":"has-post-thumbnail","6":"product_cat-gate-valve","7":"product_cat-stainless-steel-gate-valve","8":"product_tag-2-inch-cy40-gate-valve","9":"product_tag-ansi-150lb-cy40-gate-valve","10":"product_tag-china-cy40-gate-valve","11":"product_tag-flange-end-cy40-gate-valve-manufacturer","13":"first","14":"instock","15":"shipping-taxable","16":"product-type-simple"},"_links":{"self":[{"href":"https:\/\/www.stvvalves.com\/es\/wp-json\/wp\/v2\/product\/5672","targetHints":{"allow":["GET"]}}],"collection":[{"href":"https:\/\/www.stvvalves.com\/es\/wp-json\/wp\/v2\/product"}],"about":[{"href":"https:\/\/www.stvvalves.com\/es\/wp-json\/wp\/v2\/types\/product"}],"wp:featuredmedia":[{"embeddable":true,"href":"https:\/\/www.stvvalves.com\/es\/wp-json\/wp\/v2\/media\/5673"}],"wp:attachment":[{"href":"https:\/\/www.stvvalves.com\/es\/wp-json\/wp\/v2\/media?parent=5672"}],"wp:term":[{"taxonomy":"product_brand","embeddable":true,"href":"https:\/\/www.stvvalves.com\/es\/wp-json\/wp\/v2\/product_brand?post=5672"},{"taxonomy":"product_cat","embeddable":true,"href":"https:\/\/www.stvvalves.com\/es\/wp-json\/wp\/v2\/product_cat?post=5672"},{"taxonomy":"product_tag","embeddable":true,"href":"https:\/\/www.stvvalves.com\/es\/wp-json\/wp\/v2\/product_tag?post=5672"}],"curies":[{"name":"wp","href":"https:\/\/api.w.org\/{rel}","templated":true}]}}