{"id":5784,"date":"2021-03-22T13:09:09","date_gmt":"2021-03-22T13:09:09","guid":{"rendered":"https:\/\/www.stvvalves.com\/?post_type=product&#038;p=5784"},"modified":"2024-12-25T09:30:21","modified_gmt":"2024-12-25T01:30:21","slug":"single-seat-ball-float-type-steam-trap","status":"publish","type":"product","link":"https:\/\/www.stvvalves.com\/es\/products\/single-seat-ball-float-type-steam-trap\/","title":{"rendered":"Trampa de vapor tipo flotador de bola de asiento \u00fanico"},"content":{"rendered":"<p>1. Purgador de vapor de acero al carbono 1.0619 (WCB).<br \/>\n2. Piezas internas de acero inoxidable.<br \/>\n3. Ventilaci\u00f3n de aire autom\u00e1tica integral.<br \/>\n4. Alta durabilidad y f\u00e1cil mantenimiento.<br \/>\n5. Aplicaci\u00f3n: Drenaje de tuber\u00edas de vapor.<br \/>\n6. Extremos bridados seg\u00fan EN 1092-1 PN16.<br \/>\n7. DN25: Asiento individual<br \/>\nDN40-50: Doble Asiento<br \/>\nLas condiciones de trabajo:<br \/>\nInstalaci\u00f3n horizontal (ver la flecha indicadora).<br \/>\nVer flecha de direcci\u00f3n del flujo.<br \/>\nCondiciones de dise\u00f1o de la carrocer\u00eda: PN16.<br \/>\nPresi\u00f3n m\u00e1xima permitida (PMA): 16 bar a 120\u00baC.<br \/>\nTemperatura m\u00e1xima permitida (TMA): 250\u00baC.<br \/>\nPresi\u00f3n diferencial m\u00e1xima:<br \/>\nModelo 045: \u0394P m\u00e1x 4,5 bar<br \/>\nModelo 100: \u0394P m\u00e1x 10 bar<\/p>\n<p>Ampliamente aplicado en petr\u00f3leo, metalurgia, industria qu\u00edmica, fabricaci\u00f3n de papel, alimentos y equipos de vapor, secadores y grandes intercambiadores de calor, especialmente para trabajar.<br \/>\nLugares con gran cantidad de agua condensada para descargar.<br \/>\nVentaja<br \/>\n1. Dos bases de v\u00e1lvulas equilibradas aumentan el \u00e1rea de flujo y absorben una gran cantidad de agua descargada.<br \/>\n2. La mezcla de descarga autom\u00e1tica de gas en el interior puede descargar el gas a tiempo mientras abre r\u00e1pidamente el equipo.<br \/>\n3. Las estructuras de acero inoxidable brindan un desempe\u00f1o perfecto en materia de lucha contra la corrupci\u00f3n.<\/p>\n<p><img loading=\"lazy\" decoding=\"async\" class=\"alignleft size-full wp-image-5785\" src=\"https:\/\/www.stvvalves.com\/wp-content\/uploads\/2021\/03\/single-seat-ball-float-stem-trap.jpg\" alt=\"\" width=\"1259\" height=\"794\" srcset=\"https:\/\/www.stvvalves.com\/wp-content\/uploads\/2021\/03\/single-seat-ball-float-stem-trap.jpg 1259w, https:\/\/www.stvvalves.com\/wp-content\/uploads\/2021\/03\/single-seat-ball-float-stem-trap-600x378.jpg 600w, https:\/\/www.stvvalves.com\/wp-content\/uploads\/2021\/03\/single-seat-ball-float-stem-trap-300x189.jpg 300w, https:\/\/www.stvvalves.com\/wp-content\/uploads\/2021\/03\/single-seat-ball-float-stem-trap-1030x650.jpg 1030w, https:\/\/www.stvvalves.com\/wp-content\/uploads\/2021\/03\/single-seat-ball-float-stem-trap-768x484.jpg 768w, https:\/\/www.stvvalves.com\/wp-content\/uploads\/2021\/03\/single-seat-ball-float-stem-trap-705x445.jpg 705w\" sizes=\"auto, (max-width: 1259px) 100vw, 1259px\" \/><\/p>","protected":false},"excerpt":{"rendered":"<p>Trampa de vapor tipo flotador de bola de asiento \u00fanico<\/p>\n<p>1. Este tipo de trampa de vapor se aplica con un asiento \u00fanico equilibrado con cierre confiable y larga vida \u00fatil.<br \/>\n2. Siempre ha habido condensaci\u00f3n a alta temperatura con el agua aguas arriba, lo que formar\u00e1 un sello de agua confiable sin fugas de vapor.<br \/>\n3. Su funcionamiento no provocar\u00e1 ning\u00fan ruido. Por tanto, es preferible al medio ambiente.<br \/>\n4. La v\u00e1lvula est\u00e1 completamente abierta cuando sale vapor por primera vez. El agua y el aire de condensaci\u00f3n a baja temperatura se pueden descargar nuevamente, lo que acorta en gran medida el tiempo de puesta en marcha del equipo.<br \/>\n5. Todas las piezas internas est\u00e1n hechas de acero inoxidable, que es resistente a la corrosi\u00f3n y la erosi\u00f3n por caviaci\u00f3n.<\/p>","protected":false},"featured_media":5786,"template":"","meta":[],"product_brand":[],"product_cat":[83,46],"product_tag":[1474],"class_list":{"0":"post-5784","1":"product","2":"type-product","3":"status-publish","4":"has-post-thumbnail","6":"product_cat-cast-steel-check-valve","7":"product_cat-check-valves","8":"product_tag-single-seat-ball-float-type-steam-trap","10":"first","11":"instock","12":"shipping-taxable","13":"product-type-simple"},"_links":{"self":[{"href":"https:\/\/www.stvvalves.com\/es\/wp-json\/wp\/v2\/product\/5784","targetHints":{"allow":["GET"]}}],"collection":[{"href":"https:\/\/www.stvvalves.com\/es\/wp-json\/wp\/v2\/product"}],"about":[{"href":"https:\/\/www.stvvalves.com\/es\/wp-json\/wp\/v2\/types\/product"}],"wp:featuredmedia":[{"embeddable":true,"href":"https:\/\/www.stvvalves.com\/es\/wp-json\/wp\/v2\/media\/5786"}],"wp:attachment":[{"href":"https:\/\/www.stvvalves.com\/es\/wp-json\/wp\/v2\/media?parent=5784"}],"wp:term":[{"taxonomy":"product_brand","embeddable":true,"href":"https:\/\/www.stvvalves.com\/es\/wp-json\/wp\/v2\/product_brand?post=5784"},{"taxonomy":"product_cat","embeddable":true,"href":"https:\/\/www.stvvalves.com\/es\/wp-json\/wp\/v2\/product_cat?post=5784"},{"taxonomy":"product_tag","embeddable":true,"href":"https:\/\/www.stvvalves.com\/es\/wp-json\/wp\/v2\/product_tag?post=5784"}],"curies":[{"name":"wp","href":"https:\/\/api.w.org\/{rel}","templated":true}]}}