{"id":6425,"date":"2022-08-05T12:37:50","date_gmt":"2022-08-05T04:37:50","guid":{"rendered":"https:\/\/www.stvvalves.com\/?post_type=product&#038;p=6425"},"modified":"2025-02-18T13:58:04","modified_gmt":"2025-02-18T05:58:04","slug":"150lb-c95800-y-strainer-dn40rf-flange-end","status":"publish","type":"product","link":"https:\/\/www.stvvalves.com\/es\/products\/150lb-c95800-y-strainer-dn40rf-flange-end\/","title":{"rendered":"Filtro en Y de 150LB C95800, DN40, extremo con brida RF"},"content":{"rendered":"<p>China Proveedor de filtro ASTM B148 C95800 Y: Filtro ASTM B148 C95800 Y para agua de mar, 11\/2 pulgada, clase 150 LB, ASME B16.34, extremos con bridas RF.<\/p>\n<p>Dise\u00f1o y fabricaci\u00f3n: API6D y ANSI B16.34.<br \/>\nDimensi\u00f3n cara a cara: ASME B16.10<br \/>\nDimensi\u00f3n de la brida final:ASME B16.5<br \/>\nDimensi\u00f3n soldada a tope: ASME B16.25<br \/>\nPrueba e inspecci\u00f3n: API598<\/p>\n<p>Especificaci\u00f3n: Tama\u00f1o: 2\u2033-24\u2033<br \/>\nPresi\u00f3n: 150-300 lb<br \/>\nMateriales: C95800, C95400, C92200, C90500<br \/>\nTemperatura;-196\u00b0C+545\u00b0C Servicio: Agua de mar<\/p>\n<table>\n<tbody>\n<tr>\n<td width=\"200\"><strong>nombre del producto<\/strong><\/td>\n<td width=\"481\">Filtro en Y de 150LB C95800, DN40, extremo con brida RF<\/td>\n<\/tr>\n<tr>\n<td width=\"200\">1. Materiales<\/td>\n<td width=\"481\">C95800<\/td>\n<\/tr>\n<tr>\n<td width=\"200\">2. Tama\u00f1o<\/td>\n<td width=\"481\">11\/2\u201d<\/td>\n<\/tr>\n<tr>\n<td width=\"200\">4. Puerto<\/td>\n<td width=\"481\">Puerto lleno<\/td>\n<\/tr>\n<tr>\n<td width=\"200\">5. Presi\u00f3n de trabajo<\/td>\n<td width=\"481\">150 libras<\/td>\n<\/tr>\n<tr>\n<td width=\"200\">6. La conexi\u00f3n finaliza<\/td>\n<td width=\"481\">RF<\/td>\n<\/tr>\n<tr>\n<td width=\"200\">7. Temperatura de trabajo.<\/td>\n<td width=\"481\">-29~200\u00baC,<\/td>\n<\/tr>\n<tr>\n<td width=\"200\">8. Medio adecuado<\/td>\n<td width=\"481\">Agua, Gas Natural, Petr\u00f3leo y alg\u00fan l\u00edquido corrosivo<\/td>\n<\/tr>\n<tr>\n<td width=\"200\">9. Operado<\/td>\n<td width=\"481\">\/<\/td>\n<\/tr>\n<tr>\n<td width=\"200\">10. Inspecci\u00f3n y pruebas<\/td>\n<td width=\"481\">Seg\u00fan API598<\/td>\n<\/tr>\n<tr>\n<td width=\"200\"><strong>Env\u00edo<\/strong><\/td>\n<td width=\"481\"><\/td>\n<\/tr>\n<tr>\n<td width=\"200\">El tiempo de entrega<\/td>\n<td width=\"481\">30 dias<\/td>\n<\/tr>\n<tr>\n<td width=\"200\">Paquete<\/td>\n<td width=\"481\">Caja de madera contrachapada de exportaci\u00f3n est\u00e1ndar<\/td>\n<\/tr>\n<tr>\n<td width=\"200\">Puerto de embarque<\/td>\n<td width=\"481\">Ningbo\/Shangh\u00e1i, China<\/td>\n<\/tr>\n<tr>\n<td width=\"200\">Condiciones de env\u00edo<\/td>\n<td width=\"481\">Exw, MANDO, CFR, CIF, etc.<\/td>\n<\/tr>\n<tr>\n<td width=\"200\">T\u00e9rminos de pago<\/td>\n<td width=\"481\">T\/T, Western Union, PayPal, etc.<\/td>\n<\/tr>\n<tr>\n<td width=\"200\"><\/td>\n<td width=\"481\">Pago anticipado de 30%, saldo de 70% pagado antes del env\u00edo<\/td>\n<\/tr>\n<tr>\n<td width=\"200\">Pa\u00eds de origen<\/td>\n<td width=\"481\">Ciudad de Wenzhou, China<\/td>\n<\/tr>\n<tr>\n<td width=\"200\">Capacidad de producci\u00f3n<\/td>\n<td width=\"481\">6000 toneladas\/a\u00f1o<\/td>\n<\/tr>\n<tr>\n<td width=\"200\">Cantidad m\u00ednima de pedido<\/td>\n<td width=\"481\">1 unidad\/tama\u00f1o<\/td>\n<\/tr>\n<\/tbody>\n<\/table>\n<p>&nbsp;<\/p>","protected":false},"excerpt":{"rendered":"<p>El filtro tipo Y de bronce de aluminio C95800 tiene la misma resistencia a la corrosi\u00f3n uniforme del agua de mar, a la corrosi\u00f3n por cavitaci\u00f3n y a la fatiga por corrosi\u00f3n que el acero s\u00faper inoxidable, y tiene una excelente conductividad t\u00e9rmica y el\u00e9ctrica, buena resistencia al desgaste, rendimiento de soldadura y contaminaci\u00f3n biol\u00f3gica contra el mar. Capacidad y el precio es bajo. Por lo tanto, considerando el precio y el rendimiento contra la corrosi\u00f3n, el filtro tipo Y de n\u00edquel-aluminio-bronce satisface completamente las necesidades de filtraci\u00f3n del sistema de tuber\u00edas de agua de mar y su rango de aplicaci\u00f3n se est\u00e1 expandiendo gradualmente.<\/p>\n<p>El filtro tipo Y de bronce y aluminio C95800 se utiliza principalmente en la desalinizaci\u00f3n de agua de mar y campos relacionados. Por lo general, se instala en el extremo de entrada de equipos como bombas y v\u00e1lvulas para eliminar impurezas en el medio y evitar que part\u00edculas de impurezas ingresen al canal y causen obstrucciones para proteger el equipo. Los accesorios de las tuber\u00edas est\u00e1n protegidos contra el desgaste y la obstrucci\u00f3n.<\/p>","protected":false},"featured_media":6426,"template":"","meta":[],"product_brand":[],"product_cat":[85,48],"product_tag":[1515,1513,1512,1514],"class_list":{"0":"post-6425","1":"product","2":"type-product","3":"status-publish","4":"has-post-thumbnail","6":"product_cat-stainless-steel-y-type-strainer","7":"product_cat-y-strainer","8":"product_tag-asme-b16-34-c95800-y-strainer","9":"product_tag-astm-b148-c95800-y-strainer","10":"product_tag-c95800-y-strainer-supplier","11":"product_tag-class-150-lb-c95800-y-strainer","13":"first","14":"instock","15":"shipping-taxable","16":"product-type-simple"},"_links":{"self":[{"href":"https:\/\/www.stvvalves.com\/es\/wp-json\/wp\/v2\/product\/6425","targetHints":{"allow":["GET"]}}],"collection":[{"href":"https:\/\/www.stvvalves.com\/es\/wp-json\/wp\/v2\/product"}],"about":[{"href":"https:\/\/www.stvvalves.com\/es\/wp-json\/wp\/v2\/types\/product"}],"wp:featuredmedia":[{"embeddable":true,"href":"https:\/\/www.stvvalves.com\/es\/wp-json\/wp\/v2\/media\/6426"}],"wp:attachment":[{"href":"https:\/\/www.stvvalves.com\/es\/wp-json\/wp\/v2\/media?parent=6425"}],"wp:term":[{"taxonomy":"product_brand","embeddable":true,"href":"https:\/\/www.stvvalves.com\/es\/wp-json\/wp\/v2\/product_brand?post=6425"},{"taxonomy":"product_cat","embeddable":true,"href":"https:\/\/www.stvvalves.com\/es\/wp-json\/wp\/v2\/product_cat?post=6425"},{"taxonomy":"product_tag","embeddable":true,"href":"https:\/\/www.stvvalves.com\/es\/wp-json\/wp\/v2\/product_tag?post=6425"}],"curies":[{"name":"wp","href":"https:\/\/api.w.org\/{rel}","templated":true}]}}