{"id":6427,"date":"2022-08-05T12:54:23","date_gmt":"2022-08-05T04:54:23","guid":{"rendered":"https:\/\/www.stvvalves.com\/?post_type=product&#038;p=6427"},"modified":"2025-02-18T13:58:03","modified_gmt":"2025-02-18T05:58:03","slug":"screwed-c95800-y-strainer-150lb-1-5-inch","status":"publish","type":"product","link":"https:\/\/www.stvvalves.com\/es\/products\/screwed-c95800-y-strainer-150lb-1-5-inch\/","title":{"rendered":"Colador en Y atornillado C95800, 150 lb, 1,5 pulgadas"},"content":{"rendered":"<p>Filtro en Y atornillado C95800: Ni, bronce de aluminio, B61, C92200, B62, C83600, B148, C95800, brida, globo, v\u00e1lvula GAMA DE PRODUCTOS: Tama\u00f1os: NPS 1,5 a NPS 48 Rango de presi\u00f3n: Clase 150 a Clase 600 Conexi\u00f3n de brida: RF, FF, RTJ MATERIALES: Fundici\u00f3n: Bronce de aluminio, Bronce Ni-Al, v\u00e1lvula de globo ASTM B61 (C92200), v\u00e1lvula de globo ASTM B62 (C83600), ASTM B148 (C95800), Monel, Inconel, Hastelloy EST\u00c1NDAR Dise\u00f1o y fabricaci\u00f3n BS 1873 \/ ANSI B16.34 Cara a cara ASME B16.10 Conexi\u00f3n final ASME B16.5,<\/p>\n<p>Dise\u00f1o y fabricaci\u00f3n: API6D y ANSI B16.34.<br \/>\nDimensi\u00f3n cara a cara: ASME B16.10<br \/>\nDimensi\u00f3n de la brida final:ASME B16.5<br \/>\nDimensi\u00f3n soldada a tope: ASME B16.25<br \/>\nPrueba e inspecci\u00f3n: API598<\/p>\n<p>Especificaci\u00f3n: Tama\u00f1o: 2\u2033-24\u2033<br \/>\nPresi\u00f3n: 150-300 lb<br \/>\nMateriales: C95800, C95400, C92200, C90500<br \/>\nTemperatura;-196\u00b0C+545\u00b0C Servicio: Agua de mar<\/p>\n<table>\n<tbody>\n<tr>\n<td width=\"200\"><strong>nombre del producto<\/strong><\/td>\n<td width=\"481\">Colador en Y atornillado C95800, 150 lb, 1,5 pulgadas<\/td>\n<\/tr>\n<tr>\n<td width=\"200\">1. Materiales<\/td>\n<td width=\"481\">C95800<\/td>\n<\/tr>\n<tr>\n<td width=\"200\">2. Tama\u00f1o<\/td>\n<td width=\"481\">11\/2\u201d<\/td>\n<\/tr>\n<tr>\n<td width=\"200\">4. Puerto<\/td>\n<td width=\"481\">Puerto lleno<\/td>\n<\/tr>\n<tr>\n<td width=\"200\">5. Presi\u00f3n de trabajo<\/td>\n<td width=\"481\">150 libras<\/td>\n<\/tr>\n<tr>\n<td width=\"200\">6. La conexi\u00f3n finaliza<\/td>\n<td width=\"481\">TNP<\/td>\n<\/tr>\n<tr>\n<td width=\"200\">7. Temperatura de trabajo.<\/td>\n<td width=\"481\">-29~200\u00baC,<\/td>\n<\/tr>\n<tr>\n<td width=\"200\">8. Medio adecuado<\/td>\n<td width=\"481\">Agua, Gas Natural, Petr\u00f3leo y alg\u00fan l\u00edquido corrosivo<\/td>\n<\/tr>\n<tr>\n<td width=\"200\">9. Operado<\/td>\n<td width=\"481\">\/<\/td>\n<\/tr>\n<tr>\n<td width=\"200\">10. Inspecci\u00f3n y pruebas<\/td>\n<td width=\"481\">Seg\u00fan API598<\/td>\n<\/tr>\n<tr>\n<td width=\"200\"><strong>Env\u00edo<\/strong><\/td>\n<td width=\"481\"><\/td>\n<\/tr>\n<tr>\n<td width=\"200\">El tiempo de entrega<\/td>\n<td width=\"481\">30 dias<\/td>\n<\/tr>\n<tr>\n<td width=\"200\">Paquete<\/td>\n<td width=\"481\">Caja de madera contrachapada de exportaci\u00f3n est\u00e1ndar<\/td>\n<\/tr>\n<tr>\n<td width=\"200\">Puerto de embarque<\/td>\n<td width=\"481\">Ningbo\/Shangh\u00e1i, China<\/td>\n<\/tr>\n<tr>\n<td width=\"200\">Condiciones de env\u00edo<\/td>\n<td width=\"481\">Exw, MANDO, CFR, CIF, etc.<\/td>\n<\/tr>\n<tr>\n<td width=\"200\">T\u00e9rminos de pago<\/td>\n<td width=\"481\">T\/T, Western Union, PayPal, etc.<\/td>\n<\/tr>\n<tr>\n<td width=\"200\"><\/td>\n<td width=\"481\">Pago anticipado de 30%, saldo de 70% pagado antes del env\u00edo<\/td>\n<\/tr>\n<tr>\n<td width=\"200\">Pa\u00eds de origen<\/td>\n<td width=\"481\">Ciudad de Wenzhou, China<\/td>\n<\/tr>\n<tr>\n<td width=\"200\">Capacidad de producci\u00f3n<\/td>\n<td width=\"481\">6000 toneladas\/a\u00f1o<\/td>\n<\/tr>\n<tr>\n<td width=\"200\">Cantidad m\u00ednima de pedido<\/td>\n<td width=\"481\">1 unidad\/tama\u00f1o<\/td>\n<\/tr>\n<\/tbody>\n<\/table>","protected":false},"excerpt":{"rendered":"<p>1. Fuerte propiedad antiincrustante, conveniente para la descarga de aguas residuales; gran \u00e1rea de flujo, peque\u00f1a p\u00e9rdida de presi\u00f3n; Estructura simple y peque\u00f1o volumen. Ligero.<br \/>\n2. Material del elemento filtrante. Todo fabricado en acero inoxidable. Fuerte resistencia a la corrosi\u00f3n. de larga duraci\u00f3n.<br \/>\n3. Densidad del filtro: malla l0-120, media: vapor, aire, agua, aceite o personalizado seg\u00fan los requisitos del usuario.<br \/>\n4. Caracter\u00edsticas telesc\u00f3picas: longitud estirada. La posici\u00f3n m\u00e1xima se puede mover y extender 100 mm. Propicio para una f\u00e1cil instalaci\u00f3n. Mejorar la eficiencia del trabajo.<\/p>","protected":false},"featured_media":6428,"template":"","meta":[],"product_brand":[],"product_cat":[85,48],"product_tag":[1517,1519,1518,1516],"class_list":{"0":"post-6427","1":"product","2":"type-product","3":"status-publish","4":"has-post-thumbnail","6":"product_cat-stainless-steel-y-type-strainer","7":"product_cat-y-strainer","8":"product_tag-150lb-c95800-y-strainer","9":"product_tag-b148-screwed-y-strainer","10":"product_tag-c95800-y-strainer","11":"product_tag-screwed-c95800-y-strainer","13":"first","14":"instock","15":"shipping-taxable","16":"product-type-simple"},"_links":{"self":[{"href":"https:\/\/www.stvvalves.com\/es\/wp-json\/wp\/v2\/product\/6427","targetHints":{"allow":["GET"]}}],"collection":[{"href":"https:\/\/www.stvvalves.com\/es\/wp-json\/wp\/v2\/product"}],"about":[{"href":"https:\/\/www.stvvalves.com\/es\/wp-json\/wp\/v2\/types\/product"}],"wp:featuredmedia":[{"embeddable":true,"href":"https:\/\/www.stvvalves.com\/es\/wp-json\/wp\/v2\/media\/6428"}],"wp:attachment":[{"href":"https:\/\/www.stvvalves.com\/es\/wp-json\/wp\/v2\/media?parent=6427"}],"wp:term":[{"taxonomy":"product_brand","embeddable":true,"href":"https:\/\/www.stvvalves.com\/es\/wp-json\/wp\/v2\/product_brand?post=6427"},{"taxonomy":"product_cat","embeddable":true,"href":"https:\/\/www.stvvalves.com\/es\/wp-json\/wp\/v2\/product_cat?post=6427"},{"taxonomy":"product_tag","embeddable":true,"href":"https:\/\/www.stvvalves.com\/es\/wp-json\/wp\/v2\/product_tag?post=6427"}],"curies":[{"name":"wp","href":"https:\/\/api.w.org\/{rel}","templated":true}]}}