{"id":6469,"date":"2022-08-07T11:20:20","date_gmt":"2022-08-07T03:20:20","guid":{"rendered":"https:\/\/www.stvvalves.com\/?post_type=product&#038;p=6469"},"modified":"2025-02-18T13:58:01","modified_gmt":"2025-02-18T05:58:01","slug":"jis-b2071-y-strainer-a351-cf8-8-inch-flange-end","status":"publish","type":"product","link":"https:\/\/www.stvvalves.com\/es\/products\/jis-b2071-y-strainer-a351-cf8-8-inch-flange-end\/","title":{"rendered":"Filtro en Y JIS B2071, A351 CF8,8 pulgadas, extremo con brida"},"content":{"rendered":"<p>Nombre del producto: Filtro JIS B2071 Y, A351 CF8,8 pulgadas, extremo con brida<br \/>\nDise\u00f1o: JIS B2071<br \/>\nMaterial: A351 CF8.<br \/>\nTama\u00f1o nominal: 8 pulgadas.<br \/>\nPresi\u00f3n nominal: jis10k.<br \/>\nConexi\u00f3n final: brida RF.<br \/>\nCara a cara: JIS B2220.<br \/>\nPrueba e inspecci\u00f3n: JIS B2003.<\/p>\n<p>Gama de productos:<br \/>\nMaterial del cuerpo: Acero al carbono, Acero inoxidable, Acero aleado.<br \/>\nDi\u00e1metro normal: 1\/2 \u2013 48 Pulgada (DN15 \u2013 DN1200).<br \/>\nConexi\u00f3n final: BW, Bridada.<br \/>\nRango de presi\u00f3n: 150 \u2013 2500 LB (PN16 \u2013 PN420).<br \/>\nTemperatura de trabajo: -196 \u2103 \u2013 +573 \u2103.<\/p>\n<div class=\"container_wrap container_wrap_first main_color sidebar_right template-shop shop_columns_4\">\n<div class=\"container\">\n<div id=\"product-5237\" class=\"product type-product post-5237 status-publish first instock product_cat-stainless-steel-y-type-strainer product_cat-y-strainer product_tag-304-y-filter product_tag-china-y-strainer-supplier product_tag-jis10k-y-strainers product_tag-scph2-flange-y-strainer product_tag-scs13-y-filter has-post-thumbnail featured shipping-taxable purchasable product-type-simple\">\n<div class=\"single-product-summary\">\n<div class=\"woocommerce-tabs wc-tabs-wrapper\">\n<div id=\"tab-description\" class=\"woocommerce-Tabs-panel woocommerce-Tabs-panel--description panel entry-content wc-tab\" role=\"tabpanel\" aria-labelledby=\"tab-title-description\">\n<table>\n<tbody>\n<tr>\n<td width=\"200\"><strong>nombre del producto<\/strong><\/td>\n<td width=\"481\">Filtro en Y JIS B2071, A351 CF8,8 pulgadas, extremo con brida<\/td>\n<\/tr>\n<tr>\n<td width=\"200\">1. Materiales<\/td>\n<td width=\"481\">304<\/td>\n<\/tr>\n<tr>\n<td width=\"200\">2. Tama\u00f1o<\/td>\n<td width=\"481\">8\u201d<\/td>\n<\/tr>\n<tr>\n<td width=\"200\">4. Puerto<\/td>\n<td width=\"481\">Puerto lleno<\/td>\n<\/tr>\n<tr>\n<td width=\"200\">5. Presi\u00f3n de trabajo<\/td>\n<td width=\"481\">10K<\/td>\n<\/tr>\n<tr>\n<td width=\"200\">6. La conexi\u00f3n finaliza<\/td>\n<td width=\"481\">RF<\/td>\n<\/tr>\n<tr>\n<td width=\"200\">7. Temperatura de trabajo.<\/td>\n<td width=\"481\">-29~30\u00baC,<\/td>\n<\/tr>\n<tr>\n<td width=\"200\">8. Medio adecuado<\/td>\n<td width=\"481\">Agua, Gas Natural, Petr\u00f3leo y alg\u00fan l\u00edquido corrosivo<\/td>\n<\/tr>\n<tr>\n<td width=\"200\">9. Operado<\/td>\n<td width=\"481\">\/<\/td>\n<\/tr>\n<tr>\n<td width=\"200\">10. Inspecci\u00f3n y pruebas<\/td>\n<td width=\"481\">Seg\u00fan JIS B2003<\/td>\n<\/tr>\n<tr>\n<td width=\"200\"><strong>Env\u00edo<\/strong><\/td>\n<td width=\"481\"><\/td>\n<\/tr>\n<tr>\n<td width=\"200\">El tiempo de entrega<\/td>\n<td width=\"481\">30 dias<\/td>\n<\/tr>\n<tr>\n<td width=\"200\">Paquete<\/td>\n<td width=\"481\">Caja de madera contrachapada de exportaci\u00f3n est\u00e1ndar<\/td>\n<\/tr>\n<tr>\n<td width=\"200\">Puerto de embarque<\/td>\n<td width=\"481\">Ningbo\/Shangh\u00e1i, China<\/td>\n<\/tr>\n<tr>\n<td width=\"200\">Condiciones de env\u00edo<\/td>\n<td width=\"481\">Exw, MANDO, CFR, CIF, etc.<\/td>\n<\/tr>\n<tr>\n<td width=\"200\">T\u00e9rminos de pago<\/td>\n<td width=\"481\">T\/T, Western Union, PayPal, etc.<\/td>\n<\/tr>\n<tr>\n<td width=\"200\"><\/td>\n<td width=\"481\">Pago anticipado de 30%, saldo de 70% pagado antes del env\u00edo<\/td>\n<\/tr>\n<tr>\n<td width=\"200\">Pa\u00eds de origen<\/td>\n<td width=\"481\">Ciudad de Wenzhou, China<\/td>\n<\/tr>\n<tr>\n<td width=\"200\">Capacidad de producci\u00f3n<\/td>\n<td width=\"481\">6000 toneladas\/a\u00f1o<\/td>\n<\/tr>\n<tr>\n<td width=\"200\">Cantidad m\u00ednima de pedido<\/td>\n<td width=\"481\">1 unidad\/tama\u00f1o<\/td>\n<\/tr>\n<\/tbody>\n<\/table>\n<\/div>\n<\/div>\n<\/div>\n<\/div>\n<\/div>\n<\/div>\n<div id=\"av_section_1\" class=\"avia-section alternate_color avia-section-small  container_wrap fullsize\">\n<div class=\"container\">\n<div class=\"template-page content  twelve alpha units\">\n<div class=\"product_column product_column_4\"><\/div>\n<\/div>\n<\/div>\n<\/div>","protected":false},"excerpt":{"rendered":"<p>Fabricante de filtro en Y JIS B2071 de China, STV ofrece filtro en Y A351 CF8, filtro en Y de 12 pulgadas, filtro en Y JIS10K, prueba e inspecci\u00f3n JIS B2003JIS B2003.<\/p>","protected":false},"featured_media":6470,"template":"","meta":[],"product_brand":[],"product_cat":[85,48],"product_tag":[1538,1537,1540,1539],"class_list":{"0":"post-6469","1":"product","2":"type-product","3":"status-publish","4":"has-post-thumbnail","6":"product_cat-stainless-steel-y-type-strainer","7":"product_cat-y-strainer","8":"product_tag-12-inch-y-strainer","9":"product_tag-china-jis-b2071-y-strainer-manufacturer-a351-cf8-y-strainer","10":"product_tag-jis-b2003-y-strainer","11":"product_tag-jis10k-y-strainer","13":"first","14":"instock","15":"shipping-taxable","16":"product-type-simple"},"_links":{"self":[{"href":"https:\/\/www.stvvalves.com\/es\/wp-json\/wp\/v2\/product\/6469","targetHints":{"allow":["GET"]}}],"collection":[{"href":"https:\/\/www.stvvalves.com\/es\/wp-json\/wp\/v2\/product"}],"about":[{"href":"https:\/\/www.stvvalves.com\/es\/wp-json\/wp\/v2\/types\/product"}],"wp:featuredmedia":[{"embeddable":true,"href":"https:\/\/www.stvvalves.com\/es\/wp-json\/wp\/v2\/media\/6470"}],"wp:attachment":[{"href":"https:\/\/www.stvvalves.com\/es\/wp-json\/wp\/v2\/media?parent=6469"}],"wp:term":[{"taxonomy":"product_brand","embeddable":true,"href":"https:\/\/www.stvvalves.com\/es\/wp-json\/wp\/v2\/product_brand?post=6469"},{"taxonomy":"product_cat","embeddable":true,"href":"https:\/\/www.stvvalves.com\/es\/wp-json\/wp\/v2\/product_cat?post=6469"},{"taxonomy":"product_tag","embeddable":true,"href":"https:\/\/www.stvvalves.com\/es\/wp-json\/wp\/v2\/product_tag?post=6469"}],"curies":[{"name":"wp","href":"https:\/\/api.w.org\/{rel}","templated":true}]}}