{"id":6499,"date":"2022-08-09T16:18:56","date_gmt":"2022-08-09T08:18:56","guid":{"rendered":"https:\/\/www.stvvalves.com\/?post_type=product&#038;p=6499"},"modified":"2024-12-24T23:08:50","modified_gmt":"2024-12-24T15:08:50","slug":"a494-cw12mw-swing-check-valve-300lb-8-inch-flange-end","status":"publish","type":"product","link":"https:\/\/www.stvvalves.com\/es\/products\/a494-cw12mw-swing-check-valve-300lb-8-inch-flange-end\/","title":{"rendered":"V\u00e1lvula de retenci\u00f3n oscilante A494 CW12MW, 300 lb, 8 pulgadas, extremo con brida"},"content":{"rendered":"<p>Nombre de productos: V\u00e1lvula de retenci\u00f3n oscilante A494 CW12MW, 300 lb, 8 pulgadas, extremo de brida<\/p>\n<div class=\"row\">\n<div class=\"col-md-12\">Dise\u00f1o: API 6D<br \/>\nCuerpo: A494 CW12MW<br \/>\nTama\u00f1o nominal: 8 pulgadas<br \/>\nClase nominal: 300 libras<br \/>\nConexi\u00f3n final: extremos RF<br \/>\nCara a Cara: ASME B16.10<\/div>\n<\/div>\n<p>Tama\u00f1o: de 2\u2033 a 36\u2033<br \/>\nPresi\u00f3n: 150 - 2500LB<br \/>\nMaterial: D\u00faplex S31803, S\u00faper D\u00faplex S32750, S\u00faper D\u00faplex S32760<br \/>\n1A\u3001\u30012A\u30013A\u30014A\u30015A\u30016A\u30011B\u30011C<br \/>\nCD4MCu\u3001CD4MCuN\u3001CD3MCuN\u3001CE8MN\u3001CD6MN\u3001CD3MN\u3001CE3MN\u3001CD3MWCuN<br \/>\nF51\u3001F53\u3001F55\u3001F6Est\u00e1ndar de dise\u00f1o y producci\u00f3n: API 600, API6D y ASME B16.34<br \/>\nDistancia entre bridas: API 6D, ASME B16.10<br \/>\nConectado seg\u00fan norma: ANSI B16.5, ASME B16.47, ANSI B16.25<br \/>\nEst\u00e1ndar de prueba: API598<br \/>\nMedio: la v\u00e1lvula es adecuada para varios medios, incluidos agua, vapor, petr\u00f3leo, gas, productos derivados del petr\u00f3leo, \u00e1cido n\u00edtrico, \u00e1cido ac\u00e9tico, etc.<br \/>\nTemperatura de trabajo: desde -46\u00baC o -50\u00baC (construcciones de acero inoxidable) y -29\u00baC o -46\u00baC (construcciones de acero al carbono) hasta 600\u2103<\/p>\n<table>\n<tbody>\n<tr>\n<td width=\"200\"><strong><b>nombre del producto<\/b><\/strong><\/td>\n<td width=\"481\">\u00a0V\u00e1lvula de retenci\u00f3n oscilante A494 CW12MW, 300 lb, 8 pulgadas, extremo con brida<\/td>\n<\/tr>\n<tr>\n<td width=\"200\">1. Materiales<\/td>\n<td width=\"481\">A494 CW12MW<\/td>\n<\/tr>\n<tr>\n<td width=\"200\">2. Tama\u00f1o<\/td>\n<td width=\"481\">8\u201d<\/td>\n<\/tr>\n<tr>\n<td width=\"200\">4. Puerto<\/td>\n<td width=\"481\">Puerto lleno<\/td>\n<\/tr>\n<tr>\n<td width=\"200\">5. Presi\u00f3n de trabajo<\/td>\n<td width=\"481\">300 libras<\/td>\n<\/tr>\n<tr>\n<td width=\"200\">6. La conexi\u00f3n finaliza<\/td>\n<td width=\"481\">RF<\/td>\n<\/tr>\n<tr>\n<td width=\"200\">7. Temperatura de trabajo.<\/td>\n<td width=\"481\">-29~250\u00baC,<\/td>\n<\/tr>\n<tr>\n<td width=\"200\">8. Medio adecuado<\/td>\n<td width=\"481\">Agua, Gas Natural, Petr\u00f3leo y alg\u00fan l\u00edquido corrosivo<\/td>\n<\/tr>\n<tr>\n<td width=\"200\">9. Operado<\/td>\n<td width=\"481\">X<\/td>\n<\/tr>\n<tr>\n<td width=\"200\">10. Inspecci\u00f3n y pruebas<\/td>\n<td width=\"481\">Seg\u00fan API 598<\/td>\n<\/tr>\n<tr>\n<td width=\"200\"><strong><b>Env\u00edo<\/b><\/strong><\/td>\n<td width=\"481\"><\/td>\n<\/tr>\n<tr>\n<td width=\"200\">El tiempo de entrega<\/td>\n<td width=\"481\">30 dias<\/td>\n<\/tr>\n<tr>\n<td width=\"200\">Paquete<\/td>\n<td width=\"481\">Caja de madera contrachapada de exportaci\u00f3n est\u00e1ndar<\/td>\n<\/tr>\n<tr>\n<td width=\"200\">Puerto de embarque<\/td>\n<td width=\"481\">Ningbo\/Shangh\u00e1i, China<\/td>\n<\/tr>\n<tr>\n<td width=\"200\">Condiciones de env\u00edo<\/td>\n<td width=\"481\">Exw, MANDO, CFR, CIF, etc.<\/td>\n<\/tr>\n<tr>\n<td width=\"200\">T\u00e9rminos de pago<\/td>\n<td width=\"481\">T\/T, Western Union, PayPal, etc.<\/td>\n<\/tr>\n<tr>\n<td width=\"200\"><\/td>\n<td width=\"481\">Pago anticipado de 30%, saldo de 70% pagado antes del env\u00edo<\/td>\n<\/tr>\n<tr>\n<td width=\"200\">Pa\u00eds de origen<\/td>\n<td width=\"481\">Ciudad de Wenzhou, China<\/td>\n<\/tr>\n<tr>\n<td width=\"200\">Capacidad de producci\u00f3n<\/td>\n<td width=\"481\">6000 toneladas\/a\u00f1o<\/td>\n<\/tr>\n<tr>\n<td width=\"200\">Cantidad m\u00ednima de pedido<\/td>\n<td width=\"481\">10 unidades\/tama\u00f1o<\/td>\n<\/tr>\n<\/tbody>\n<\/table>","protected":false},"excerpt":{"rendered":"<p>STV Valve Technology Group Co., Ltd es un proveedor l\u00edder profesional de v\u00e1lvula de retenci\u00f3n oscilante A494 CW12MW, v\u00e1lvula de retenci\u00f3n oscilante A494 CW12MW en China, v\u00e1lvula de retenci\u00f3n oscilante de 300 lb, v\u00e1lvula de retenci\u00f3n oscilante d\u00faplex, v\u00e1lvula de retenci\u00f3n oscilante de 8 pulgadas, v\u00e1lvula de retenci\u00f3n oscilante con extremo de brida.<\/p>\n<p>&nbsp;<\/p>","protected":false},"featured_media":6500,"template":"","meta":[],"product_brand":[],"product_cat":[46,67],"product_tag":[925,1594,1592,1593,1425,339],"class_list":{"0":"post-6499","1":"product","2":"type-product","3":"status-publish","4":"has-post-thumbnail","6":"product_cat-check-valves","7":"product_cat-stainless-steel-check-valve","8":"product_tag-300lb-swing-check-valve","9":"product_tag-8-inch-swing-check-valve","10":"product_tag-a494-cw12mw-swing-check-valve","11":"product_tag-a494-cw12mw-swing-check-valve-supplier-in-china","12":"product_tag-duplex-swing-check-valve","13":"product_tag-flange-end-swing-check-valve","15":"first","16":"instock","17":"shipping-taxable","18":"product-type-simple"},"_links":{"self":[{"href":"https:\/\/www.stvvalves.com\/es\/wp-json\/wp\/v2\/product\/6499","targetHints":{"allow":["GET"]}}],"collection":[{"href":"https:\/\/www.stvvalves.com\/es\/wp-json\/wp\/v2\/product"}],"about":[{"href":"https:\/\/www.stvvalves.com\/es\/wp-json\/wp\/v2\/types\/product"}],"wp:featuredmedia":[{"embeddable":true,"href":"https:\/\/www.stvvalves.com\/es\/wp-json\/wp\/v2\/media\/6500"}],"wp:attachment":[{"href":"https:\/\/www.stvvalves.com\/es\/wp-json\/wp\/v2\/media?parent=6499"}],"wp:term":[{"taxonomy":"product_brand","embeddable":true,"href":"https:\/\/www.stvvalves.com\/es\/wp-json\/wp\/v2\/product_brand?post=6499"},{"taxonomy":"product_cat","embeddable":true,"href":"https:\/\/www.stvvalves.com\/es\/wp-json\/wp\/v2\/product_cat?post=6499"},{"taxonomy":"product_tag","embeddable":true,"href":"https:\/\/www.stvvalves.com\/es\/wp-json\/wp\/v2\/product_tag?post=6499"}],"curies":[{"name":"wp","href":"https:\/\/api.w.org\/{rel}","templated":true}]}}