{"id":6535,"date":"2022-08-12T16:58:18","date_gmt":"2022-08-12T08:58:18","guid":{"rendered":"https:\/\/www.stvvalves.com\/?post_type=product&#038;p=6535"},"modified":"2025-02-18T13:57:08","modified_gmt":"2025-02-18T05:57:08","slug":"astm-a351-cf10-gate-valve-300lb-20-inch-api-600-rf-end","status":"publish","type":"product","link":"https:\/\/www.stvvalves.com\/es\/products\/astm-a351-cf10-gate-valve-300lb-20-inch-api-600-rf-end\/","title":{"rendered":"V\u00e1lvula de compuerta ASTM A351 CF10, 300 lb, 20 pulgadas, API 600, extremo RF"},"content":{"rendered":"<p>Nombre del producto: V\u00e1lvula de compuerta ASTM A351 CF10, 300 lb, 20 pulgadas, API 600, extremo RF<br \/>\nDise\u00f1o: API 600.<br \/>\nMateriales: CF10<br \/>\nTama\u00f1o nominal: 20 pulgadas.<br \/>\nPresi\u00f3n nominal: Clase 300 LB.<br \/>\nConexi\u00f3n final: RF.<br \/>\nCara a cara: ASME B16.10.<br \/>\nPrueba e inspecci\u00f3n: API 598.<\/p>\n<p>Conexiones: Bridadas, Roscadas, Socket soldadas, ButtWeld<\/p>\n<p>Clasificaci\u00f3n de presi\u00f3n: PN 1,0 a 25 Mpa, Clase 150 a 2500<\/p>\n<p>Tama\u00f1o: DN15 a 200 mm, NPS 1\/4 \u2033 a 20 \u2033<\/p>\n<p>Temperatura: -198\u00b0c a +450\u00b0c<\/p>\n<p>Dise\u00f1o y fabricaci\u00f3n: ANSI B16.34, API 600, API 6D, API 603, BS 1414, BS 5352, DIN 3352<\/p>\n<p>Cara a cara (de extremo a extremo): ANSI B16.10, API 6D, ASME B16.10, EN 558, DIN 3202<\/p>\n<p>Conexi\u00f3n bridada: 2\u2033 a 24\u2033, ANSI B16.5, 26\u2033 a 36\u2033, MSS-SP-44 a API605<\/p>\n<p>Prueba e inspecci\u00f3n: API 598, API 6D, DIN 3230<\/p>\n<p>Extremo soldado a tope: ANSI B16.5<\/p>\n<p><strong>Piezas y Materiales:<\/strong><\/p>\n<p>Cuerpo: Titanio TA1, TA2, TA10, TC4, GR2, GR3, GR5, Acero inoxidable d\u00faplex, Acero inoxidable s\u00faper d\u00faplex, Aleaci\u00f3n<\/p>\n<p>20, CN7M, Hastelloy, Acero al carbono, WC6, WC9, C5, C12, LCB, CF3M<\/p>\n<p>Cap\u00f3, Compuerta: Acero inoxidable d\u00faplex, Acero inoxidable s\u00faper d\u00faplex, Aleaci\u00f3n 20, CN7M, Hastelloy, Acero al carbono, WC6,<\/p>\n<p>WC9, C5, C12, LCB, CF3M, Titanio TA1, TA2, TA10, TC4, GR2, GR3, GR5<\/p>\n<p>Molduras: Incoloy 800, Incoloy 800H, Incoloy 825, SS304, SS316, SS304L, SS316L, 13%Cr.Steel, Stellite, Hastelloy,<\/p>\n<p>Aleaci\u00f3n 20, acero inoxidable d\u00faplex, acero inoxidable s\u00faper d\u00faplex<\/p>\n<p>Empaquetadura del prensaestopas: Grafito, PTFE<\/p>\n<p>Conexiones finales: bridadas, soldadas, soldadas a tope<\/p>\n<p>Operaciones: accionadas por volante, accionadas el\u00e9ctricamente, accionadas neum\u00e1ticamente<\/p>\n<table>\n<tbody>\n<tr>\n<td width=\"200\"><strong>nombre del producto<\/strong><\/td>\n<td width=\"481\">V\u00e1lvula de compuerta ASTM A351 CF10, 300 lb, 20 pulgadas, API 600, extremo RF<\/td>\n<\/tr>\n<tr>\n<td width=\"200\">1. Materiales<\/td>\n<td width=\"481\">CF10<\/td>\n<\/tr>\n<tr>\n<td width=\"200\">2. Tama\u00f1o<\/td>\n<td width=\"481\">20\u201d<\/td>\n<\/tr>\n<tr>\n<td width=\"200\">4. Puerto<\/td>\n<td width=\"481\">Puerto lleno<\/td>\n<\/tr>\n<tr>\n<td width=\"200\">5. Presi\u00f3n de trabajo<\/td>\n<td width=\"481\">300 libras<\/td>\n<\/tr>\n<tr>\n<td width=\"200\">6. La conexi\u00f3n finaliza<\/td>\n<td width=\"481\">RF<\/td>\n<\/tr>\n<tr>\n<td width=\"200\">7. Temperatura de trabajo.<\/td>\n<td width=\"481\">-29~200\u00baC,<\/td>\n<\/tr>\n<tr>\n<td width=\"200\">8. Medio adecuado<\/td>\n<td width=\"481\">Agua, Gas Natural, Petr\u00f3leo y alg\u00fan l\u00edquido corrosivo<\/td>\n<\/tr>\n<tr>\n<td width=\"200\">9. Operado<\/td>\n<td width=\"481\">\/<\/td>\n<\/tr>\n<tr>\n<td width=\"200\">10. Inspecci\u00f3n y pruebas<\/td>\n<td width=\"481\">Seg\u00fan API598<\/td>\n<\/tr>\n<tr>\n<td width=\"200\"><strong>Env\u00edo<\/strong><\/td>\n<td width=\"481\"><\/td>\n<\/tr>\n<tr>\n<td width=\"200\">El tiempo de entrega<\/td>\n<td width=\"481\">30 dias<\/td>\n<\/tr>\n<tr>\n<td width=\"200\">Paquete<\/td>\n<td width=\"481\">Caja de madera contrachapada de exportaci\u00f3n est\u00e1ndar<\/td>\n<\/tr>\n<tr>\n<td width=\"200\">Puerto de embarque<\/td>\n<td width=\"481\">Ningbo\/Shangh\u00e1i, China<\/td>\n<\/tr>\n<tr>\n<td width=\"200\">Condiciones de env\u00edo<\/td>\n<td width=\"481\">Exw, MANDO, CFR, CIF, etc.<\/td>\n<\/tr>\n<tr>\n<td width=\"200\">T\u00e9rminos de pago<\/td>\n<td width=\"481\">T\/T, Western Union, PayPal, etc.<\/td>\n<\/tr>\n<tr>\n<td width=\"200\"><\/td>\n<td width=\"481\">Pago anticipado de 30%, saldo de 70% pagado antes del env\u00edo<\/td>\n<\/tr>\n<tr>\n<td width=\"200\">Pa\u00eds de origen<\/td>\n<td width=\"481\">Ciudad de Wenzhou, China<\/td>\n<\/tr>\n<tr>\n<td width=\"200\">Capacidad de producci\u00f3n<\/td>\n<td width=\"481\">6000 toneladas\/a\u00f1o<\/td>\n<\/tr>\n<tr>\n<td width=\"200\">Cantidad m\u00ednima de pedido<\/td>\n<td width=\"481\">1 unidad\/tama\u00f1o<\/td>\n<\/tr>\n<\/tbody>\n<\/table>","protected":false},"excerpt":{"rendered":"<p>STV Valve Technology Group Co., Ltd es un l\u00edder profesional en v\u00e1lvulas de compuerta de 20 pulgadas, v\u00e1lvulas de compuerta API 600, v\u00e1lvulas de compuerta ASTM A351 CF10, v\u00e1lvulas de compuerta ASTM A351 CF10 en China, v\u00e1lvulas de compuerta accionadas por caja de engranajes y f\u00e1brica de v\u00e1lvulas de compuerta con extremos con bridas RF.<\/p>","protected":false},"featured_media":6536,"template":"","meta":[],"product_brand":[],"product_cat":[44,60],"product_tag":[1664,1603,1665,1666,1667,1616],"class_list":{"0":"post-6535","1":"product","2":"type-product","3":"status-publish","4":"has-post-thumbnail","6":"product_cat-gate-valve","7":"product_cat-stainless-steel-gate-valve","8":"product_tag-20-inch-gate-valve","9":"product_tag-api-600-gate-valve","10":"product_tag-astm-a351-cf10-gate-valve","11":"product_tag-astm-a351-cf10-gate-valve-manufacturer-in-china","12":"product_tag-gear-box-operated-gate-valve","13":"product_tag-rf-flanged-ends-gate-valve","15":"first","16":"instock","17":"shipping-taxable","18":"product-type-simple"},"_links":{"self":[{"href":"https:\/\/www.stvvalves.com\/es\/wp-json\/wp\/v2\/product\/6535","targetHints":{"allow":["GET"]}}],"collection":[{"href":"https:\/\/www.stvvalves.com\/es\/wp-json\/wp\/v2\/product"}],"about":[{"href":"https:\/\/www.stvvalves.com\/es\/wp-json\/wp\/v2\/types\/product"}],"wp:featuredmedia":[{"embeddable":true,"href":"https:\/\/www.stvvalves.com\/es\/wp-json\/wp\/v2\/media\/6536"}],"wp:attachment":[{"href":"https:\/\/www.stvvalves.com\/es\/wp-json\/wp\/v2\/media?parent=6535"}],"wp:term":[{"taxonomy":"product_brand","embeddable":true,"href":"https:\/\/www.stvvalves.com\/es\/wp-json\/wp\/v2\/product_brand?post=6535"},{"taxonomy":"product_cat","embeddable":true,"href":"https:\/\/www.stvvalves.com\/es\/wp-json\/wp\/v2\/product_cat?post=6535"},{"taxonomy":"product_tag","embeddable":true,"href":"https:\/\/www.stvvalves.com\/es\/wp-json\/wp\/v2\/product_tag?post=6535"}],"curies":[{"name":"wp","href":"https:\/\/api.w.org\/{rel}","templated":true}]}}