{"id":6540,"date":"2022-08-15T20:16:00","date_gmt":"2022-08-15T12:16:00","guid":{"rendered":"https:\/\/www.stvvalves.com\/?post_type=product&#038;p=6540"},"modified":"2026-01-17T21:25:29","modified_gmt":"2026-01-17T13:25:29","slug":"din-3356-bellow-sealed-globe-valve-gs-c25-dn100-pn40-rf","status":"publish","type":"product","link":"https:\/\/www.stvvalves.com\/es\/products\/din-3356-bellow-sealed-globe-valve-gs-c25-dn100-pn40-rf\/","title":{"rendered":"V\u00e1lvula de globo sellada con fuelle DIN 3356, GS-C25, DN100, PN40, RF"},"content":{"rendered":"<h1>V\u00e1lvula de globo sellada con fuelle DIN 3356, GS-C25, DN100, PN40, RF<\/h1>\n<p>Especificaci\u00f3n t\u00e9cnica<\/p>\n<p>Est\u00e1ndar de dise\u00f1o: DIN 3356<\/p>\n<p>Dimensi\u00f3n cara a cara: DIN 3202<\/p>\n<p>Extremos de brida: DIN 2543-2545<\/p>\n<p>Prueba e inspecci\u00f3n: DIN 3230<\/p>\n<p>Aplicaci\u00f3n: Sistema de aceite caliente, sistema de vapor, sistema de agua fr\u00eda y caliente, etc.<\/p>\n<p>Medio:Vapor, gases, agua caliente, aceite t\u00e9rmico, amoniaco, etc.<br \/>\nMateriales: GG25(EN-GJL-250),GGG40,1.0619+N(GS-C25),1.4308(CF8), 1.4408(CF8M)<br \/>\nMateriales de fuelle: SS304, SS316, SS316L,SS 310S, Hastelly C<br \/>\nRango de tama\u00f1o: DN15-DN400<br \/>\nPresi\u00f3n: PN16-PN40<br \/>\nTemperatura: \u2264600 \u2103<\/p>\n<table>\n<tbody>\n<tr>\n<td width=\"200\"><strong>nombre del producto<\/strong><\/td>\n<td width=\"481\">V\u00e1lvula de globo sellada con fuelle DIN 3356, GS-C25, DN100, PN40, RF<\/td>\n<\/tr>\n<tr>\n<td width=\"200\">1. Materiales<\/td>\n<td width=\"481\">GS-C25<\/td>\n<\/tr>\n<tr>\n<td width=\"200\">2. Tama\u00f1o<\/td>\n<td width=\"481\">4\u201d<\/td>\n<\/tr>\n<tr>\n<td width=\"200\">4. Puerto<\/td>\n<td width=\"481\">Puerto lleno<\/td>\n<\/tr>\n<tr>\n<td width=\"200\">5. Presi\u00f3n de trabajo<\/td>\n<td width=\"481\">PN40<\/td>\n<\/tr>\n<tr>\n<td width=\"200\">6. La conexi\u00f3n finaliza<\/td>\n<td width=\"481\">RF<\/td>\n<\/tr>\n<tr>\n<td width=\"200\">7. Temperatura de trabajo.<\/td>\n<td width=\"481\">-29~425\u00baC,<\/td>\n<\/tr>\n<tr>\n<td width=\"200\">8. Medio adecuado<\/td>\n<td width=\"481\">Agua, Gas Natural, Petr\u00f3leo y alg\u00fan l\u00edquido corrosivo<\/td>\n<\/tr>\n<tr>\n<td width=\"200\">9. Operado<\/td>\n<td width=\"481\">Volante<\/td>\n<\/tr>\n<tr>\n<td width=\"200\">10. Inspecci\u00f3n y pruebas<\/td>\n<td width=\"481\">Seg\u00fan DIN 3230<\/td>\n<\/tr>\n<tr>\n<td width=\"200\"><strong>Env\u00edo<\/strong><\/td>\n<td width=\"481\"><\/td>\n<\/tr>\n<tr>\n<td width=\"200\">El tiempo de entrega<\/td>\n<td width=\"481\">30 dias<\/td>\n<\/tr>\n<tr>\n<td width=\"200\">Paquete<\/td>\n<td width=\"481\">Caja de madera contrachapada de exportaci\u00f3n est\u00e1ndar<\/td>\n<\/tr>\n<tr>\n<td width=\"200\">Puerto de embarque<\/td>\n<td width=\"481\">Ningbo\/Shangh\u00e1i, China<\/td>\n<\/tr>\n<tr>\n<td width=\"200\">Condiciones de env\u00edo<\/td>\n<td width=\"481\">Exw, MANDO, CFR, CIF, etc.<\/td>\n<\/tr>\n<tr>\n<td width=\"200\">T\u00e9rminos de pago<\/td>\n<td width=\"481\">T\/T, Western Union, PayPal, etc.<\/td>\n<\/tr>\n<tr>\n<td width=\"200\"><\/td>\n<td width=\"481\">Pago anticipado de 30%, saldo de 70% pagado antes del env\u00edo<\/td>\n<\/tr>\n<tr>\n<td width=\"200\">Pa\u00eds de origen<\/td>\n<td width=\"481\">Ciudad de Wenzhou, China<\/td>\n<\/tr>\n<tr>\n<td width=\"200\">Capacidad de producci\u00f3n<\/td>\n<td width=\"481\">6000 toneladas\/a\u00f1o<\/td>\n<\/tr>\n<tr>\n<td width=\"200\">Cantidad m\u00ednima de pedido<\/td>\n<td width=\"481\">1 unidad\/tama\u00f1o<\/td>\n<\/tr>\n<\/tbody>\n<\/table>","protected":false},"excerpt":{"rendered":"<p>STV Valve Technology Group Co., Ltd es un l\u00edder profesional en China V\u00e1lvula de globo DIN 3356, v\u00e1lvula de globo de acero fundido, v\u00e1lvula de globo DN100, v\u00e1lvula de globo PN40, v\u00e1lvula de globo RF, v\u00e1lvula de globo de brida Fabricante con alta calidad y precio competitivo.<\/p>\n<p>&nbsp;<\/p>","protected":false},"featured_media":6553,"template":"","meta":[],"product_brand":[],"product_cat":[65,45],"product_tag":[323,1687,1688,1690,1689,1074],"class_list":{"0":"post-6540","1":"product","2":"type-product","3":"status-publish","4":"has-post-thumbnail","6":"product_cat-bellow-seal-globe-valve","7":"product_cat-globe-valve","8":"product_tag-cast-steel-globe-valve","9":"product_tag-din-3356-globe-valve","10":"product_tag-dn100-globe-valve","11":"product_tag-flange-globe-valve","12":"product_tag-pn40-globe-valve","13":"product_tag-rf-globe-valve","15":"first","16":"instock","17":"shipping-taxable","18":"product-type-simple"},"_links":{"self":[{"href":"https:\/\/www.stvvalves.com\/es\/wp-json\/wp\/v2\/product\/6540","targetHints":{"allow":["GET"]}}],"collection":[{"href":"https:\/\/www.stvvalves.com\/es\/wp-json\/wp\/v2\/product"}],"about":[{"href":"https:\/\/www.stvvalves.com\/es\/wp-json\/wp\/v2\/types\/product"}],"wp:featuredmedia":[{"embeddable":true,"href":"https:\/\/www.stvvalves.com\/es\/wp-json\/wp\/v2\/media\/6553"}],"wp:attachment":[{"href":"https:\/\/www.stvvalves.com\/es\/wp-json\/wp\/v2\/media?parent=6540"}],"wp:term":[{"taxonomy":"product_brand","embeddable":true,"href":"https:\/\/www.stvvalves.com\/es\/wp-json\/wp\/v2\/product_brand?post=6540"},{"taxonomy":"product_cat","embeddable":true,"href":"https:\/\/www.stvvalves.com\/es\/wp-json\/wp\/v2\/product_cat?post=6540"},{"taxonomy":"product_tag","embeddable":true,"href":"https:\/\/www.stvvalves.com\/es\/wp-json\/wp\/v2\/product_tag?post=6540"}],"curies":[{"name":"wp","href":"https:\/\/api.w.org\/{rel}","templated":true}]}}