{"id":6574,"date":"2022-09-07T10:47:58","date_gmt":"2022-09-07T02:47:58","guid":{"rendered":"https:\/\/www.stvvalves.com\/?post_type=product&#038;p=6574"},"modified":"2024-12-24T23:08:49","modified_gmt":"2024-12-24T15:08:49","slug":"2500lb-cf8c-swing-check-valve-6-inch-bw-end","status":"publish","type":"product","link":"https:\/\/www.stvvalves.com\/es\/products\/2500lb-cf8c-swing-check-valve-6-inch-bw-end\/","title":{"rendered":"V\u00e1lvula de retenci\u00f3n oscilante CF8C de 2500 LB, 6 pulgadas, extremo BW"},"content":{"rendered":"<p>Nombre de productos: V\u00e1lvula de retenci\u00f3n oscilante 2500LB CF8C, 6 pulgadas, extremo BW<\/p>\n<div class=\"row\">\n<div class=\"col-md-12\">Dise\u00f1o: API 6D<br \/>\nCuerpo: CF8C<br \/>\nTama\u00f1o nominal: 6 pulgadas<br \/>\nClase nominal: 2500 libras<br \/>\nConexi\u00f3n final: extremos BW<br \/>\nCara a Cara: ASME B16.10<br \/>\nPrueba e inspecci\u00f3n: API 598<\/div>\n<\/div>\n<p>Material del cuerpo: titanio, d\u00faplex, Hastelloy C276\/B3, Monel, Alloys20, 4A, 5A, C95800, C95500, Monel, Alloy 20, F347, Super Duplex, Inconel, etc.<br \/>\nEst\u00e1ndares de fabricaci\u00f3n: API, ANSI, BS, DIN, JIS.<br \/>\nPresi\u00f3n de la v\u00e1lvula: 150 LB a 2500 LB (PN1,6-42 MPa).<br \/>\nRango de tama\u00f1o de la v\u00e1lvula de retenci\u00f3n: 1\/2 a 32 pulgadas (DN15 a DN800).<br \/>\nTemperatura de funcionamiento: de -196 grados Celsius a 593 grados Celsius.<br \/>\nConexi\u00f3n: Bridada, soldada a tope.<br \/>\nDimensiones cara a cara: ANSI B16.10.<br \/>\nDimensi\u00f3n del extremo de la brida: ANSI B16.5<br \/>\nDimensiones soldadas a tope: ANSI B16.25<br \/>\nDise\u00f1o y fabricaci\u00f3n:BS1868<br \/>\nPrueba de presi\u00f3n: API598<\/p>\n<table>\n<tbody>\n<tr>\n<td width=\"200\"><strong><b>nombre del producto<\/b><\/strong><\/td>\n<td width=\"481\">V\u00e1lvula de retenci\u00f3n oscilante CF8C de 2500 LB, 6 pulgadas, extremo BW<\/td>\n<\/tr>\n<tr>\n<td width=\"200\">1. Materiales<\/td>\n<td width=\"481\">CF8C<\/td>\n<\/tr>\n<tr>\n<td width=\"200\">2. Tama\u00f1o<\/td>\n<td width=\"481\">6\u201d<\/td>\n<\/tr>\n<tr>\n<td width=\"200\">4. Puerto<\/td>\n<td width=\"481\">Puerto lleno<\/td>\n<\/tr>\n<tr>\n<td width=\"200\">5. Presi\u00f3n de trabajo<\/td>\n<td width=\"481\">2500 libras<\/td>\n<\/tr>\n<tr>\n<td width=\"200\">6. La conexi\u00f3n finaliza<\/td>\n<td width=\"481\">peso corporal<\/td>\n<\/tr>\n<tr>\n<td width=\"200\">7. Temperatura de trabajo.<\/td>\n<td width=\"481\">-29~400\u00baC,<\/td>\n<\/tr>\n<tr>\n<td width=\"200\">8. Medio adecuado<\/td>\n<td width=\"481\">Agua, Gas Natural, Petr\u00f3leo y alg\u00fan l\u00edquido corrosivo<\/td>\n<\/tr>\n<tr>\n<td width=\"200\">9. Operado<\/td>\n<td width=\"481\">\/<\/td>\n<\/tr>\n<tr>\n<td width=\"200\">10. Inspecci\u00f3n y pruebas<\/td>\n<td width=\"481\">Seg\u00fan API 598<\/td>\n<\/tr>\n<tr>\n<td width=\"200\"><strong><b>Env\u00edo<\/b><\/strong><\/td>\n<td width=\"481\"><\/td>\n<\/tr>\n<tr>\n<td width=\"200\">El tiempo de entrega<\/td>\n<td width=\"481\">30 dias<\/td>\n<\/tr>\n<tr>\n<td width=\"200\">Paquete<\/td>\n<td width=\"481\">Caja de madera contrachapada de exportaci\u00f3n est\u00e1ndar<\/td>\n<\/tr>\n<tr>\n<td width=\"200\">Puerto de embarque<\/td>\n<td width=\"481\">Ningbo\/Shangh\u00e1i, China<\/td>\n<\/tr>\n<tr>\n<td width=\"200\">Condiciones de env\u00edo<\/td>\n<td width=\"481\">Exw, MANDO, CFR, CIF, etc.<\/td>\n<\/tr>\n<tr>\n<td width=\"200\">T\u00e9rminos de pago<\/td>\n<td width=\"481\">T\/T, Western Union, PayPal, etc.<\/td>\n<\/tr>\n<tr>\n<td width=\"200\"><\/td>\n<td width=\"481\">Pago anticipado de 30%, saldo de 70% pagado antes del env\u00edo<\/td>\n<\/tr>\n<tr>\n<td width=\"200\">Pa\u00eds de origen<\/td>\n<td width=\"481\">Ciudad de Wenzhou, China<\/td>\n<\/tr>\n<tr>\n<td width=\"200\">Capacidad de producci\u00f3n<\/td>\n<td width=\"481\">6000 toneladas\/a\u00f1o<\/td>\n<\/tr>\n<tr>\n<td width=\"200\">Cantidad m\u00ednima de pedido<\/td>\n<td width=\"481\">10 unidades\/tama\u00f1o<\/td>\n<\/tr>\n<\/tbody>\n<\/table>","protected":false},"excerpt":{"rendered":"<p>STV Valve Technology Group Co., Ltd es un l\u00edder profesional en China: v\u00e1lvula de retenci\u00f3n oscilante CF8C, v\u00e1lvula de retenci\u00f3n oscilante de 6 pulgadas, v\u00e1lvula de retenci\u00f3n oscilante CL2500 y v\u00e1lvula de retenci\u00f3n oscilante con extremo soldado a tope, fabricante con alta calidad y precio competitivo.<\/p>","protected":false},"featured_media":7492,"template":"","meta":[],"product_brand":[],"product_cat":[46,67],"product_tag":[1698,1700,1697,1699],"class_list":{"0":"post-6574","1":"product","2":"type-product","3":"status-publish","4":"has-post-thumbnail","6":"product_cat-check-valves","7":"product_cat-stainless-steel-check-valve","8":"product_tag-6-inch-swing-check-valve","9":"product_tag-butt-weld-end-swing-check-valve-manufacturer","10":"product_tag-china-cf8c-swing-check-valve","11":"product_tag-cl2500-swing-check-valve","13":"first","14":"instock","15":"shipping-taxable","16":"product-type-simple"},"_links":{"self":[{"href":"https:\/\/www.stvvalves.com\/es\/wp-json\/wp\/v2\/product\/6574","targetHints":{"allow":["GET"]}}],"collection":[{"href":"https:\/\/www.stvvalves.com\/es\/wp-json\/wp\/v2\/product"}],"about":[{"href":"https:\/\/www.stvvalves.com\/es\/wp-json\/wp\/v2\/types\/product"}],"wp:featuredmedia":[{"embeddable":true,"href":"https:\/\/www.stvvalves.com\/es\/wp-json\/wp\/v2\/media\/7492"}],"wp:attachment":[{"href":"https:\/\/www.stvvalves.com\/es\/wp-json\/wp\/v2\/media?parent=6574"}],"wp:term":[{"taxonomy":"product_brand","embeddable":true,"href":"https:\/\/www.stvvalves.com\/es\/wp-json\/wp\/v2\/product_brand?post=6574"},{"taxonomy":"product_cat","embeddable":true,"href":"https:\/\/www.stvvalves.com\/es\/wp-json\/wp\/v2\/product_cat?post=6574"},{"taxonomy":"product_tag","embeddable":true,"href":"https:\/\/www.stvvalves.com\/es\/wp-json\/wp\/v2\/product_tag?post=6574"}],"curies":[{"name":"wp","href":"https:\/\/api.w.org\/{rel}","templated":true}]}}