{"id":6644,"date":"2022-10-17T09:09:44","date_gmt":"2022-10-17T01:09:44","guid":{"rendered":"https:\/\/www.stvvalves.com\/?post_type=product&#038;p=6644"},"modified":"2025-02-17T17:57:14","modified_gmt":"2025-02-17T09:57:14","slug":"1500lb-integral-flanged-check-valve-api-602-1-inch","status":"publish","type":"product","link":"https:\/\/www.stvvalves.com\/es\/products\/1500lb-integral-flanged-check-valve-api-602-1-inch\/","title":{"rendered":"V\u00e1lvula de retenci\u00f3n con brida integral de 1500 lb, API 602, 1 pulgada"},"content":{"rendered":"<p>El dise\u00f1o y la fabricaci\u00f3n cumplen con BS5351,MSS SP-118<\/p>\n<p>Los extremos de conexi\u00f3n cumplen con:<\/p>\n<p>1. Los extremos soldados del z\u00f3calo cumplen con ANSI B16.11<\/p>\n<p>2. Los extremos de los tornillos cumplen con ANSI B1.20.1<\/p>\n<p>3. Los extremos soldados a tope cumplen con ANSI B16.25<\/p>\n<p>4. Los extremos de las bridas se ajustan a ANSI B16.5<\/p>\n<p>5.La prueba y la inspecci\u00f3n se ajustan a: API 598<\/p>\n<p>Caracter\u00edsticas de la estructura:<\/p>\n<p>Cap\u00f3 atornillado, cap\u00f3 soldado, cap\u00f3 con sello de presi\u00f3n<\/p>\n<p>Tipo acero forjado, pist\u00f3n, bola o oscilaci\u00f3n<\/p>\n<p>Asiento de cuerpo integral para v\u00e1lvulas de retenci\u00f3n de pist\u00f3n y bola<\/p>\n<p>Dise\u00f1o de anillo de asiento separado para v\u00e1lvulas de retenci\u00f3n oscilantes<\/p>\n<p>Junta enrollada en espiral o junta de junta de anillo ovalado<\/p>\n<p>Di\u00e1metro reducido o puerto completo,<\/p>\n<p>Patr\u00f3n T o Patr\u00f3n Y,<\/p>\n<p>Gama de productos<\/p>\n<p>Material del cuerpo: A105,LF2,F5,F11,F22,304,304L,316,316L,F51,F91,20#,Inconel.Ect<\/p>\n<p>Di\u00e1metro nominal: 1\/2 \u2033 ~ 2 \u2033 (DN15 ~ DN50)<\/p>\n<p>Conexi\u00f3n final: THR,SW,BW,RF,RTJ<\/p>\n<p>Temperatura de trabajo: -196 \u2103 ~ +560 \u2103<\/p>\n<p>&nbsp;<\/p>\n<table>\n<tbody>\n<tr>\n<td width=\"200\"><strong>nombre del producto<\/strong><\/td>\n<td width=\"481\">V\u00e1lvula de retenci\u00f3n con brida integral de 1500 lb, API 602, 1 pulgada<\/td>\n<\/tr>\n<tr>\n<td width=\"200\">1. Materiales<\/td>\n<td width=\"481\">A105N<\/td>\n<\/tr>\n<tr>\n<td width=\"200\">2. Tama\u00f1o<\/td>\n<td width=\"481\">1\u201d<\/td>\n<\/tr>\n<tr>\n<td width=\"200\">4. Puerto<\/td>\n<td width=\"481\">Puerto reductor<\/td>\n<\/tr>\n<tr>\n<td width=\"200\">5. Presi\u00f3n de trabajo<\/td>\n<td width=\"481\">1500 libras<\/td>\n<\/tr>\n<tr>\n<td width=\"200\">6. La conexi\u00f3n finaliza<\/td>\n<td width=\"481\">RF<\/td>\n<\/tr>\n<tr>\n<td width=\"200\">7. Temperatura de trabajo.<\/td>\n<td width=\"481\">-29~425\u00baC,<\/td>\n<\/tr>\n<tr>\n<td width=\"200\">8. Medio adecuado<\/td>\n<td width=\"481\">Agua, Gas Natural, Petr\u00f3leo y alg\u00fan l\u00edquido corrosivo<\/td>\n<\/tr>\n<tr>\n<td width=\"200\">9. Operado<\/td>\n<td width=\"481\">\/<\/td>\n<\/tr>\n<tr>\n<td width=\"200\">10. Inspecci\u00f3n y pruebas<\/td>\n<td width=\"481\">Seg\u00fan API598<\/td>\n<\/tr>\n<tr>\n<td width=\"200\"><strong>Env\u00edo<\/strong><\/td>\n<td width=\"481\"><\/td>\n<\/tr>\n<tr>\n<td width=\"200\">El tiempo de entrega<\/td>\n<td width=\"481\">30 dias<\/td>\n<\/tr>\n<tr>\n<td width=\"200\">Paquete<\/td>\n<td width=\"481\">Caja de madera contrachapada de exportaci\u00f3n est\u00e1ndar<\/td>\n<\/tr>\n<tr>\n<td width=\"200\">Puerto de embarque<\/td>\n<td width=\"481\">Ningbo\/Shangh\u00e1i, China<\/td>\n<\/tr>\n<tr>\n<td width=\"200\">Condiciones de env\u00edo<\/td>\n<td width=\"481\">Exw, MANDO, CFR, CIF, etc.<\/td>\n<\/tr>\n<tr>\n<td width=\"200\">T\u00e9rminos de pago<\/td>\n<td width=\"481\">T\/T, Western Union, PayPal, etc.<\/td>\n<\/tr>\n<tr>\n<td width=\"200\"><\/td>\n<td width=\"481\">Pago anticipado de 30%, saldo de 70% pagado antes del env\u00edo<\/td>\n<\/tr>\n<tr>\n<td width=\"200\">Pa\u00eds de origen<\/td>\n<td width=\"481\">Ciudad de Wenzhou, China<\/td>\n<\/tr>\n<tr>\n<td width=\"200\">Capacidad de producci\u00f3n<\/td>\n<td width=\"481\">6000 toneladas\/a\u00f1o<\/td>\n<\/tr>\n<tr>\n<td width=\"200\">Cantidad m\u00ednima de pedido<\/td>\n<td width=\"481\">1 unidad\/tama\u00f1o<\/td>\n<\/tr>\n<\/tbody>\n<\/table>","protected":false},"excerpt":{"rendered":"<p>V\u00e1lvula de retenci\u00f3n con brida integral 1500LB Fabricante: V\u00e1lvula de retenci\u00f3n con brida integral 1500LB, V\u00e1lvula de retenci\u00f3n con brida de 1\/2-2 pulgadas, V\u00e1lvula de retenci\u00f3n con brida DN15-DN50, V\u00e1lvula de retenci\u00f3n con brida autosellante, V\u00e1lvula de retenci\u00f3n con brida ASME B16.34, V\u00e1lvula de retenci\u00f3n con brida BS 5352 .<\/p>","protected":false},"featured_media":6645,"template":"","meta":[],"product_brand":[],"product_cat":[46,66],"product_tag":[1760,1765,1766,1763,1764,1761,1762],"class_list":{"0":"post-6644","1":"product","2":"type-product","3":"status-publish","4":"has-post-thumbnail","6":"product_cat-check-valves","7":"product_cat-swing-check-valve","8":"product_tag-1-2-2-inch-flanged-check-valve","9":"product_tag-1500lb-integral-flanged-check-valve","10":"product_tag-1500lb-integral-flanged-check-valve-manufacturer","11":"product_tag-asme-b16-34-flanged-check-valve","12":"product_tag-bs-5352-flanged-check-valve","13":"product_tag-dn15-dn50-flanged-check-valve","14":"product_tag-self-sealing-flanged-check-valve","16":"first","17":"instock","18":"shipping-taxable","19":"product-type-simple"},"_links":{"self":[{"href":"https:\/\/www.stvvalves.com\/es\/wp-json\/wp\/v2\/product\/6644","targetHints":{"allow":["GET"]}}],"collection":[{"href":"https:\/\/www.stvvalves.com\/es\/wp-json\/wp\/v2\/product"}],"about":[{"href":"https:\/\/www.stvvalves.com\/es\/wp-json\/wp\/v2\/types\/product"}],"wp:featuredmedia":[{"embeddable":true,"href":"https:\/\/www.stvvalves.com\/es\/wp-json\/wp\/v2\/media\/6645"}],"wp:attachment":[{"href":"https:\/\/www.stvvalves.com\/es\/wp-json\/wp\/v2\/media?parent=6644"}],"wp:term":[{"taxonomy":"product_brand","embeddable":true,"href":"https:\/\/www.stvvalves.com\/es\/wp-json\/wp\/v2\/product_brand?post=6644"},{"taxonomy":"product_cat","embeddable":true,"href":"https:\/\/www.stvvalves.com\/es\/wp-json\/wp\/v2\/product_cat?post=6644"},{"taxonomy":"product_tag","embeddable":true,"href":"https:\/\/www.stvvalves.com\/es\/wp-json\/wp\/v2\/product_tag?post=6644"}],"curies":[{"name":"wp","href":"https:\/\/api.w.org\/{rel}","templated":true}]}}