{"id":6652,"date":"2022-10-17T10:39:22","date_gmt":"2022-10-17T02:39:22","guid":{"rendered":"https:\/\/www.stvvalves.com\/?post_type=product&#038;p=6652"},"modified":"2025-02-17T17:54:57","modified_gmt":"2025-02-17T09:54:57","slug":"basket-strainer-150lb-cf8-body-304-screen-40-mesch-rf","status":"publish","type":"product","link":"https:\/\/www.stvvalves.com\/es\/products\/basket-strainer-150lb-cf8-body-304-screen-40-mesch-rf\/","title":{"rendered":"Colador de cesta 150LB, cuerpo CF8, pantalla 304, malla 40. RF"},"content":{"rendered":"<p>Est\u00e1ndares<br \/>\nDise\u00f1o y fabricaci\u00f3n: API6D y ANSI B16.34.<br \/>\nDimensi\u00f3n cara a cara: ASME B16.10<br \/>\nDimensi\u00f3n de la brida final:ASME B16.5<br \/>\nDimensi\u00f3n soldada a tope: ASME B16.25<br \/>\nPrueba e inspecci\u00f3n: API598<\/p>\n<p>Colador de cesta de acero inoxidable con bridas seg\u00fan ANSI 150 con malla de acero inoxidable 304 (el tama\u00f1o de la malla es de 40 mallas o 400 micras). Permite un gran caudal con una m\u00ednima ca\u00edda de presi\u00f3n. Este colador de cesta es ideal para aplicaciones petroqu\u00edmicas u otras aplicaciones en las que el filtrado debe realizarse con la menor ca\u00edda de presi\u00f3n posible. Mucho menos que el colador de tama\u00f1o equivalente. Todos los coladores de cesta de acero fundido se limpian con chorro de arena y luego se recubren con una imprimaci\u00f3n resistente al calor. Dise\u00f1ado seg\u00fan ANSI B16.34 con bridas seg\u00fan ANSI B16.5 y probado de acuerdo con API 598.<\/p>\n<table>\n<tbody>\n<tr>\n<td width=\"200\"><strong>nombre del producto<\/strong><\/td>\n<td width=\"481\">Filtro de brida tipo Y de acero inoxidable, DIN PN16, DN80<\/td>\n<\/tr>\n<tr>\n<td width=\"200\">1. Materiales<\/td>\n<td width=\"481\">304<\/td>\n<\/tr>\n<tr>\n<td width=\"200\">2. Tama\u00f1o<\/td>\n<td width=\"481\">3\u201d<\/td>\n<\/tr>\n<tr>\n<td width=\"200\">4. Puerto<\/td>\n<td width=\"481\">Puerto lleno<\/td>\n<\/tr>\n<tr>\n<td width=\"200\">5. Presi\u00f3n de trabajo<\/td>\n<td width=\"481\">150 libras<\/td>\n<\/tr>\n<tr>\n<td width=\"200\">6. La conexi\u00f3n finaliza<\/td>\n<td width=\"481\">RF<\/td>\n<\/tr>\n<tr>\n<td width=\"200\">7. Temperatura de trabajo.<\/td>\n<td width=\"481\">-29~300\u00baC,<\/td>\n<\/tr>\n<tr>\n<td width=\"200\">8. Medio adecuado<\/td>\n<td width=\"481\">Agua, Gas Natural, Petr\u00f3leo y alg\u00fan l\u00edquido corrosivo<\/td>\n<\/tr>\n<tr>\n<td width=\"200\">9. Operado<\/td>\n<td width=\"481\">\/<\/td>\n<\/tr>\n<tr>\n<td width=\"200\">10. Inspecci\u00f3n y pruebas<\/td>\n<td width=\"481\">Seg\u00fan API598<\/td>\n<\/tr>\n<tr>\n<td width=\"200\"><strong>Env\u00edo<\/strong><\/td>\n<td width=\"481\"><\/td>\n<\/tr>\n<tr>\n<td width=\"200\">El tiempo de entrega<\/td>\n<td width=\"481\">30 dias<\/td>\n<\/tr>\n<tr>\n<td width=\"200\">Paquete<\/td>\n<td width=\"481\">Caja de madera contrachapada de exportaci\u00f3n est\u00e1ndar<\/td>\n<\/tr>\n<tr>\n<td width=\"200\">Puerto de embarque<\/td>\n<td width=\"481\">Ningbo\/Shangh\u00e1i, China<\/td>\n<\/tr>\n<tr>\n<td width=\"200\">Condiciones de env\u00edo<\/td>\n<td width=\"481\">Exw, MANDO, CFR, CIF, etc.<\/td>\n<\/tr>\n<tr>\n<td width=\"200\">T\u00e9rminos de pago<\/td>\n<td width=\"481\">T\/T, Western Union, PayPal, etc.<\/td>\n<\/tr>\n<tr>\n<td width=\"200\"><\/td>\n<td width=\"481\">Pago anticipado de 30%, saldo de 70% pagado antes del env\u00edo<\/td>\n<\/tr>\n<tr>\n<td width=\"200\">Pa\u00eds de origen<\/td>\n<td width=\"481\">Ciudad de Wenzhou, China<\/td>\n<\/tr>\n<tr>\n<td width=\"200\">Capacidad de producci\u00f3n<\/td>\n<td width=\"481\">6000 toneladas\/a\u00f1o<\/td>\n<\/tr>\n<tr>\n<td width=\"200\">Cantidad m\u00ednima de pedido<\/td>\n<td width=\"481\">1 unidad\/tama\u00f1o<\/td>\n<\/tr>\n<\/tbody>\n<\/table>","protected":false},"excerpt":{"rendered":"<p>STV Valve Technology Group Co., Ltd es un l\u00edder profesional en China Filtro de cesta de 150 libras, Filtro de cesta de cuerpo CF8, Filtro de cesta de malla 304, Filtro de cesta de 40 mallas. Filtro de cesta RF, fabricante de filtro de cesta con bridas con alta calidad y precio competitivo.<\/p>","protected":false},"featured_media":6653,"template":"","meta":[],"product_brand":[],"product_cat":[48,85],"product_tag":[1774,1775,1773,1772,1776],"class_list":{"0":"post-6652","1":"product","2":"type-product","3":"status-publish","4":"has-post-thumbnail","6":"product_cat-y-strainer","7":"product_cat-stainless-steel-y-type-strainer","8":"product_tag-304-screen-basket-strainer","9":"product_tag-40-mesch-basket-strainer-rf-basket-strainer","10":"product_tag-cf8-body-basket-strainer","11":"product_tag-china-basket-strainer-150lb","12":"product_tag-flanged-basket-strainer-manufacturer","14":"first","15":"instock","16":"shipping-taxable","17":"product-type-simple"},"_links":{"self":[{"href":"https:\/\/www.stvvalves.com\/es\/wp-json\/wp\/v2\/product\/6652","targetHints":{"allow":["GET"]}}],"collection":[{"href":"https:\/\/www.stvvalves.com\/es\/wp-json\/wp\/v2\/product"}],"about":[{"href":"https:\/\/www.stvvalves.com\/es\/wp-json\/wp\/v2\/types\/product"}],"wp:featuredmedia":[{"embeddable":true,"href":"https:\/\/www.stvvalves.com\/es\/wp-json\/wp\/v2\/media\/6653"}],"wp:attachment":[{"href":"https:\/\/www.stvvalves.com\/es\/wp-json\/wp\/v2\/media?parent=6652"}],"wp:term":[{"taxonomy":"product_brand","embeddable":true,"href":"https:\/\/www.stvvalves.com\/es\/wp-json\/wp\/v2\/product_brand?post=6652"},{"taxonomy":"product_cat","embeddable":true,"href":"https:\/\/www.stvvalves.com\/es\/wp-json\/wp\/v2\/product_cat?post=6652"},{"taxonomy":"product_tag","embeddable":true,"href":"https:\/\/www.stvvalves.com\/es\/wp-json\/wp\/v2\/product_tag?post=6652"}],"curies":[{"name":"wp","href":"https:\/\/api.w.org\/{rel}","templated":true}]}}