{"id":6658,"date":"2022-11-02T09:28:57","date_gmt":"2022-11-02T01:28:57","guid":{"rendered":"https:\/\/www.stvvalves.com\/?post_type=product&#038;p=6658"},"modified":"2025-02-17T17:57:08","modified_gmt":"2025-02-17T09:57:08","slug":"36-inch-flange-butterfly-valve-di-body-95800-disc-epdm-seat","status":"publish","type":"product","link":"https:\/\/www.stvvalves.com\/es\/products\/36-inch-flange-butterfly-valve-di-body-95800-disc-epdm-seat\/","title":{"rendered":"V\u00e1lvula de mariposa con brida de 36 pulgadas, cuerpo DI, disco 95800, asiento de EPDM"},"content":{"rendered":"<p>La v\u00e1lvula de mariposa con asiento el\u00e1stico tiene un dise\u00f1o de doble brida que se puede utilizar para servicio sin salida. Esta serie de v\u00e1lvulas de mariposa tiene muchas de las caracter\u00edsticas y beneficios de dise\u00f1o, como altos \u00edndices de Cv, piezas m\u00ednimas expuestas al medio de la l\u00ednea, mayor confiabilidad y un historial comprobado de larga vida \u00fatil. Una importante ventaja de dise\u00f1o de esta l\u00ednea de productos de v\u00e1lvulas es la compatibilidad internacional.<\/p>\n<p>Especificaci\u00f3n del par\u00e1metro principal<\/p>\n<p>Dise\u00f1o y fabricaci\u00f3n: API 609<\/p>\n<p>Dimensi\u00f3n cara a cara: API609, ISO5752, ASME B16.10<\/p>\n<p>Dimensi\u00f3n de conexi\u00f3n de brida: ASME B16.5, ASME B16.47<\/p>\n<p>Prueba e inspecci\u00f3n: API 598<\/p>\n<p>Clasificaci\u00f3n de temperatura y presi\u00f3n: API 609, ASME B16.34<br \/>\nGama de productos<\/p>\n<p>Material del cuerpo: Hierro fundido,Acero fundido,Acero inoxidable,Monel<br \/>\nMaterial del disco: hierro d\u00factil, acero al carbono, acero inoxidable, bronce AL.<\/p>\n<p>Di\u00e1metro nominal: 2\u2033\uff5e120\u2033\uff08DN50~DN3000\uff09<\/p>\n<p>Conexi\u00f3n final: doble brida, oblea, terminal, etc.<\/p>\n<p>Rango de presi\u00f3n: Clase 150 ~ 600 (PN16 ~ PN100)<\/p>\n<p>Temperatura de trabajo: -46 \u2103 ~ +550 \u2103<\/p>\n<p>Operaci\u00f3n: manija, engranaje, actuador el\u00e9ctrico, etc.<\/p>\n<table>\n<tbody>\n<tr>\n<td width=\"200\"><strong><b>nombre del producto<\/b><\/strong><\/td>\n<td width=\"481\">V\u00e1lvula de mariposa con brida de 36 pulgadas, cuerpo DI, disco 95800, asiento de EPDM<\/td>\n<\/tr>\n<tr>\n<td width=\"200\">1. Materiales<\/td>\n<td width=\"481\">DI<\/td>\n<\/tr>\n<tr>\n<td width=\"200\">2. Tama\u00f1o<\/td>\n<td width=\"481\">36\u201d<\/td>\n<\/tr>\n<tr>\n<td width=\"200\">4. Puerto<\/td>\n<td width=\"481\">Puerto lleno<\/td>\n<\/tr>\n<tr>\n<td width=\"200\">5. Presi\u00f3n de trabajo<\/td>\n<td width=\"481\">150 libras<\/td>\n<\/tr>\n<tr>\n<td width=\"200\">6. La conexi\u00f3n finaliza<\/td>\n<td width=\"481\">Brida<\/td>\n<\/tr>\n<tr>\n<td width=\"200\">7. Temperatura de trabajo.<\/td>\n<td width=\"481\">-29~120\u00baC,<\/td>\n<\/tr>\n<tr>\n<td width=\"200\">8. Medio adecuado<\/td>\n<td width=\"481\">Agua, Gas Natural, Petr\u00f3leo y alg\u00fan l\u00edquido corrosivo<\/td>\n<\/tr>\n<tr>\n<td width=\"200\">9. Operado<\/td>\n<td width=\"481\">Caja de cambios<\/td>\n<\/tr>\n<tr>\n<td width=\"200\">10. Inspecci\u00f3n y pruebas<\/td>\n<td width=\"481\">Seg\u00fan API 598<\/td>\n<\/tr>\n<tr>\n<td width=\"200\">Env\u00edo<\/td>\n<td width=\"481\"><\/td>\n<\/tr>\n<tr>\n<td width=\"200\">El tiempo de entrega<\/td>\n<td width=\"481\">30 dias<\/td>\n<\/tr>\n<tr>\n<td width=\"200\">Paquete<\/td>\n<td width=\"481\">Caja de madera contrachapada de exportaci\u00f3n est\u00e1ndar<\/td>\n<\/tr>\n<tr>\n<td width=\"200\">Puerto de embarque<\/td>\n<td width=\"481\">Ningbo\/Shangh\u00e1i, China<\/td>\n<\/tr>\n<tr>\n<td width=\"200\">Condiciones de env\u00edo<\/td>\n<td width=\"481\">Exw, MANDO, CFR, CIF, etc.<\/td>\n<\/tr>\n<tr>\n<td width=\"200\">T\u00e9rminos de pago<\/td>\n<td width=\"481\">T\/T, Western Union, PayPal, etc.<\/td>\n<\/tr>\n<tr>\n<td width=\"200\"><\/td>\n<td width=\"481\">Pago anticipado de 30%, saldo de 70% pagado antes del env\u00edo<\/td>\n<\/tr>\n<tr>\n<td width=\"200\">Pa\u00eds de origen<\/td>\n<td width=\"481\">Ciudad de Wenzhou, China<\/td>\n<\/tr>\n<tr>\n<td width=\"200\">Capacidad de producci\u00f3n<\/td>\n<td width=\"481\">6000 toneladas\/a\u00f1o<\/td>\n<\/tr>\n<tr>\n<td width=\"200\">Cantidad m\u00ednima de pedido<\/td>\n<td width=\"481\">10 unidades\/tama\u00f1o<\/td>\n<\/tr>\n<\/tbody>\n<\/table>","protected":false},"excerpt":{"rendered":"<p>STV Valve Technology Group Co., Ltd es un l\u00edder profesional en v\u00e1lvulas de mariposa de China para agua de mar, v\u00e1lvulas de mariposa de brida de hierro d\u00factil, v\u00e1lvulas de mariposa con asiento de Epdm, v\u00e1lvulas de mariposa de disco C98500, v\u00e1lvulas de mariposa de 36 pulgadas, fabricaci\u00f3n con alta calidad y precio competitivo.<\/p>","protected":false},"featured_media":6660,"template":"","meta":[],"product_brand":[],"product_cat":[965,972],"product_tag":[1785,1781,1784,1783,1782],"class_list":{"0":"post-6658","1":"product","2":"type-product","3":"status-publish","4":"has-post-thumbnail","6":"product_cat-butterfly-valve","7":"product_cat-flange-butterfly-valve","8":"product_tag-36-inch-butterfly-valve","9":"product_tag-butterfly-valve-for-seawater","10":"product_tag-c98500-disc-butterfly-valve","11":"product_tag-epdm-seat-butterfly-valve","12":"product_tag-flange-ductile-iron-butterfly-valve","14":"first","15":"instock","16":"shipping-taxable","17":"product-type-simple"},"_links":{"self":[{"href":"https:\/\/www.stvvalves.com\/es\/wp-json\/wp\/v2\/product\/6658","targetHints":{"allow":["GET"]}}],"collection":[{"href":"https:\/\/www.stvvalves.com\/es\/wp-json\/wp\/v2\/product"}],"about":[{"href":"https:\/\/www.stvvalves.com\/es\/wp-json\/wp\/v2\/types\/product"}],"wp:featuredmedia":[{"embeddable":true,"href":"https:\/\/www.stvvalves.com\/es\/wp-json\/wp\/v2\/media\/6660"}],"wp:attachment":[{"href":"https:\/\/www.stvvalves.com\/es\/wp-json\/wp\/v2\/media?parent=6658"}],"wp:term":[{"taxonomy":"product_brand","embeddable":true,"href":"https:\/\/www.stvvalves.com\/es\/wp-json\/wp\/v2\/product_brand?post=6658"},{"taxonomy":"product_cat","embeddable":true,"href":"https:\/\/www.stvvalves.com\/es\/wp-json\/wp\/v2\/product_cat?post=6658"},{"taxonomy":"product_tag","embeddable":true,"href":"https:\/\/www.stvvalves.com\/es\/wp-json\/wp\/v2\/product_tag?post=6658"}],"curies":[{"name":"wp","href":"https:\/\/api.w.org\/{rel}","templated":true}]}}