{"id":6679,"date":"2023-02-06T08:26:37","date_gmt":"2023-02-06T00:26:37","guid":{"rendered":"https:\/\/www.stvvalves.com\/?post_type=product&#038;p=6679"},"modified":"2025-02-19T19:45:31","modified_gmt":"2025-02-19T11:45:31","slug":"what-is-a-ball-valve","status":"publish","type":"product","link":"https:\/\/www.stvvalves.com\/es\/products\/what-is-a-ball-valve\/","title":{"rendered":"V\u00e1lvula de bola con cuerpo SS316 de 3 piezas con almohadilla de montaje ISO5211"},"content":{"rendered":"<p>SS316 3pc Body Ball Valve with ISO5211 Mounting Pad is a non-maintainable full bore ball valve; providing safe operation for both general and industrial chemical applications.<\/p>\n<p>v\u00e1lvula de bola de uso general que sea confiable. Cuerpo de acero inoxidable y asiento de PTFE relleno de carbono.<\/p>\n<p>Cuenta con un v\u00e1stago a prueba de explosiones y agarre aislado, manija de palanca bloqueable.<\/p>\n<p>Cuerpo de Acero Inoxidable CF8M 316<br \/>\nRoscado BSP, NPT<br \/>\nTama\u00f1os: 1\/4\u2033 a 4\u2033<br \/>\nRango de temperatura: -20 \u00b0C a +200 \u00b0C<br \/>\nPresi\u00f3n de funcionamiento: 1000 PSI (1\/4\u2033 a 2\u2033) y 800 PSI (2 1\/2\u2033 a 4\u2033)<br \/>\nMovimiento: giro de 90\u00b0<\/p>\n<table>\n<tbody>\n<tr>\n<td width=\"200\"><strong>Nombre del producto3<\/strong><\/td>\n<td width=\"481\">V\u00e1lvula de bola con cuerpo SS316 de 3 piezas con almohadilla de montaje ISO5211<\/td>\n<\/tr>\n<tr>\n<td width=\"200\">1. Materiales<\/td>\n<td width=\"481\">CF8M<\/td>\n<\/tr>\n<tr>\n<td width=\"200\">2. Tama\u00f1o<\/td>\n<td width=\"481\">2\u201d<\/td>\n<\/tr>\n<tr>\n<td width=\"200\">4. Puerto<\/td>\n<td width=\"481\">Puerto lleno<\/td>\n<\/tr>\n<tr>\n<td width=\"200\">5. Presi\u00f3n de trabajo<\/td>\n<td width=\"481\">1000WOG<\/td>\n<\/tr>\n<tr>\n<td width=\"200\">6. La conexi\u00f3n finaliza<\/td>\n<td width=\"481\">TNP<\/td>\n<\/tr>\n<tr>\n<td width=\"200\">7. Temperatura de trabajo.<\/td>\n<td width=\"481\">-29~180\u00baC,<\/td>\n<\/tr>\n<tr>\n<td width=\"200\">8. Medio adecuado<\/td>\n<td width=\"481\">Agua, Gas Natural, Petr\u00f3leo y alg\u00fan l\u00edquido corrosivo<\/td>\n<\/tr>\n<tr>\n<td width=\"200\">9. Operado<\/td>\n<td width=\"481\">Volante<\/td>\n<\/tr>\n<tr>\n<td width=\"200\">10. Inspecci\u00f3n y pruebas<\/td>\n<td width=\"481\">Seg\u00fan API598<\/td>\n<\/tr>\n<tr>\n<td width=\"200\"><strong>Env\u00edo<\/strong><\/td>\n<td width=\"481\"><\/td>\n<\/tr>\n<tr>\n<td width=\"200\">El tiempo de entrega<\/td>\n<td width=\"481\">30 dias<\/td>\n<\/tr>\n<tr>\n<td width=\"200\">Paquete<\/td>\n<td width=\"481\">Caja de madera contrachapada de exportaci\u00f3n est\u00e1ndar<\/td>\n<\/tr>\n<tr>\n<td width=\"200\">Puerto de embarque<\/td>\n<td width=\"481\">Ningbo\/Shangh\u00e1i, China<\/td>\n<\/tr>\n<tr>\n<td width=\"200\">Condiciones de env\u00edo<\/td>\n<td width=\"481\">Exw, MANDO, CFR, CIF, etc.<\/td>\n<\/tr>\n<tr>\n<td width=\"200\">T\u00e9rminos de pago<\/td>\n<td width=\"481\">T\/T, Western Union, PayPal, etc.<\/td>\n<\/tr>\n<tr>\n<td width=\"200\"><\/td>\n<td width=\"481\">Pago anticipado de 30%, saldo de 70% pagado antes del env\u00edo<\/td>\n<\/tr>\n<tr>\n<td width=\"200\">Pa\u00eds de origen<\/td>\n<td width=\"481\">Ciudad de Wenzhou, China<\/td>\n<\/tr>\n<tr>\n<td width=\"200\">Capacidad de producci\u00f3n<\/td>\n<td width=\"481\">6000 toneladas\/a\u00f1o<\/td>\n<\/tr>\n<tr>\n<td width=\"200\">Cantidad m\u00ednima de pedido<\/td>\n<td width=\"481\">1 unidad\/tama\u00f1o<\/td>\n<\/tr>\n<\/tbody>\n<\/table>","protected":false},"excerpt":{"rendered":"<h1 class=\"product_title entry-title\"><span style=\"font-size: 16px;\">Modelo:Q11F-1000WOG-2\u2033<\/span><\/h1>\n<div class=\"woocommerce-product-details__short-description\">\n<p>STV Valve Technology Group Co., Ltd is a professional leader China 3pc ball valve,Ball valvestainless steel ball valve,high pressure stainless steel ball valve,BSP\/NPT Thread ball Valve,Ball Valve With Mounting Pad,CF8M Ball Valve,1000 Wog Ball Valve Manufacturer with high quality and competitive price.<\/p>\n<p>Comun\u00edquese con nuestro sales@stvvalve.com para obtener otros materiales y detalles.<\/p>\n<\/div>","protected":false},"featured_media":6682,"template":"","meta":[],"product_brand":[],"product_cat":[43,79],"product_tag":[173,1796,1800,1797,1799,174,1798],"class_list":{"0":"post-6679","1":"product","2":"type-product","3":"status-publish","4":"has-post-thumbnail","6":"product_cat-ball-valve","7":"product_cat-threaded-ball-valve","8":"product_tag-1000-wog-ball-valve","9":"product_tag-3pc-ball-valve","10":"product_tag-ball-valve-with-mounting-pad","11":"product_tag-ball-valvestainless-steel-ball-valve","12":"product_tag-bsp-npt-thread-ball-valve","13":"product_tag-cf8m-ball-valve","14":"product_tag-high-pressure-stainless-steel-ball-valve","16":"first","17":"instock","18":"shipping-taxable","19":"product-type-simple"},"_links":{"self":[{"href":"https:\/\/www.stvvalves.com\/es\/wp-json\/wp\/v2\/product\/6679","targetHints":{"allow":["GET"]}}],"collection":[{"href":"https:\/\/www.stvvalves.com\/es\/wp-json\/wp\/v2\/product"}],"about":[{"href":"https:\/\/www.stvvalves.com\/es\/wp-json\/wp\/v2\/types\/product"}],"wp:featuredmedia":[{"embeddable":true,"href":"https:\/\/www.stvvalves.com\/es\/wp-json\/wp\/v2\/media\/6682"}],"wp:attachment":[{"href":"https:\/\/www.stvvalves.com\/es\/wp-json\/wp\/v2\/media?parent=6679"}],"wp:term":[{"taxonomy":"product_brand","embeddable":true,"href":"https:\/\/www.stvvalves.com\/es\/wp-json\/wp\/v2\/product_brand?post=6679"},{"taxonomy":"product_cat","embeddable":true,"href":"https:\/\/www.stvvalves.com\/es\/wp-json\/wp\/v2\/product_cat?post=6679"},{"taxonomy":"product_tag","embeddable":true,"href":"https:\/\/www.stvvalves.com\/es\/wp-json\/wp\/v2\/product_tag?post=6679"}],"curies":[{"name":"wp","href":"https:\/\/api.w.org\/{rel}","templated":true}]}}