{"id":6685,"date":"2023-02-06T09:13:58","date_gmt":"2023-02-06T01:13:58","guid":{"rendered":"https:\/\/www.stvvalves.com\/?post_type=product&#038;p=6685"},"modified":"2025-02-17T17:57:05","modified_gmt":"2025-02-17T09:57:05","slug":"316-wafer-segment-ball-valve-pn25-dn50","status":"publish","type":"product","link":"https:\/\/www.stvvalves.com\/es\/products\/316-wafer-segment-ball-valve-pn25-dn50\/","title":{"rendered":"V\u00e1lvula de bola de segmento de oblea 316, PN25, DN50"},"content":{"rendered":"<p>La v\u00e1lvula de bola de segmento Wafer 316 es una v\u00e1lvula de bola de puerto en V de acero inoxidable de la serie y est\u00e1 dise\u00f1ada principalmente para el control de flujo y tambi\u00e9n se puede utilizar para la operaci\u00f3n de cierre. El puerto con muescas en la bola del segmento contribuye a una fuerte tensi\u00f3n de corte para cortar medios con fibras y part\u00edculas. En consecuencia, esta v\u00e1lvula de bola de segmento es una buena v\u00e1lvula de control general (car\u00e1cter de flujo de igual porcentaje) para la mayor\u00eda de las aplicaciones de procesos de pulpa y papel, o flujos similares que contienen fibras y part\u00edculas.<\/p>\n<p><b>Caracter\u00edsticas:<\/b><\/p>\n<p>1. Cuerpo:<\/p>\n<p>a) El dise\u00f1o del cuerpo integral ofrece mayor rigidez contra cargas fluctuantes de la tuber\u00eda.<\/p>\n<p>b) Elimina la v\u00eda de fuga asociada con los dise\u00f1os de cuerpo de dos piezas.<\/p>\n<p>c) Est\u00e1n disponibles conexiones tipo oblea y brida.<\/p>\n<p>&nbsp;<\/p>\n<p>2. N\u00facleo:<\/p>\n<p>a) La bola con muesca en V especialmente dise\u00f1ada proporciona una fuerte tensi\u00f3n de corte y un sellado herm\u00e9tico.<\/p>\n<p>b) Los tratamientos de cromo duro, nitruraci\u00f3n y HCOF est\u00e1n disponibles para el tratamiento de la superficie de la bola, mejorando la dureza.<\/p>\n<p>Resistencia a la abrasi\u00f3n, resistencia a la fatiga, resistencia a la corrosi\u00f3n y rendimiento a altas temperaturas.<\/p>\n<p>c) La superficie de la bola con muescas bien rectificada garantiza un par de operaci\u00f3n peque\u00f1o y un sello herm\u00e9tico, especialmente para asientos met\u00e1licos.<\/p>\n<p>v\u00e1lvula de segmento.<\/p>\n<p>3. Asiento:<\/p>\n<p>a) Para v\u00e1lvulas clasificadas bajo clase 150, el retenedor est\u00e1 moldeado en el cuerpo de la v\u00e1lvula para eliminar cualquier espacio posible entre el asiento<\/p>\n<p>anillo y cuerpo para la acumulaci\u00f3n de residuos. En consecuencia, esto garantiza un sellado perfecto.<\/p>\n<p>b) El dise\u00f1o de resorte especializado reduce el torque de la v\u00e1lvula al tiempo que proporciona fuerza para un sellado herm\u00e9tico.<\/p>\n<p>c) El dise\u00f1o del asiento activado por presi\u00f3n ofrece un sellado excelente incluso a presiones diferenciales muy bajas.<\/p>\n<p>4. Tallo:<\/p>\n<p>a) El v\u00e1stago est\u00e1 finamente pulido para que coincida de manera excelente con el actuador, lo que evita el movimiento oscilante y posibles fallas.<\/p>\n<p>de la v\u00e1lvula segmentada.<\/p>\n<p><span id=\"remark\">Introducci\u00f3n del producto<\/span><\/p>\n<table>\n<tbody>\n<tr>\n<td width=\"200\"><strong>nombre del producto<\/strong><\/td>\n<td width=\"481\">V\u00e1lvula de bola de segmento de oblea 316, PN25, DN50<\/td>\n<\/tr>\n<tr>\n<td width=\"200\">1. Materiales<\/td>\n<td width=\"481\">316<\/td>\n<\/tr>\n<tr>\n<td width=\"200\">2. Tama\u00f1o<\/td>\n<td width=\"481\">2\u201d<\/td>\n<\/tr>\n<tr>\n<td width=\"200\">4. Puerto<\/td>\n<td width=\"481\">\u00a0Puerto V<\/td>\n<\/tr>\n<tr>\n<td width=\"200\">5. Presi\u00f3n de trabajo<\/td>\n<td width=\"481\">150 libras<\/td>\n<\/tr>\n<tr>\n<td width=\"200\">6. La conexi\u00f3n finaliza<\/td>\n<td width=\"481\">RF<\/td>\n<\/tr>\n<tr>\n<td width=\"200\">7. Temperatura de trabajo.<\/td>\n<td width=\"481\">-29~300\u00baC,<\/td>\n<\/tr>\n<tr>\n<td width=\"200\">8. Medio adecuado<\/td>\n<td width=\"481\">Agua, Gas Natural, Petr\u00f3leo y alg\u00fan l\u00edquido corrosivo<\/td>\n<\/tr>\n<tr>\n<td width=\"200\">9. Operado<\/td>\n<td width=\"481\">\/<\/td>\n<\/tr>\n<tr>\n<td width=\"200\">10. Inspecci\u00f3n y pruebas<\/td>\n<td width=\"481\">Seg\u00fan API598<\/td>\n<\/tr>\n<tr>\n<td width=\"200\"><strong>Env\u00edo<\/strong><\/td>\n<td width=\"481\"><\/td>\n<\/tr>\n<tr>\n<td width=\"200\">El tiempo de entrega<\/td>\n<td width=\"481\">30 dias<\/td>\n<\/tr>\n<tr>\n<td width=\"200\">Paquete<\/td>\n<td width=\"481\">Caja de madera contrachapada de exportaci\u00f3n est\u00e1ndar<\/td>\n<\/tr>\n<tr>\n<td width=\"200\">Puerto de embarque<\/td>\n<td width=\"481\">Ningbo\/Shangh\u00e1i, China<\/td>\n<\/tr>\n<tr>\n<td width=\"200\">Condiciones de env\u00edo<\/td>\n<td width=\"481\">Exw, MANDO, CFR, CIF, etc.<\/td>\n<\/tr>\n<tr>\n<td width=\"200\">T\u00e9rminos de pago<\/td>\n<td width=\"481\">T\/T, Western Union, PayPal, etc.<\/td>\n<\/tr>\n<tr>\n<td width=\"200\"><\/td>\n<td width=\"481\">Pago anticipado de 30%, saldo de 70% pagado antes del env\u00edo<\/td>\n<\/tr>\n<tr>\n<td width=\"200\">Pa\u00eds de origen<\/td>\n<td width=\"481\">Ciudad de Wenzhou, China<\/td>\n<\/tr>\n<tr>\n<td width=\"200\">Capacidad de producci\u00f3n<\/td>\n<td width=\"481\">6000 toneladas\/a\u00f1o<\/td>\n<\/tr>\n<tr>\n<td width=\"200\">Cantidad m\u00ednima de pedido<\/td>\n<td width=\"481\">1 unidad\/tama\u00f1o<\/td>\n<\/tr>\n<\/tbody>\n<\/table>\n<table border=\"1\" align=\"left\">\n<tbody>\n<tr>\n<td>\u00a0 \u00a0 \u00a0Rango de tama\u00f1o:<\/td>\n<td>\u00a0 \u00a0 \u00a0 DN 25~250mm NPS 1\u201d-10\u201d (Oblea)<\/p>\n<p>DN 25~500mm NPS 1\u201d-20\u201d (Brida)<\/td>\n<\/tr>\n<tr>\n<td>\u00a0 \u00a0 \u00a0Prensa. Tasa:<\/td>\n<td>\u00a0 \u00a0 \u00a0\u00a0PN 16\/10\/25\/40\/63<\/p>\n<p>ANSI 150\/300\/600<\/td>\n<\/tr>\n<tr>\n<td>\u00a0 \u00a0 \u00a0Temperatura. Rango:<\/td>\n<td>\u00a0 \u00a0 \u00a0\u00a0Asiento met\u00e1lico -29\u2026+450 \u2103<\/p>\n<p>Asiento resistente -29\u2026+150 \u2103<\/td>\n<\/tr>\n<tr>\n<td>\u00a0 \u00a0 \u00a0Estanqueidad del sello:<\/td>\n<td>\u00a0 \u00a0 \u00a0\u00a0Asiento Met\u00e1lico Clase IV<\/p>\n<p>Asiento resistente Clase VI<\/p>\n<p>&nbsp;<\/td>\n<\/tr>\n<tr>\n<td>\u00a0 \u00a0\u00a0\u00a0Cuerpo material:<\/td>\n<td>\u00a0 \u00a0 \u00a0 Acero al carbono, Acero inoxidable, Aleaci\u00f3n especial<\/td>\n<\/tr>\n<tr>\n<td>\u00a0 \u00a0 \u00a0Material de la bola\/v\u00e1stago:<\/td>\n<td>\u00a0 \u00a0 \u00a0\u00a0Acero inoxidable, aleaci\u00f3n especial<\/td>\n<\/tr>\n<tr>\n<td>\u00a0 \u00a0 \u00a0Material del asiento:<\/td>\n<td>\u00a0 \u00a0 \u00a0\u00a0Acero inoxidable+STL, PCTFE,PEEK (brida)<\/p>\n<p>Acero inoxidable+STL (Oblea)<\/td>\n<\/tr>\n<tr>\n<td>\u00a0 \u00a0 \u00a0Cara a cara:<\/td>\n<td>\u00a0 \u00a0 \u00a0 ISA S75.04, IEC\/DIN 534-3-2 (brida)<\/p>\n<p>Est\u00e1ndar de f\u00e1brica (oblea)<\/td>\n<\/tr>\n<tr>\n<td>\u00a0 \u00a0 \u00a0Est\u00e1ndar de brida:<\/td>\n<td>\u00a0 \u00a0 \u00a0 GB\/T 9113,1, JB\/T 79,1, HG 20592,<\/p>\n<p>ASME B 16.34, ISO 7005 (Otras perforaciones bajo pedido)<\/td>\n<\/tr>\n<tr>\n<td>\u00a0 \u00a0 \u00a0Aplicaciones:<\/td>\n<td>\u00a0 \u00a0 \u00a0\u00a0Pulpa y papel, tratamiento de agua, alimentos y bebidas,<\/p>\n<p>Qu\u00edmica fina, central el\u00e9ctrica, industria del acero<\/td>\n<\/tr>\n<\/tbody>\n<\/table>","protected":false},"excerpt":{"rendered":"<p>China V\u00e1lvula de bola de segmento de oblea 316, proveedor de v\u00e1lvula de bola STV ofrece v\u00e1lvula de bola de segmento de 2 pulgadas, proveedor de v\u00e1lvula de bola de segmento PN25 en China, v\u00e1lvula de bola de segmento de 150 lb, v\u00e1lvula de bola de segmento de extremo de oblea, fabricaci\u00f3n de v\u00e1lvula de bola de segmento de China.<\/p>","protected":false},"featured_media":6686,"template":"","meta":[],"product_brand":[],"product_cat":[43,56,53],"product_tag":[1807,1804,1809,1806,1805,1808],"class_list":{"0":"post-6685","1":"product","2":"type-product","3":"status-publish","4":"has-post-thumbnail","6":"product_cat-ball-valve","7":"product_cat-trunnion-ball-valve","8":"product_cat-stainless-steel-ball-valve","9":"product_tag-150lb-segment-ball-valve","10":"product_tag-china-316-wafer-segment-ball-valve","11":"product_tag-china-segment-ball-valve-manufacture","12":"product_tag-pn25-segment-ball-valve-supplier-in-china","13":"product_tag-stv-ball-valve-supplier-offers-2-inch-segment-ball-valve","14":"product_tag-wafer-endsegment-ball-valve","16":"first","17":"instock","18":"shipping-taxable","19":"product-type-simple"},"_links":{"self":[{"href":"https:\/\/www.stvvalves.com\/es\/wp-json\/wp\/v2\/product\/6685","targetHints":{"allow":["GET"]}}],"collection":[{"href":"https:\/\/www.stvvalves.com\/es\/wp-json\/wp\/v2\/product"}],"about":[{"href":"https:\/\/www.stvvalves.com\/es\/wp-json\/wp\/v2\/types\/product"}],"wp:featuredmedia":[{"embeddable":true,"href":"https:\/\/www.stvvalves.com\/es\/wp-json\/wp\/v2\/media\/6686"}],"wp:attachment":[{"href":"https:\/\/www.stvvalves.com\/es\/wp-json\/wp\/v2\/media?parent=6685"}],"wp:term":[{"taxonomy":"product_brand","embeddable":true,"href":"https:\/\/www.stvvalves.com\/es\/wp-json\/wp\/v2\/product_brand?post=6685"},{"taxonomy":"product_cat","embeddable":true,"href":"https:\/\/www.stvvalves.com\/es\/wp-json\/wp\/v2\/product_cat?post=6685"},{"taxonomy":"product_tag","embeddable":true,"href":"https:\/\/www.stvvalves.com\/es\/wp-json\/wp\/v2\/product_tag?post=6685"}],"curies":[{"name":"wp","href":"https:\/\/api.w.org\/{rel}","templated":true}]}}