{"id":6830,"date":"2023-07-10T13:04:36","date_gmt":"2023-07-10T05:04:36","guid":{"rendered":"https:\/\/www.stvvalves.com\/?post_type=product&#038;p=6830"},"modified":"2024-12-24T20:39:35","modified_gmt":"2024-12-24T12:39:35","slug":"cast-iron-lug-type-butterfly-valve","status":"publish","type":"product","link":"https:\/\/www.stvvalves.com\/es\/products\/cast-iron-lug-type-butterfly-valve\/","title":{"rendered":"V\u00e1lvula de mariposa tipo orejeta de hierro fundido, DN125, PN16, operaci\u00f3n de palanca"},"content":{"rendered":"<p>Especificaci\u00f3n t\u00e9cnica:<br \/>\nEst\u00e1ndar de dise\u00f1o:<\/p>\n<p>EN 593, MSS SP67, API 609, BS5155<\/p>\n<p>Dimensi\u00f3n cara a cara:<\/p>\n<p>ISO 5752, EN 558, MSS SP67, API 609, DIN3202<\/p>\n<p>Est\u00e1ndar final:<\/p>\n<p>ANSI B16.1 Clase 125LB y B16.5 Clase 150LB<\/p>\n<p>AS 2129 Tabla D y E BS 10 Tabla D y E<\/p>\n<p>DIN 2501 PN6, PN10 y PN16<\/p>\n<p>EN 1092 PN6, PN10 y PN16<\/p>\n<p>KS B 1511 \/ JIS B 2210 5K y 10K<\/p>\n<p>MSS SP44 CL. 150LB AWWA C207<\/p>\n<p>SABS 1123 Tabla 1000\/3 y Tabla 1600\/3<\/p>\n<p>Brida superior: ISO5211<\/p>\n<p>Est\u00e1ndar de prueba: API 598, ISO 5208, EN 12266<\/p>\n<p>Campo de aplicaci\u00f3n:<\/p>\n<p>Temperatura de funcionamiento:<\/p>\n<p>NBR: 0\u2103~+90\u2103<\/p>\n<p>EPDM: \u2013 20\u2103~+120\u2103<\/p>\n<p>PTFE: -10\u2103~+150\u2103<\/p>\n<p>Rango de tama\u00f1os: DN32-DN2000 Presi\u00f3n: 5K\/10K\/150LB\/PN10\/PN16 Materiales del cuerpo: Hierro fundido, hierro d\u00factil, WCB, SS304, SS316, bronce, aleaci\u00f3n de aluminio Materiales del asiento: EPDM, NBR, PTFE, VITON, Materiales del disco de caucho : Hierro d\u00factil, CF8, CF8M, WCB, bronce, aleaci\u00f3n de aluminio Materiales del v\u00e1stago: 45#, 420, 431, 304, 304L, 316, 316L, bronce, monel, aleaci\u00f3n dura<\/p>\n<p>Operaci\u00f3n opcional: Palanca, Engranaje helicoidal, Neum\u00e1tico, El\u00e9ctrico-Motorizado<\/p>\n<p>Aplicaci\u00f3n: Procesamiento qu\u00edmico, Plantas desalinizadoras, Agua potable, Polvo seco, Alimentos y bebidas, Plantas de gas, HAVC Industria minera, Industria papelera, Manipulaci\u00f3n de arena, Agua de mar, Industria azucarera, Tratamiento termot\u00e9cnico de agua, Aguas residuales, Circulaci\u00f3n de agua de refrigeraci\u00f3n, Aire comprimido<\/p>\n<p>Caracteristicas de dise\u00f1o:<\/p>\n<p>1. V\u00e1lvula de mariposa de respaldo r\u00edgido, el asiento de la v\u00e1lvula no se puede reemplazar, generalmente est\u00e1 equipada con una placa de v\u00e1lvula de pasador, el precio es relativamente barato y el rendimiento de costos es relativamente alto.<\/p>\n<p>2. Cuando se instalan la v\u00e1lvula de mariposa de orejeta y la tuber\u00eda, las bridas en ambos lados se instalan por separado con pernos, de modo que los pernos no aprieten el cuerpo de la v\u00e1lvula y la superficie de sellado del cuerpo de la v\u00e1lvula, lo cual es beneficioso para el sellado. vida.<\/p>\n<p>3. La v\u00e1lvula de mariposa de orejeta se puede instalar f\u00e1cilmente en la posici\u00f3n de descarga.<\/p>\n<p>4. Si la v\u00e1lvula de mariposa est\u00e1 conectada mediante un par de abrazaderas, cuando el perno est\u00e9 instalado en la tuber\u00eda, el perno apretar\u00e1 todo el cuerpo de la v\u00e1lvula de mariposa entre las dos bridas. El perno es relativamente largo y la fluencia generada tambi\u00e9n es grande. El m\u00e9todo de conexi\u00f3n de la v\u00e1lvula de mariposa de orejeta, el perno es relativamente corto, no necesita pasar por todo el cuerpo de la v\u00e1lvula y es m\u00e1s estable y confiable.<\/p>\n<p>La diferencia entre la v\u00e1lvula de mariposa de orejeta y la v\u00e1lvula de mariposa de brida<\/p>\n<p>Para las v\u00e1lvulas de mariposa tipo brida, los orificios para pernos son generalmente orificios pasantes, que son ligeramente m\u00e1s grandes que los pernos y est\u00e1n sujetos por bridas; Los orificios para pernos de las v\u00e1lvulas de mariposa tipo orejeta coinciden con las roscas y se instalan con pernos prisioneros de rosca completa.<\/p>\n<p>Instalaci\u00f3n de v\u00e1lvula de mariposa de orejeta<\/p>\n<p>Para instalar la v\u00e1lvula de mariposa de orejeta, es necesario quitar un lado de la tuerca, girar el perno en el orificio del perno de la v\u00e1lvula y luego apretar la tuerca.<\/p>\n<p>La v\u00e1lvula de mariposa de orejeta tiene un th<\/p>","protected":false},"excerpt":{"rendered":"<p>Fabricaci\u00f3n de v\u00e1lvulas de mariposa tipo orejeta de hierro fundido en China, STV ofrece v\u00e1lvulas de mariposa de hierro fundido con palanca, cuerpo DI, DN125, PN16, API 609.<\/p>","protected":false},"featured_media":6831,"template":"","meta":[],"product_brand":[],"product_cat":[965,971],"product_tag":[1906,1903,1904,1907,1905],"class_list":{"0":"post-6830","1":"product","2":"type-product","3":"status-publish","4":"has-post-thumbnail","6":"product_cat-butterfly-valve","7":"product_cat-wafer-butterfly-valve","8":"product_tag-150lb-cast-iron-lug-type-butterfly-valve","9":"product_tag-cast-iron-lug-type-butterfly-valve","10":"product_tag-dn125-cast-iron-lug-type-butterfly-valve","11":"product_tag-lever-op-cast-iron-lug-type-butterfly-valve","12":"product_tag-pn16-cast-iron-lug-type-butterfly-valve","14":"first","15":"instock","16":"shipping-taxable","17":"product-type-simple"},"_links":{"self":[{"href":"https:\/\/www.stvvalves.com\/es\/wp-json\/wp\/v2\/product\/6830","targetHints":{"allow":["GET"]}}],"collection":[{"href":"https:\/\/www.stvvalves.com\/es\/wp-json\/wp\/v2\/product"}],"about":[{"href":"https:\/\/www.stvvalves.com\/es\/wp-json\/wp\/v2\/types\/product"}],"wp:featuredmedia":[{"embeddable":true,"href":"https:\/\/www.stvvalves.com\/es\/wp-json\/wp\/v2\/media\/6831"}],"wp:attachment":[{"href":"https:\/\/www.stvvalves.com\/es\/wp-json\/wp\/v2\/media?parent=6830"}],"wp:term":[{"taxonomy":"product_brand","embeddable":true,"href":"https:\/\/www.stvvalves.com\/es\/wp-json\/wp\/v2\/product_brand?post=6830"},{"taxonomy":"product_cat","embeddable":true,"href":"https:\/\/www.stvvalves.com\/es\/wp-json\/wp\/v2\/product_cat?post=6830"},{"taxonomy":"product_tag","embeddable":true,"href":"https:\/\/www.stvvalves.com\/es\/wp-json\/wp\/v2\/product_tag?post=6830"}],"curies":[{"name":"wp","href":"https:\/\/api.w.org\/{rel}","templated":true}]}}