{"id":6834,"date":"2023-07-10T13:27:34","date_gmt":"2023-07-10T05:27:34","guid":{"rendered":"https:\/\/www.stvvalves.com\/?post_type=product&#038;p=6834"},"modified":"2024-12-24T19:28:19","modified_gmt":"2024-12-24T11:28:19","slug":"di-flange-type-butterfly-valve-pn16-dn150-worm-gear","status":"publish","type":"product","link":"https:\/\/www.stvvalves.com\/es\/products\/di-flange-type-butterfly-valve-pn16-dn150-worm-gear\/","title":{"rendered":"V\u00e1lvula de mariposa tipo brida DI, PN16, DN150, engranaje helicoidal"},"content":{"rendered":"<p>Rango de tama\u00f1o: DN40-DN3200<\/p>\n<p>Presi\u00f3n: 10K\/150LB\/PN10\/PN16<\/p>\n<p>Materiales del cuerpo: Hierro fundido, Hierro d\u00factil, WCB, SS304, SS316, SS304L, SS316L, Bronce, Aleaci\u00f3n de aluminio<\/p>\n<p>Materiales del asiento: EPDM, NBR, PTFE, VITON, Caucho<\/p>\n<p>Materiales del disco: Hierro d\u00factil, WCB, SS304, SS316, SS304L, SS316L, Bronce, Aleaci\u00f3n de aluminio<\/p>\n<p>Materiales del v\u00e1stago\/eje: 45#, 410, 420, 431, 304, 304L, 316, 316L, bronce, monel, aleaci\u00f3n dura<\/p>\n<p>Pasador: Acero inoxidable<\/p>\n<p>Buje: PTFE, Bronce<\/p>\n<p>Junta t\u00f3rica: EPDM\/NBR\/\/Viton<\/p>\n<p><strong>Caracteristicas de dise\u00f1o:<\/strong><\/p>\n<p>&nbsp;<\/p>\n<p>1. Estructura de dise\u00f1o novedoso, tama\u00f1o total peque\u00f1o y peso ligero.<\/p>\n<p>2. Por lo general, el torque es peque\u00f1o, la apertura y el cierre son r\u00e1pidos y la operaci\u00f3n es liviana y ahorra mano de obra.<\/p>\n<p>3. La placa de mariposa y el anillo de sellado est\u00e1n estrechamente combinados, lo que puede lograr cero fugas.<\/p>\n<p>4. La conexi\u00f3n de la v\u00e1lvula de mariposa con brida requiere pernos m\u00e1s cortos que la v\u00e1lvula de mariposa tipo wafer, que es m\u00e1s confiable en la aplicaci\u00f3n de tuber\u00edas de gran di\u00e1metro. Generalmente, se recomienda la v\u00e1lvula de mariposa con brida o la v\u00e1lvula de mariposa en forma de U para condiciones de trabajo de gran di\u00e1metro.<\/p>\n<p>Campo de aplicaci\u00f3n:<\/p>\n<p>Temperatura de funcionamiento:<\/p>\n<p>NBR: 0\u2103~+90\u2103<\/p>\n<p>EPDM: \u2013 20\u2103~+120\u2103<\/p>\n<p>PTFE: -10\u2103~+150\u2103<\/p>\n<p>Funcionar:<\/p>\n<p>DN32-DN250: Palanca<\/p>\n<p>DN300-3200: engranaje helicoidal<\/p>\n<p>Operaci\u00f3n opcional: Palanca, Engranaje helicoidal, Neum\u00e1tico, El\u00e9ctrico-Motorizado<\/p>\n<p>Aplicaci\u00f3n: Procesamiento qu\u00edmico, Plantas desalinizadoras, Agua potable, Polvo seco, Alimentos y bebidas, Plantas de gas, HAVC Industria minera, Industria papelera, Manipulaci\u00f3n de arena, Agua de mar, Industria azucarera, Tratamiento termot\u00e9cnico de agua, Aguas residuales, Circulaci\u00f3n de agua de refrigeraci\u00f3n, Aire comprimido<\/p>\n<p>&nbsp;<\/p>\n<p>Especificaci\u00f3n t\u00e9cnica:<br \/>\nEst\u00e1ndar de dise\u00f1o:<\/p>\n<p>EN 593, MSS SP67, API 609, BS5155<\/p>\n<p>Dimensi\u00f3n cara a cara:<\/p>\n<p>ISO 5752, EN 558, MSS SP67, API 609, DIN3202<\/p>\n<p>Est\u00e1ndar final:<\/p>\n<p>ANSI B16.1 Clase 125LB y B16.5 Clase 150LB<\/p>\n<p>AS 2129 Tabla D y E BS 10 Tabla D y E<\/p>\n<p>DIN 2501 PN6, PN10 y PN16<\/p>\n<p>EN 1092 PN6, PN10 y PN16<\/p>\n<p>ISO 2531 PN6, PN10 y PN16<\/p>\n<p>ISO 7005 PN6, PN10 y PN16<\/p>\n<p>KS B 1511 \/ JIS B 2210 5K y 10K<\/p>\n<p>MSS SP44 CL. 150LB AWWA C207<\/p>\n<p>SABS 1123 Tabla 1000\/3 y Tabla 1600\/3<\/p>\n<p>Brida superior: ISO5211<\/p>\n<p>Est\u00e1ndar de prueba: API 598, ISO 5208, EN 12266<\/p>","protected":false},"excerpt":{"rendered":"<p>STV Valve Technology Group Co., Ltd is a professional leader China Butterfly Valve for seawater,DI Flange type Butterfly valve\uff0cflange ductile iron butterfly valve,Epdm Seat Butterfly Valve,DI Disc Butterfly Valve,6 Inch Butterfly Valve Manufacture with high quality and competitive price.<\/p>","protected":false},"featured_media":6835,"template":"","meta":[],"product_brand":[],"product_cat":[965,972],"product_tag":[1912,1915,1913,1914],"class_list":{"0":"post-6834","1":"product","2":"type-product","3":"status-publish","4":"has-post-thumbnail","6":"product_cat-butterfly-valve","7":"product_cat-flange-butterfly-valve","8":"product_tag-di-flange-type-butterfly-valve","9":"product_tag-dn150-di-flange-type-butterfly-valve","10":"product_tag-pn16-di-flange-type-butterfly-valve","11":"product_tag-worm-gear-di-flange-type-butterfly-valve","13":"first","14":"instock","15":"shipping-taxable","16":"product-type-simple"},"_links":{"self":[{"href":"https:\/\/www.stvvalves.com\/es\/wp-json\/wp\/v2\/product\/6834","targetHints":{"allow":["GET"]}}],"collection":[{"href":"https:\/\/www.stvvalves.com\/es\/wp-json\/wp\/v2\/product"}],"about":[{"href":"https:\/\/www.stvvalves.com\/es\/wp-json\/wp\/v2\/types\/product"}],"wp:featuredmedia":[{"embeddable":true,"href":"https:\/\/www.stvvalves.com\/es\/wp-json\/wp\/v2\/media\/6835"}],"wp:attachment":[{"href":"https:\/\/www.stvvalves.com\/es\/wp-json\/wp\/v2\/media?parent=6834"}],"wp:term":[{"taxonomy":"product_brand","embeddable":true,"href":"https:\/\/www.stvvalves.com\/es\/wp-json\/wp\/v2\/product_brand?post=6834"},{"taxonomy":"product_cat","embeddable":true,"href":"https:\/\/www.stvvalves.com\/es\/wp-json\/wp\/v2\/product_cat?post=6834"},{"taxonomy":"product_tag","embeddable":true,"href":"https:\/\/www.stvvalves.com\/es\/wp-json\/wp\/v2\/product_tag?post=6834"}],"curies":[{"name":"wp","href":"https:\/\/api.w.org\/{rel}","templated":true}]}}