{"id":6844,"date":"2023-07-24T13:52:41","date_gmt":"2023-07-24T05:52:41","guid":{"rendered":"https:\/\/www.stvvalves.com\/?post_type=product&#038;p=6844"},"modified":"2023-07-24T13:52:43","modified_gmt":"2023-07-24T05:52:43","slug":"concentric-reducer-forged-fitting-swage-nipple","status":"publish","type":"product","link":"https:\/\/www.stvvalves.com\/es\/products\/concentric-reducer-forged-fitting-swage-nipple\/","title":{"rendered":"Niple estampado de ajuste forjado reductor conc\u00e9ntrico"},"content":{"rendered":"<table>\n<tbody>\n<tr>\n<td>nombre del producto<\/td>\n<td>\u00a0 Boquilla estampada<\/td>\n<\/tr>\n<tr>\n<td>Tama\u00f1o<\/td>\n<td>1\/4&#8243;-12&#8243;<\/td>\n<\/tr>\n<tr>\n<td>Est\u00e1ndar<\/td>\n<td>MSS SP 95<\/td>\n<\/tr>\n<tr>\n<td>espesor de pared<\/td>\n<td>STD\/SCH40, SCH80\/XS, SCH160, XXS, personalizado, etc.<\/td>\n<\/tr>\n<tr>\n<td>Fin<\/td>\n<td>Extremo liso o extremo roscado (NPT\/BSP), TOE,TBE, POE,BBE,PBE,PE,BE, BLE, BSE, PLE,PSE, TLE,TSE<\/td>\n<\/tr>\n<tr>\n<td>\u00a0 \u00a0 Tipo<\/td>\n<td>\u00a0 \u00a0 conc\u00e9ntrico, exc\u00e9ntrico<\/td>\n<\/tr>\n<tr>\n<td>Proceso<\/td>\n<td>\u00a0 \u00a0 sin costuras, forjado<\/td>\n<\/tr>\n<tr>\n<td>Superficie<\/td>\n<td>\u00a0Aceite antioxidante mecanizado fino<\/td>\n<\/tr>\n<tr>\n<td rowspan=\"6\">Material<\/td>\n<td>\u00a0 \u00a0 \u00a0<strong>Acero carbono:\u00a0<\/strong>A105, A350 LF2, etc.<\/td>\n<\/tr>\n<tr>\n<td>\u00a0 \u00a0 \u00a0<strong>Tuber\u00eda de acero:<\/strong>\u00a0ASTM 694 f42, f52, f60, f65, f70 y etc.<\/td>\n<\/tr>\n<tr>\n<td>\u00a0 \u00a0 \u00a0<strong>Acero inoxidable:<\/strong>\u00a0A182F304\/304L, A182 F316\/316L, A182F321, A182F310S, A182F347H, A182F316Ti, 317\/317L, 904L, 1.4301, 1.4307, 1.4401, 1.4571, 1.4541, 254Mo y etc.<\/td>\n<\/tr>\n<tr>\n<td><strong>\u00a0 \u00a0 \u00a0Acero inoxidable d\u00faplex:<\/strong>\u00a0ASTM A182 F51, F53, F55, UNS31803, SAF2205, UNS32205, UNS32750, UNS32760, 1.4462,1.4410, 1.4501 y etc.<\/td>\n<\/tr>\n<tr>\n<td><strong>\u00a0 \u00a0 \u00a0Aleaci\u00f3n de niquel:<\/strong>\u00a0inconel600, inconel625, inconel690, incoloy800, incoloy 825, incoloy 800H, C22, C-276, Monel400, Alloy20, etc.<\/td>\n<\/tr>\n<tr>\n<td>\u00a0 \u00a0 \u00a0 \u00a0<strong>Acero de aleaci\u00f3n Cr-Mo:\u00a0<\/strong>A182 f11,f22,f5,f9,f91, 10CrMo9-10, 16Mo3, etc.<\/td>\n<\/tr>\n<tr>\n<td>Solicitud<\/td>\n<td>Industria petroqu\u00edmica; industria aeron\u00e1utica y aeroespacial; industria farmac\u00e9utica, gases de escape; central el\u00e9ctrica; construcci\u00f3n naval; tratamiento de agua, etc<\/td>\n<\/tr>\n<tr>\n<td>Ventajas<\/td>\n<td>Stock listo, tiempo de entrega m\u00e1s r\u00e1pido; disponible en todos los tama\u00f1os, personalizado; alta calidad<\/td>\n<\/tr>\n<\/tbody>\n<\/table>","protected":false},"excerpt":{"rendered":"<p>STV Valve Technology Group Co., Ltd es un l\u00edder profesional en China, niple estampado con reductor conc\u00e9ntrico forjado, niple estampado hembra de alta presi\u00f3n, niple estampado NPT, niple estampado F304 de acero inoxidable, fabricante de pezones estampados finales de PE con alta calidad y precio competitivo.<\/p>","protected":false},"featured_media":6845,"template":"","meta":[],"product_brand":[],"product_cat":[966,967],"product_tag":[1920,1921,1922,1924,1923],"class_list":{"0":"post-6844","1":"product","2":"type-product","3":"status-publish","4":"has-post-thumbnail","6":"product_cat-pipe-fitting","7":"product_cat-high-pressure-3000lb6000lb-pipe-fitting","8":"product_tag-china-concentric-reducer-forged-fitting-swage-nipple","9":"product_tag-high-pressure-female-swage-nipple","10":"product_tag-npt-swage-nipple","11":"product_tag-pe-endswage-nipple-manufacturer","12":"product_tag-stainless-steel-f304-swage-nipple","14":"first","15":"instock","16":"shipping-taxable","17":"product-type-simple"},"_links":{"self":[{"href":"https:\/\/www.stvvalves.com\/es\/wp-json\/wp\/v2\/product\/6844","targetHints":{"allow":["GET"]}}],"collection":[{"href":"https:\/\/www.stvvalves.com\/es\/wp-json\/wp\/v2\/product"}],"about":[{"href":"https:\/\/www.stvvalves.com\/es\/wp-json\/wp\/v2\/types\/product"}],"wp:featuredmedia":[{"embeddable":true,"href":"https:\/\/www.stvvalves.com\/es\/wp-json\/wp\/v2\/media\/6845"}],"wp:attachment":[{"href":"https:\/\/www.stvvalves.com\/es\/wp-json\/wp\/v2\/media?parent=6844"}],"wp:term":[{"taxonomy":"product_brand","embeddable":true,"href":"https:\/\/www.stvvalves.com\/es\/wp-json\/wp\/v2\/product_brand?post=6844"},{"taxonomy":"product_cat","embeddable":true,"href":"https:\/\/www.stvvalves.com\/es\/wp-json\/wp\/v2\/product_cat?post=6844"},{"taxonomy":"product_tag","embeddable":true,"href":"https:\/\/www.stvvalves.com\/es\/wp-json\/wp\/v2\/product_tag?post=6844"}],"curies":[{"name":"wp","href":"https:\/\/api.w.org\/{rel}","templated":true}]}}