{"id":6859,"date":"2023-08-25T12:23:13","date_gmt":"2023-08-25T04:23:13","guid":{"rendered":"https:\/\/www.stvvalves.com\/?post_type=product&#038;p=6859"},"modified":"2023-08-25T12:24:35","modified_gmt":"2023-08-25T04:24:35","slug":"304-trunnion-mounted-ball-valve-6-inch-300lb-rf-end","status":"publish","type":"product","link":"https:\/\/www.stvvalves.com\/es\/products\/304-trunnion-mounted-ball-valve-6-inch-300lb-rf-end\/","title":{"rendered":"V\u00e1lvula de bola montada en mu\u00f1\u00f3n 304, 6 pulgadas, 300 lb, extremo RF"},"content":{"rendered":"<p><b>Caracteristicas de dise\u00f1o<\/b><\/p>\n<p>Dise\u00f1o de cuerpo dividido con entrada lateral<\/p>\n<p>Dise\u00f1o a prueba de incendios, dispositivo antiest\u00e1tico<\/p>\n<p>Dise\u00f1o a prueba de explosi\u00f3n del v\u00e1stago<\/p>\n<p>Dise\u00f1o antiest\u00e1tico<\/p>\n<p>Dise\u00f1o de emisiones fugitivas<\/p>\n<p>El v\u00e1stago a prueba de desgaste y mal funcionamiento<\/p>\n<p>Brida de montaje ISO 5211 para accionamiento.<\/p>\n<p>Extensi\u00f3n de v\u00e1stago para servicio subterr\u00e1neo.<\/p>\n<p><b>Especificaci\u00f3n t\u00e9cnica<\/b><\/p>\n<p>Solicitud:<\/p>\n<p>Dise\u00f1o y Fabricaci\u00f3n seg\u00fan: API 6D<\/p>\n<p>Cara a Cara seg\u00fan:ASME B16.10<\/p>\n<p>Dimensiones de brida seg\u00fan: ASME B16.5<\/p>\n<p>Presi\u00f3n y temperatura seg\u00fan: ASME B16.34<\/p>\n<p>Prueba e inspecci\u00f3n seg\u00fan: API 6D \/ API 598<\/p>\n<p>Inspecci\u00f3n Visual seg\u00fan:MSS SP-55<\/p>\n<p>Marcado seg\u00fan:MSS SP-25<\/p>\n<p>&nbsp;<\/p>\n<p>Partes materiales principales:<\/p>\n<table>\n<tbody>\n<tr>\n<td width=\"123\">Acero carbono<\/td>\n<td width=\"452\">A216 gr. WCB, CMI, WCA, etc.<\/td>\n<\/tr>\n<tr>\n<td width=\"123\">Acero de baja temperatura<\/td>\n<td width=\"452\">A352 gr. LCB, LCC, LC1, etc.<\/td>\n<\/tr>\n<tr>\n<td width=\"123\">Acero Cr-Mo<\/td>\n<td width=\"452\">A217 gr. WC6, WC9, C5, C12, C12A, etc.<\/td>\n<\/tr>\n<tr>\n<td width=\"123\">Acero inoxidable<\/td>\n<td width=\"452\">A351 gr. CF8, CF8M, CF3, CF3M, CF8C, etc.<\/td>\n<\/tr>\n<tr>\n<td width=\"123\">Aleaci\u00f3n de acero<\/td>\n<td width=\"452\">CN7M aleaci\u00f3n 20, CN3M aleaci\u00f3n 20 modificada, CT15C, etc.<\/td>\n<\/tr>\n<tr>\n<td width=\"123\">S\u00faper d\u00faplex<\/td>\n<td width=\"452\">A995 gr. 4A, 5A, CE8MN, CD6MN, CD3MN, etc.<\/td>\n<\/tr>\n<tr>\n<td width=\"123\">Bronce de aluminio<\/td>\n<td width=\"452\">B148 C95500, C95600, C95800, etc.<\/td>\n<\/tr>\n<tr>\n<td width=\"123\">Monel<\/td>\n<td width=\"452\">M30C, M35-1, CZ100, etc.<\/td>\n<\/tr>\n<tr>\n<td width=\"123\">Inconel<\/td>\n<td width=\"452\">CY40 inconel 600, etc.<\/td>\n<\/tr>\n<tr>\n<td width=\"123\">Hastelloy<\/td>\n<td width=\"452\">CW2m Hastelly C4, N12MV Hastelloy B, CW12MW Hastelloy C276, etc.<\/td>\n<\/tr>\n<tr>\n<td width=\"123\">Incoloy<\/td>\n<td width=\"452\">CU5MCuC Incoloy 825, CW6MC Incoloy 625, etc.<\/td>\n<\/tr>\n<\/tbody>\n<\/table>\n<p>Nota: La dimensi\u00f3n de la brida de conexi\u00f3n se puede dise\u00f1ar seg\u00fan los requisitos del cliente.<\/p>\n<p>Fabricaci\u00f3n seg\u00fan NACE MR-01-75 bajo pedido.<\/p>","protected":false},"excerpt":{"rendered":"<p>Modelo:STV-Q347F-150LB-304-6\u2033<\/p>\n<p>STV Valve Technology Group Co., Ltd es un l\u00edder profesional en China V\u00e1lvula de bola de acero inoxidable de 300 lb,V\u00e1lvulas de bola montadas en mu\u00f1\u00f3n de acero fundido API 6D de 6 pulgadas,V\u00e1lvulas de bola montadas en mu\u00f1\u00f3n de acero fundido API 6D,V\u00e1lvula de bola montada en mu\u00f1\u00f3n de 2 piezas,Montada en mu\u00f1\u00f3n 304 Fabricante de v\u00e1lvulas de bola con alta calidad y precio competitivo.<\/p>","protected":false},"featured_media":6860,"template":"","meta":[],"product_brand":[],"product_cat":[43,56],"product_tag":[605,1936,1934,1935,1937],"class_list":{"0":"post-6859","1":"product","2":"type-product","3":"status-publish","4":"has-post-thumbnail","6":"product_cat-ball-valve","7":"product_cat-trunnion-ball-valve","8":"product_tag-2-piece-trunnion-mounted-ball-valve","9":"product_tag-300lb-trunnion-mounted-ball-valve","10":"product_tag-304-trunnion-mounted-ball-valve","11":"product_tag-6-inch-trunnion-mounted-ball-valve","12":"product_tag-rf-end-trunnion-mounted-ball-valve","14":"first","15":"instock","16":"shipping-taxable","17":"product-type-simple"},"_links":{"self":[{"href":"https:\/\/www.stvvalves.com\/es\/wp-json\/wp\/v2\/product\/6859","targetHints":{"allow":["GET"]}}],"collection":[{"href":"https:\/\/www.stvvalves.com\/es\/wp-json\/wp\/v2\/product"}],"about":[{"href":"https:\/\/www.stvvalves.com\/es\/wp-json\/wp\/v2\/types\/product"}],"wp:featuredmedia":[{"embeddable":true,"href":"https:\/\/www.stvvalves.com\/es\/wp-json\/wp\/v2\/media\/6860"}],"wp:attachment":[{"href":"https:\/\/www.stvvalves.com\/es\/wp-json\/wp\/v2\/media?parent=6859"}],"wp:term":[{"taxonomy":"product_brand","embeddable":true,"href":"https:\/\/www.stvvalves.com\/es\/wp-json\/wp\/v2\/product_brand?post=6859"},{"taxonomy":"product_cat","embeddable":true,"href":"https:\/\/www.stvvalves.com\/es\/wp-json\/wp\/v2\/product_cat?post=6859"},{"taxonomy":"product_tag","embeddable":true,"href":"https:\/\/www.stvvalves.com\/es\/wp-json\/wp\/v2\/product_tag?post=6859"}],"curies":[{"name":"wp","href":"https:\/\/api.w.org\/{rel}","templated":true}]}}