{"id":6863,"date":"2023-08-25T12:50:53","date_gmt":"2023-08-25T04:50:53","guid":{"rendered":"https:\/\/www.stvvalves.com\/?post_type=product&#038;p=6863"},"modified":"2023-08-25T13:17:05","modified_gmt":"2023-08-25T05:17:05","slug":"forged-trunnion-mounted-ball-valve10-inch-1500lb-a105-gear-box-op","status":"publish","type":"product","link":"https:\/\/www.stvvalves.com\/es\/products\/forged-trunnion-mounted-ball-valve10-inch-1500lb-a105-gear-box-op\/","title":{"rendered":"V\u00e1lvula de bola montada en mu\u00f1\u00f3n forjado, 10 pulgadas, 1500 lb, A105, operaci\u00f3n de caja de cambios"},"content":{"rendered":"<p>La v\u00e1lvula de bola montada en mu\u00f1\u00f3n forjado est\u00e1 dise\u00f1ada de acuerdo con API 6D y presenta un dise\u00f1o de cuerpo dividido de 3 piezas, entrada lateral o entrada superior. La v\u00e1lvula de bola de mu\u00f1\u00f3n de entrada lateral es una amplia gama de materiales de sellado que incluyen PTFE, PEEK, DEVLON, NYLON, etc. La v\u00e1lvula de bola de mu\u00f1\u00f3n de cuerpo dividido de paso total API 6D se puede utilizar en un rango de temperatura de trabajo de -46 \u00b0C ~ 500 \u00b0C.<\/p>\n<p><strong>Especificaci\u00f3n de la v\u00e1lvula de bola montada en mu\u00f1\u00f3n forjado:\u00a0<\/strong><\/p>\n<table border=\"1\" cellspacing=\"0\">\n<tbody>\n<tr>\n<td>Tama\u00f1o de la v\u00e1lvula de bola montada en mu\u00f1\u00f3n<\/td>\n<td>NPS 2\u2033 \u2013 NPS 56\u2033<\/td>\n<\/tr>\n<tr>\n<td>La calificaci\u00f3n de presi\u00f3n<\/td>\n<td>Clase 150LB \u2013 Clase2500LB<\/td>\n<\/tr>\n<tr>\n<td>Material<\/td>\n<td>WCB, LCB, CF8, CF8M, CF3, CF3M, A105, LF2, F304, F316, F304L, F316L<\/td>\n<\/tr>\n<tr>\n<td>Est\u00e1ndar de dise\u00f1o y fabricaci\u00f3n<\/td>\n<td>API 608, API 6D, BS 5351, ASME B16.34, DIN, GOST, JIS<\/td>\n<\/tr>\n<tr>\n<td>Hecho a la cara<\/td>\n<td>ASME B16.5, API 6D<\/td>\n<\/tr>\n<tr>\n<td>Finalizar conexi\u00f3n<\/td>\n<td>ASME B16.5, ASME B16.47, ASME B16.25<\/td>\n<\/tr>\n<tr>\n<td>Prueba e inspecci\u00f3n<\/td>\n<td>ISO 5208, API 6D<\/td>\n<\/tr>\n<tr>\n<td>M\u00e9todo de operaci\u00f3n<\/td>\n<td>Manual, engranaje helicoidal, actuador el\u00e9ctrico, actuador neum\u00e1tico<\/td>\n<\/tr>\n<\/tbody>\n<\/table>\n<p><strong>Especificaciones t\u00e9cnicas de la v\u00e1lvula de bola montada en mu\u00f1\u00f3n forjado<\/strong><br \/>\n-Dise\u00f1o: ASME 16.34\/ API 6D<br \/>\n-Cara a Cara: ASME B16.10<br \/>\n-Brida final: ASME B16.5<br \/>\n-BW Extremo: ASME B16.25<br \/>\n-Prueba: API 598\/BS 6755<br \/>\n-Prueba de seguridad contra incendios: API 607\/API 6FA<br \/>\n-Especial: NACE MR-01-75<\/p>\n<p><strong>V\u00e1lvula de bola montada en mu\u00f1\u00f3n forjadoCaracter\u00edsticas de dise\u00f1o<\/strong><br \/>\n-Puerto completo o puerto reducido<br \/>\n-Dise\u00f1o a prueba de incendios<br \/>\n-Bola montada en mu\u00f1\u00f3n<br \/>\n-Doble bloqueo y sangrado<br \/>\n-Inyecci\u00f3n de sellador de emergencia<br \/>\n-Autoalivio de la presi\u00f3n de la cavidad<br \/>\n-V\u00e1stago a prueba de reventones<br \/>\n-Dispositivo antiest\u00e1tico<br \/>\n-Dise\u00f1o de doble pist\u00f3n opcional<\/p>","protected":false},"excerpt":{"rendered":"<p>STV Valve Technology Group Co., Ltd es un l\u00edder profesional en China V\u00e1lvula de bola de acero forjado de 1500 lb,V\u00e1lvulas de bola montadas en mu\u00f1\u00f3n de acero forjado API 6D de 10 pulgadas,V\u00e1lvulas de bola montadas en mu\u00f1\u00f3n de acero fundido API 6D,V\u00e1lvula de bola montada en mu\u00f1\u00f3n de 3 piezas,Caja de engranajes forjada V\u00e1lvula de bola montada en mu\u00f1\u00f3n, A105Fabricante de v\u00e1lvula de bola montada en mu\u00f1\u00f3n con alta calidad y precio competitivo.<\/p>","protected":false},"featured_media":6864,"template":"","meta":[],"product_brand":[],"product_cat":[43,56],"product_tag":[1943,1944,1945,1942,1946],"class_list":{"0":"post-6863","1":"product","2":"type-product","3":"status-publish","4":"has-post-thumbnail","6":"product_cat-ball-valve","7":"product_cat-trunnion-ball-valve","8":"product_tag-10-inch-forged-trunnion-mounted-ball-valve","9":"product_tag-1500lb-forged-trunnion-mounted-ball-valve","10":"product_tag-a105-forged-trunnion-mounted-ball-valve","11":"product_tag-forged-trunnion-mounted-ball-valve","12":"product_tag-gear-box-forged-trunnion-mounted-ball-valve","14":"first","15":"instock","16":"shipping-taxable","17":"product-type-simple"},"_links":{"self":[{"href":"https:\/\/www.stvvalves.com\/es\/wp-json\/wp\/v2\/product\/6863","targetHints":{"allow":["GET"]}}],"collection":[{"href":"https:\/\/www.stvvalves.com\/es\/wp-json\/wp\/v2\/product"}],"about":[{"href":"https:\/\/www.stvvalves.com\/es\/wp-json\/wp\/v2\/types\/product"}],"wp:featuredmedia":[{"embeddable":true,"href":"https:\/\/www.stvvalves.com\/es\/wp-json\/wp\/v2\/media\/6864"}],"wp:attachment":[{"href":"https:\/\/www.stvvalves.com\/es\/wp-json\/wp\/v2\/media?parent=6863"}],"wp:term":[{"taxonomy":"product_brand","embeddable":true,"href":"https:\/\/www.stvvalves.com\/es\/wp-json\/wp\/v2\/product_brand?post=6863"},{"taxonomy":"product_cat","embeddable":true,"href":"https:\/\/www.stvvalves.com\/es\/wp-json\/wp\/v2\/product_cat?post=6863"},{"taxonomy":"product_tag","embeddable":true,"href":"https:\/\/www.stvvalves.com\/es\/wp-json\/wp\/v2\/product_tag?post=6863"}],"curies":[{"name":"wp","href":"https:\/\/api.w.org\/{rel}","templated":true}]}}