{"id":6871,"date":"2023-09-13T12:37:13","date_gmt":"2023-09-13T04:37:13","guid":{"rendered":"https:\/\/www.stvvalves.com\/?post_type=product&#038;p=6871"},"modified":"2023-09-13T12:37:15","modified_gmt":"2023-09-13T04:37:15","slug":"pneumatic-bidirectional-knife-gate-valve-dn450-wcb-316-trim-lug-type","status":"publish","type":"product","link":"https:\/\/www.stvvalves.com\/es\/products\/pneumatic-bidirectional-knife-gate-valve-dn450-wcb-316-trim-lug-type\/","title":{"rendered":"V\u00e1lvula de guillotina bidireccional neum\u00e1tica, DN450, WCB, ajuste 316, tipo orejeta"},"content":{"rendered":"<p>La v\u00e1lvula de compuerta de cuchilla bidireccional neum\u00e1tica es una v\u00e1lvula de compuerta de cuchilla unidireccional que se utiliza en tuber\u00edas industriales para operaci\u00f3n de encendido y apagado.<\/p>\n<p>La estructura del cuerpo y el asiento elimina la obstrucci\u00f3n del cierre del flujo con part\u00edculas finas. Adem\u00e1s, el borde biselado del cuchillo ayuda<\/p>\n<p>La puerta corta f\u00e1cilmente materiales gruesos. Seg\u00fan diferentes situaciones de trabajo: v\u00e1lvula de compuerta de cuchilla de v\u00e1stago no ascendente, cuchilla de oblea<\/p>\n<p>v\u00e1lvula de compuerta, v\u00e1lvula de compuerta de guillotina con orejetas, v\u00e1lvula de compuerta de guillotina neum\u00e1tica, v\u00e1lvula de compuerta de guillotina el\u00e9ctrica, v\u00e1lvula de compuerta de guillotina manual y bisel<\/p>\n<p>v\u00e1lvula de compuerta de cuchilla de engranaje est\u00e1n todas disponibles.<\/p>\n<p><b>Caracter\u00edsticas:<\/b><\/p>\n<p>1. Cuerpo:<\/p>\n<p>a) El cuerpo integral con estructura de paso total garantiza un flujo suave, un montaje sencillo y una menor posibilidad de fugas en la carcasa.<\/p>\n<p>b) El dise\u00f1o del cuerpo sin ranuras elimina cualquier posible obstrucci\u00f3n cuando se cierra la v\u00e1lvula.<\/p>\n<p>2. Puerta:<\/p>\n<p>a) El borde biselado de la cuchilla proporciona una fuerte tensi\u00f3n de corte y un sellado herm\u00e9tico.<\/p>\n<p>b) El espesor de la compuerta se puede aumentar para hacer frente a una presi\u00f3n m\u00e1s alta.<\/p>\n<p>3. Asiento:<\/p>\n<p>a) El asiento de elast\u00f3mero en forma de U proporciona un sello perif\u00e9rico a lo largo del borde de la puerta y garantiza un sellado herm\u00e9tico en ambos<\/p>\n<p>direcciones de flujo.<\/p>\n<p>4. Otro:<\/p>\n<p>a) El cojinete de empuje doble minimiza el par requerido para la operaci\u00f3n.<\/p>\n<p>Tama\u00f1o: NPS2-48 (DN50-DN1200)<\/p>\n<p>Conexi\u00f3n: tipo oblea, tipo brida, tipo lug, tipo soldado<\/p>\n<p>Tipo de sello: Blando o met\u00e1lico<\/p>\n<p>Materiales: GGG40-A356, CF8-A351, CF8M-A351<\/p>","protected":false},"excerpt":{"rendered":"<p>STV Valve Technology Group Co., Ltd es un l\u00edder profesional en China, v\u00e1lvula de compuerta de cuchilla de v\u00e1stago no ascendente, cuchilla de oblea<\/p>\n<p>v\u00e1lvula de compuerta, v\u00e1lvula de compuerta de guillotina con orejetas, v\u00e1lvula de compuerta de guillotina neum\u00e1tica, v\u00e1lvula de compuerta de guillotina el\u00e9ctrica, v\u00e1lvula de compuerta de guillotina manual y bisel<\/p>\n<p>v\u00e1lvula de compuerta de cuchilla de engranaje.<\/p>","protected":false},"featured_media":6872,"template":"","meta":[],"product_brand":[],"product_cat":[44,62],"product_tag":[1953,1955,1952,1954,1951],"class_list":{"0":"post-6871","1":"product","2":"type-product","3":"status-publish","4":"has-post-thumbnail","6":"product_cat-gate-valve","7":"product_cat-knife-gate-valve","8":"product_tag-150lb-pneumatic-bidirectional-knife-gate-valve","9":"product_tag-cast-steel-pneumatic-bidirectional-knife-gate-valve","10":"product_tag-dn450-pneumatic-bidirectional-knife-gate-valve","11":"product_tag-lug-type-pneumatic-bidirectional-knife-gate-valve","12":"product_tag-pneumatic-bidirectional-knife-gate-valve","14":"first","15":"instock","16":"shipping-taxable","17":"product-type-simple"},"_links":{"self":[{"href":"https:\/\/www.stvvalves.com\/es\/wp-json\/wp\/v2\/product\/6871","targetHints":{"allow":["GET"]}}],"collection":[{"href":"https:\/\/www.stvvalves.com\/es\/wp-json\/wp\/v2\/product"}],"about":[{"href":"https:\/\/www.stvvalves.com\/es\/wp-json\/wp\/v2\/types\/product"}],"wp:featuredmedia":[{"embeddable":true,"href":"https:\/\/www.stvvalves.com\/es\/wp-json\/wp\/v2\/media\/6872"}],"wp:attachment":[{"href":"https:\/\/www.stvvalves.com\/es\/wp-json\/wp\/v2\/media?parent=6871"}],"wp:term":[{"taxonomy":"product_brand","embeddable":true,"href":"https:\/\/www.stvvalves.com\/es\/wp-json\/wp\/v2\/product_brand?post=6871"},{"taxonomy":"product_cat","embeddable":true,"href":"https:\/\/www.stvvalves.com\/es\/wp-json\/wp\/v2\/product_cat?post=6871"},{"taxonomy":"product_tag","embeddable":true,"href":"https:\/\/www.stvvalves.com\/es\/wp-json\/wp\/v2\/product_tag?post=6871"}],"curies":[{"name":"wp","href":"https:\/\/api.w.org\/{rel}","templated":true}]}}