{"id":6875,"date":"2023-09-13T13:06:58","date_gmt":"2023-09-13T05:06:58","guid":{"rendered":"https:\/\/www.stvvalves.com\/?post_type=product&#038;p=6875"},"modified":"2023-09-13T13:07:00","modified_gmt":"2023-09-13T05:07:00","slug":"electric-bidirectional-knife-gate-valve-304-wafer-type-150lb","status":"publish","type":"product","link":"https:\/\/www.stvvalves.com\/es\/products\/electric-bidirectional-knife-gate-valve-304-wafer-type-150lb\/","title":{"rendered":"V\u00e1lvula de guillotina bidireccional el\u00e9ctrica, 304, tipo oblea, 150 LB"},"content":{"rendered":"<p>La v\u00e1lvula de compuerta de cuchilla bidireccional manual es una v\u00e1lvula de compuerta de cuchilla unidireccional que se utiliza en tuber\u00edas industriales para operaci\u00f3n de encendido y apagado.<\/p>\n<p>La estructura del cuerpo y el asiento elimina la obstrucci\u00f3n del cierre del flujo con part\u00edculas finas. Adem\u00e1s, el borde biselado del cuchillo ayuda<\/p>\n<p>La puerta corta f\u00e1cilmente materiales gruesos. Seg\u00fan diferentes situaciones de trabajo: v\u00e1lvula de compuerta de cuchilla de v\u00e1stago no ascendente, cuchilla de oblea<\/p>\n<p>v\u00e1lvula de compuerta, v\u00e1lvula de compuerta de guillotina con orejetas, v\u00e1lvula de compuerta de guillotina neum\u00e1tica, v\u00e1lvula de compuerta de guillotina el\u00e9ctrica, v\u00e1lvula de compuerta de guillotina manual y bisel<\/p>\n<p>La v\u00e1lvula de compuerta de cuchilla de engranaje est\u00e1 disponible<\/p>\n<p><b>Caracter\u00edsticas:<\/b><\/p>\n<p>1. Cuerpo:<\/p>\n<p>a) El cuerpo integral con estructura de paso total garantiza un flujo suave, un montaje sencillo y una menor posibilidad de fugas en la carcasa.<\/p>\n<p>b) El dise\u00f1o del cuerpo sin ranuras elimina cualquier posible obstrucci\u00f3n cuando se cierra la v\u00e1lvula.<\/p>\n<p>2. Puerta:<\/p>\n<p>a) El borde biselado de la cuchilla proporciona una fuerte tensi\u00f3n de corte y un sellado herm\u00e9tico.<\/p>\n<p>b) El espesor de la compuerta se puede aumentar para hacer frente a una presi\u00f3n m\u00e1s alta.<\/p>\n<p>3. Asiento:<\/p>\n<p>a) El asiento de elast\u00f3mero en forma de U proporciona un sello perif\u00e9rico a lo largo del borde de la puerta y garantiza un sellado herm\u00e9tico en ambos<\/p>\n<p>direcciones de flujo.<\/p>\n<p>4. Otro:<\/p>\n<p>a) El cojinete de empuje doble minimiza el par requerido para la operaci\u00f3n.<\/p>\n<p>Tama\u00f1o: NPS2-48 (DN50-DN1200)<\/p>\n<p>Conexi\u00f3n: tipo oblea, tipo brida, tipo lug, tipo soldado<\/p>\n<p>Tipo de sello: Blando o met\u00e1lico<\/p>\n<p>Materiales: GGG40-A356, CF8-A351, CF8M-A351,WCB<\/p>\n<table border=\"1\" width=\"812\">\n<tbody>\n<tr>\n<td>Rango de tama\u00f1o:<\/td>\n<td>\u00a0 \u00a0 \u00a0DN50~600mm NPS 2\u201d-24\u201d (Tama\u00f1o m\u00e1s grande bajo pedido)<\/td>\n<\/tr>\n<tr>\n<td>\u00a0 \u00a0Prensa m\u00e1xima de trabajo:<\/td>\n<td>\u00a0 \u00a0 \u00a0DN50~DN250: 10bar NPS2~NPS10\uff1a150PsiDN300~DN450: 7bar NPS12~NPS18\uff1a90Psi<\/p>\n<p>DN500~DN600: 4bar NPS20~NPS24:60Psi<\/td>\n<\/tr>\n<tr>\n<td>\u00a0 \u00a0Temperatura. Rango:<\/td>\n<td>\u00a0 \u00a0 \u00a0-29\u2026+200\u2103<\/td>\n<\/tr>\n<tr>\n<td>\u00a0 \u00a0Estanqueidad del sello:<\/td>\n<td>\u00a0 \u00a0 \u00a0Seg\u00fan MSS SP-81<\/td>\n<\/tr>\n<tr>\n<td>\u00a0 \u00a0Cuerpo material:<\/td>\n<td>\u00a0 \u00a0 \u00a0Hierro fundido<\/td>\n<\/tr>\n<tr>\n<td>\u00a0 \u00a0Material de la puerta:<\/td>\n<td>\u00a0 \u00a0 \u00a0Acero inoxidable cromado, aleaci\u00f3n especial.<\/td>\n<\/tr>\n<tr>\n<td>\u00a0 \u00a0Material del asiento:<\/td>\n<td>\u00a0 \u00a0\u00a0\u00a0EPDM (120\u00b0C) \/Vit\u00f3n(200\u00b0C) \/NBR(90\u00b0C)<\/td>\n<\/tr>\n<tr>\n<td>\u00a0 \u00a0Cara a cara:<\/td>\n<td>\u00a0 \u00a0 \u00a0MSS SP-81<\/td>\n<\/tr>\n<tr>\n<td>\u00a0 \u00a0Est\u00e1ndar de brida:<\/td>\n<td>\u00a0 \u00a0 \u00a0GB\/T 9113.1, JB\/T 79.1, HG 20592, ASME B16.5, EN1092-1<\/td>\n<\/tr>\n<tr>\n<td>\u00a0 \u00a0Aplicaciones:<\/td>\n<td>\u00a0 \u00a0 \u00a0Pulpa y papel, tratamiento de agua, bebidas y alimentos, qu\u00edmica fina, Power Planet, industria del acero, etc.<\/td>\n<\/tr>\n<\/tbody>\n<\/table>","protected":false},"excerpt":{"rendered":"<p>Manual Bidirectional Knife gate Valve is a unidirectional wafer knife\u00a0 gate valve used on industrial pipeline for on-off operation. The structure of body and\u00a0seat eliminates clogging shutoff for flow with fine particles. Additionally, beveled knife edge helps the gate cut through thick media easily.\u00a0According to\u00a0different working situation: non-rising stem knife gate valve, wafer knife gate [&hellip;]<\/p>\n","protected":false},"featured_media":6876,"template":"","meta":[],"product_brand":[],"product_cat":[44,62],"product_tag":[1962,1963,1961,1964],"class_list":{"0":"post-6875","1":"product","2":"type-product","3":"status-publish","4":"has-post-thumbnail","6":"product_cat-gate-valve","7":"product_cat-knife-gate-valve","8":"product_tag-150lb-electric-bidirectional-knife-gate-valve","9":"product_tag-304-electric-bidirectional-knife-gate-valve","10":"product_tag-electric-bidirectional-knife-gate-valve","11":"product_tag-wafer-type-electric-bidirectional-knife-gate-valve","13":"first","14":"instock","15":"shipping-taxable","16":"product-type-simple"},"_links":{"self":[{"href":"https:\/\/www.stvvalves.com\/es\/wp-json\/wp\/v2\/product\/6875","targetHints":{"allow":["GET"]}}],"collection":[{"href":"https:\/\/www.stvvalves.com\/es\/wp-json\/wp\/v2\/product"}],"about":[{"href":"https:\/\/www.stvvalves.com\/es\/wp-json\/wp\/v2\/types\/product"}],"wp:featuredmedia":[{"embeddable":true,"href":"https:\/\/www.stvvalves.com\/es\/wp-json\/wp\/v2\/media\/6876"}],"wp:attachment":[{"href":"https:\/\/www.stvvalves.com\/es\/wp-json\/wp\/v2\/media?parent=6875"}],"wp:term":[{"taxonomy":"product_brand","embeddable":true,"href":"https:\/\/www.stvvalves.com\/es\/wp-json\/wp\/v2\/product_brand?post=6875"},{"taxonomy":"product_cat","embeddable":true,"href":"https:\/\/www.stvvalves.com\/es\/wp-json\/wp\/v2\/product_cat?post=6875"},{"taxonomy":"product_tag","embeddable":true,"href":"https:\/\/www.stvvalves.com\/es\/wp-json\/wp\/v2\/product_tag?post=6875"}],"curies":[{"name":"wp","href":"https:\/\/api.w.org\/{rel}","templated":true}]}}