{"id":6879,"date":"2023-09-13T13:39:56","date_gmt":"2023-09-13T05:39:56","guid":{"rendered":"https:\/\/www.stvvalves.com\/?post_type=product&#038;p=6879"},"modified":"2023-09-13T13:39:58","modified_gmt":"2023-09-13T05:39:58","slug":"metal-seat-knife-gate-valve-wcb-body-316-trim-penumatic-actuator","status":"publish","type":"product","link":"https:\/\/www.stvvalves.com\/es\/products\/metal-seat-knife-gate-valve-wcb-body-316-trim-penumatic-actuator\/","title":{"rendered":"V\u00e1lvula de compuerta tipo cuchilla con asiento de metal, cuerpo WCB, moldura 316, actuador neum\u00e1tico"},"content":{"rendered":"<p>La v\u00e1lvula de guillotina con asiento met\u00e1lico es una v\u00e1lvula de guillotina unidireccional que se utiliza en tuber\u00edas industriales para operaci\u00f3n de encendido y apagado.<\/p>\n<p>La estructura del cuerpo y el asiento elimina la obstrucci\u00f3n del cierre del flujo con part\u00edculas finas. Adem\u00e1s, el borde biselado del cuchillo ayuda<\/p>\n<p>La puerta corta f\u00e1cilmente materiales gruesos. Seg\u00fan diferentes situaciones de trabajo: v\u00e1lvula de compuerta de cuchilla de v\u00e1stago no ascendente, cuchilla de oblea<\/p>\n<p>v\u00e1lvula de compuerta, v\u00e1lvula de compuerta de guillotina con orejetas, v\u00e1lvula de compuerta de guillotina neum\u00e1tica, v\u00e1lvula de compuerta de guillotina el\u00e9ctrica, v\u00e1lvula de compuerta de guillotina manual y bisel<\/p>\n<p>v\u00e1lvula de compuerta de cuchilla de engranaje est\u00e1n todas disponibles.<\/p>\n<p><b>Caracter\u00edsticas:<\/b><\/p>\n<p>1. Cuerpo:<\/p>\n<p>a) El cuerpo integral con estructura de paso total garantiza un flujo suave, un montaje sencillo y una menor posibilidad de fugas en la carcasa.<\/p>\n<p>b) El dise\u00f1o de garras gu\u00eda en la parte inferior del puerto para el accesorio de la puerta, en lugar de una ranura, elimina cualquier posible obstrucci\u00f3n<\/p>\n<p>cuando la v\u00e1lvula se cierra.<\/p>\n<p>&nbsp;<\/p>\n<p>2. Puerta:<\/p>\n<p>a) El borde biselado de la cuchilla proporciona una fuerte tensi\u00f3n de corte y un sellado herm\u00e9tico.<\/p>\n<p>b) La gu\u00eda de punto el\u00e1stico de PTFE sobre el puerto evita el contacto metal-metal entre la puerta y el cuerpo.<\/p>\n<p>c) El espesor de la compuerta se puede aumentar para hacer frente a una presi\u00f3n m\u00e1s alta.<\/p>\n<p>3. Asiento:<\/p>\n<p>a) El asiento de entrada lateral es reemplazable, lo que reduce el costo de mantenimiento.<\/p>\n<p>b) El asiento precargado es ajustable para cumplir con diferentes clases de sellado y compensar el desgaste normal del asiento.<\/p>\n<p>4. Otro:<\/p>\n<p>a) El cojinete de empuje doble minimiza el par requerido para la operaci\u00f3n.<\/p>\n<p><span id=\"remark\">Introducci\u00f3n del producto<\/span><\/p>\n<table border=\"1\" width=\"812\">\n<tbody>\n<tr>\n<td>\u00a0 \u00a0Rango de tama\u00f1o:<\/td>\n<td>\u00a0 \u00a0 \u00a0DN50~600mm NPS 2\u201d-24\u201d (Tama\u00f1o m\u00e1s grande bajo pedido)<\/td>\n<\/tr>\n<tr>\n<td>\u00a0 \u00a0Prensa m\u00e1xima de trabajo:<\/td>\n<td>\u00a0 \u00a0 \u00a0DN50~DN250: 10bar NPS2~NPS10:150Psi<\/p>\n<p>DN300~DN450: 7bar NPS12~NPS18:90Psi<\/p>\n<p>DN500~DN600: 4bar NPS20~NPS24:60Psi<\/td>\n<\/tr>\n<tr>\n<td>\u00a0 \u00a0Temperatura. Rango:<\/td>\n<td>\u00a0 \u00a0 \u00a0-29\u2026+800\u2103<\/td>\n<\/tr>\n<tr>\n<td>\u00a0 \u00a0Estanqueidad del sello:<\/td>\n<td>\u00a0 \u00a0 \u00a0Seg\u00fan MSS SP-81<\/td>\n<\/tr>\n<tr>\n<td>\u00a0 \u00a0Cuerpo material:<\/td>\n<td>\u00a0 \u00a0 \u00a0Acero al carbono, Acero inoxidable, Aleaci\u00f3n especial<\/td>\n<\/tr>\n<tr>\n<td>\u00a0 \u00a0Material de la puerta:<\/td>\n<td>\u00a0 \u00a0 \u00a0Acero inoxidable cromado, aleaci\u00f3n especial.<\/td>\n<\/tr>\n<tr>\n<td>\u00a0 \u00a0Material del asiento:<\/td>\n<td>\u00a0 \u00a0 \u00a0Acero inoxidable+STL<\/p>\n<p>EPDM (120\u00b0C) \/Vit\u00f3n(200\u00b0C)\/PTFE(200\u00b0C) \/NBR(90\u00b0C)<\/td>\n<\/tr>\n<tr>\n<td>\u00a0 \u00a0Cara a cara:<\/td>\n<td>\u00a0 \u00a0 \u00a0MSS SP-81<\/td>\n<\/tr>\n<tr>\n<td>\u00a0 \u00a0Est\u00e1ndar de brida:<\/td>\n<td>\u00a0 \u00a0 \u00a0GB\/T 9113.1, JB\/T 79.1, HG 20592, ASME B16.5, EN1092-1<\/td>\n<\/tr>\n<tr>\n<td>\u00a0 \u00a0Aplicaciones:<\/td>\n<td>\u00a0 \u00a0 \u00a0Pulpa y papel, tratamiento de agua, bebidas y alimentos, qu\u00edmica fina,<\/p>\n<p>Power Planet, industria del acero, etc.<\/td>\n<\/tr>\n<\/tbody>\n<\/table>","protected":false},"excerpt":{"rendered":"<p>V\u00e1lvula de guillotina con orejeta Est\u00e1ndares aplicables: v\u00e1lvula de guillotina, v\u00e1lvulas de acero MSS SP-81, ASME B16.34 MSS SP-81 cara a cara, cu\u00f1a resistente, aleaci\u00f3n, acero inoxidable, acero al carbono, extremo tipo oblea, extremos con orejeta, extremos con bridas, 2 \u2013 48 pulgadas, Clase 150 LB, o seg\u00fan lo requiera el cliente.<\/p>","protected":false},"featured_media":6880,"template":"","meta":[],"product_brand":[],"product_cat":[44,62],"product_tag":[1971,1972,1969,1970],"class_list":{"0":"post-6879","1":"product","2":"type-product","3":"status-publish","4":"has-post-thumbnail","6":"product_cat-gate-valve","7":"product_cat-knife-gate-valve","8":"product_tag-150lb-metal-seat-knife-gate-valve","9":"product_tag-316-metal-seat-knife-gate-valve","10":"product_tag-metal-seat-knife-gate-valve","11":"product_tag-wcb-metal-seat-knife-gate-valve","13":"first","14":"instock","15":"shipping-taxable","16":"product-type-simple"},"_links":{"self":[{"href":"https:\/\/www.stvvalves.com\/es\/wp-json\/wp\/v2\/product\/6879","targetHints":{"allow":["GET"]}}],"collection":[{"href":"https:\/\/www.stvvalves.com\/es\/wp-json\/wp\/v2\/product"}],"about":[{"href":"https:\/\/www.stvvalves.com\/es\/wp-json\/wp\/v2\/types\/product"}],"wp:featuredmedia":[{"embeddable":true,"href":"https:\/\/www.stvvalves.com\/es\/wp-json\/wp\/v2\/media\/6880"}],"wp:attachment":[{"href":"https:\/\/www.stvvalves.com\/es\/wp-json\/wp\/v2\/media?parent=6879"}],"wp:term":[{"taxonomy":"product_brand","embeddable":true,"href":"https:\/\/www.stvvalves.com\/es\/wp-json\/wp\/v2\/product_brand?post=6879"},{"taxonomy":"product_cat","embeddable":true,"href":"https:\/\/www.stvvalves.com\/es\/wp-json\/wp\/v2\/product_cat?post=6879"},{"taxonomy":"product_tag","embeddable":true,"href":"https:\/\/www.stvvalves.com\/es\/wp-json\/wp\/v2\/product_tag?post=6879"}],"curies":[{"name":"wp","href":"https:\/\/api.w.org\/{rel}","templated":true}]}}