{"id":6893,"date":"2023-09-18T12:31:25","date_gmt":"2023-09-18T04:31:25","guid":{"rendered":"https:\/\/www.stvvalves.com\/?post_type=product&#038;p=6893"},"modified":"2023-09-18T12:31:27","modified_gmt":"2023-09-18T04:31:27","slug":"astm-b148-c95600-globe-valve-bs1878-8-inch-150-lb-rf","status":"publish","type":"product","link":"https:\/\/www.stvvalves.com\/es\/products\/astm-b148-c95600-globe-valve-bs1878-8-inch-150-lb-rf\/","title":{"rendered":"V\u00e1lvula de globo ASTM B148 C95600, BS1878, 8 pulgadas, 150 lb, RF"},"content":{"rendered":"<p><strong>Est\u00e1ndares aplicables:\u00a0\u00a0\u00a0\u00a0\u00a0\u00a0<\/strong><br \/>\nV\u00e1lvula de globo, BS1878\/ASME B16.34<br \/>\nV\u00e1lvulas de acero, ASME B16.34<br \/>\nCara a cara ASME B16.10<br \/>\nBridas finales ASME B16.5\/ASME B16.47<br \/>\nExtremos para soldadura a tope ASME B16.25<br \/>\nInspecci\u00f3n y prueba API 598<\/p>\n<p><strong>Material:\u00a0<\/strong>C95800,C95400,C83600<br \/>\n<strong>Rango de tama\u00f1o:<\/strong>\u00a02\u2033~36\u2033<br \/>\n<strong>La calificaci\u00f3n de presi\u00f3n:\u00a0<\/strong>ASMECL, 150, 300, 600, 900, 1500, 2500<br \/>\n<strong>Rango de temperatura:<\/strong>\u00a0-196\u2103~650\u2103<\/p>\n<p><strong>Descripci\u00f3n del dise\u00f1o:<\/strong><br \/>\n\u2013 Tornillo exterior y yugo<br \/>\n\u2013 Bonete atornillado y sello de presi\u00f3n<br \/>\n\u2013 V\u00e1stago ascendente<br \/>\n\u2013 Disponible con operador de engranajes<br \/>\n\u2013 Extremos de brida y extremos para soldar a tope<br \/>\n\u2013 Dise\u00f1o de bajo torque, v\u00e1stago de superficie lisa.<\/p>\n<table border=\"0\" cellspacing=\"0\" cellpadding=\"0\">\n<tbody>\n<tr>\n<td>Marca<\/td>\n<td>STV<\/td>\n<\/tr>\n<tr>\n<td>Estructura<\/td>\n<td>Globo<\/td>\n<\/tr>\n<tr>\n<td>Material de la v\u00e1lvula<\/td>\n<td>Acero fundido, acero inoxidable, aleaciones especiales, CI, DI, etc.<\/td>\n<\/tr>\n<tr>\n<td>Tipo de v\u00e1lvula<\/td>\n<td>\u00a0Globo<\/td>\n<\/tr>\n<tr>\n<td>Prueba de v\u00e1lvula<\/td>\n<td>Cantidad de 100% probada antes de la entrega<\/td>\n<\/tr>\n<tr>\n<td>Garant\u00eda de v\u00e1lvula<\/td>\n<td>18 meses despu\u00e9s del env\u00edo y 12 meses despu\u00e9s de la instalaci\u00f3n<\/td>\n<\/tr>\n<tr>\n<td>Estructura de v\u00e1lvula<\/td>\n<td>recto<\/td>\n<\/tr>\n<tr>\n<td>Entrega de v\u00e1lvula<\/td>\n<td>15 \u2013 30 d\u00edas<\/td>\n<\/tr>\n<tr>\n<td>Muestra de v\u00e1lvula<\/td>\n<td>Muestra disponible por Didtek Valve<\/td>\n<\/tr>\n<tr>\n<td>Color de la v\u00e1lvula<\/td>\n<td>Solicitud del cliente<\/td>\n<\/tr>\n<tr>\n<td>Empaquetadura de v\u00e1lvula<\/td>\n<td>Caja de madera contrachapada para v\u00e1lvula de globo<\/td>\n<\/tr>\n<tr>\n<td>Cantidad m\u00ednima de pedido<\/td>\n<td>1 juego<\/td>\n<\/tr>\n<tr>\n<td>Certificado de v\u00e1lvula<\/td>\n<td>API6D\/CE\/ISO9001\/ISO14001<\/td>\n<\/tr>\n<tr>\n<td>Lugar de origen<\/td>\n<td>Zhejiang, China (continental)<\/td>\n<\/tr>\n<tr>\n<td>Detalle de Envio:<\/td>\n<td>Enviado en 15-30 d\u00edas despu\u00e9s del pago<\/td>\n<\/tr>\n<tr>\n<td>Puerto<\/td>\n<td>Shangai o Ningbo<\/td>\n<\/tr>\n<tr>\n<td>T\u00e9rminos de pago<\/td>\n<td>LC, D\/A, D\/P, T\/T, Western Union<\/td>\n<\/tr>\n<\/tbody>\n<\/table>\n<p><strong>Aplicaci\u00f3n y funci\u00f3n:<\/strong><br \/>\nLas v\u00e1lvulas de globo C95400 se utilizan principalmente para v\u00e1lvulas de cierre completamente abiertas o completamente cerradas. Normalmente no se consideran para fines de estrangulaci\u00f3n, sino m\u00e1s bien para lodos, fluidos viscosos, etc. Las v\u00e1lvulas de compuerta se caracterizan por una cu\u00f1a m\u00f3vil, que se mueve con el funcionamiento de la tuerca del v\u00e1stago. La cu\u00f1a se desplaza perpendicular a la direcci\u00f3n del flujo. Las v\u00e1lvulas de compuerta generalmente tienen una ca\u00edda de presi\u00f3n m\u00ednima cuando est\u00e1n completamente abiertas, brindan un cierre herm\u00e9tico cuando est\u00e1n completamente cerradas y permanecen relativamente libres de acumulaci\u00f3n de contaminaci\u00f3n.<\/p>\n<p><strong>Accesorios:<\/strong><br \/>\nAccesorios como operadores de engranajes, actuadores, derivaciones, dispositivos de bloqueo, ruedas de cadena, v\u00e1stagos extendidos y bonetes para servicio criog\u00e9nico y muchos otros est\u00e1n disponibles para satisfacer los requisitos de los clientes.<\/p>","protected":false},"excerpt":{"rendered":"<p>STV Valve Technology Group Co., Ltd es un l\u00edder profesional en China V\u00e1lvula de globo ASTM B148 C95400, V\u00e1lvula de globo BS1878 C95600, V\u00e1lvula de globo C95400 de 8 pulgadas, V\u00e1lvula de globo C95600 de 150 LB, V\u00e1lvula de globo RF C95600 Fabricante con alta calidad y precio competitivo.<\/p>","protected":false},"featured_media":6894,"template":"","meta":[],"product_brand":[],"product_cat":[45,63],"product_tag":[1990,1991,1988,1989,1992],"class_list":{"0":"post-6893","1":"product","2":"type-product","3":"status-publish","4":"has-post-thumbnail","6":"product_cat-globe-valve","7":"product_cat-cast-steel-globe-valve","8":"product_tag-150lb-b148-c95600-globe-valve","9":"product_tag-8-inch-b148-c95600-globe-valve","10":"product_tag-b148-c95600-globe-valve","11":"product_tag-bs1878-b148-c95600-globe-valve","12":"product_tag-c95600-globe-valve-manufacturer","14":"first","15":"instock","16":"shipping-taxable","17":"product-type-simple"},"_links":{"self":[{"href":"https:\/\/www.stvvalves.com\/es\/wp-json\/wp\/v2\/product\/6893","targetHints":{"allow":["GET"]}}],"collection":[{"href":"https:\/\/www.stvvalves.com\/es\/wp-json\/wp\/v2\/product"}],"about":[{"href":"https:\/\/www.stvvalves.com\/es\/wp-json\/wp\/v2\/types\/product"}],"wp:featuredmedia":[{"embeddable":true,"href":"https:\/\/www.stvvalves.com\/es\/wp-json\/wp\/v2\/media\/6894"}],"wp:attachment":[{"href":"https:\/\/www.stvvalves.com\/es\/wp-json\/wp\/v2\/media?parent=6893"}],"wp:term":[{"taxonomy":"product_brand","embeddable":true,"href":"https:\/\/www.stvvalves.com\/es\/wp-json\/wp\/v2\/product_brand?post=6893"},{"taxonomy":"product_cat","embeddable":true,"href":"https:\/\/www.stvvalves.com\/es\/wp-json\/wp\/v2\/product_cat?post=6893"},{"taxonomy":"product_tag","embeddable":true,"href":"https:\/\/www.stvvalves.com\/es\/wp-json\/wp\/v2\/product_tag?post=6893"}],"curies":[{"name":"wp","href":"https:\/\/api.w.org\/{rel}","templated":true}]}}