{"id":6895,"date":"2023-09-18T13:27:13","date_gmt":"2023-09-18T05:27:13","guid":{"rendered":"https:\/\/www.stvvalves.com\/?post_type=product&#038;p=6895"},"modified":"2023-09-18T13:27:15","modified_gmt":"2023-09-18T05:27:15","slug":"astm-b148-c95800-gate-valve-non-rising-stem-16k-ff-end","status":"publish","type":"product","link":"https:\/\/www.stvvalves.com\/es\/products\/astm-b148-c95800-gate-valve-non-rising-stem-16k-ff-end\/","title":{"rendered":"V\u00e1lvula de compuerta ASTM B148 C95800, v\u00e1stago no ascendente, 16 K, extremo FF"},"content":{"rendered":"<p>1. Dise\u00f1o y fabricaci\u00f3n: JIS B2073 B2083<br \/>\n2. OS&amp;Y, cap\u00f3 atornillado, dise\u00f1o de cu\u00f1a flexible<br \/>\n3. Tama\u00f1o de la v\u00e1lvula: DN50-DN1500(2\u2033-60\u2033)<br \/>\n4. Clasificaciones de presi\u00f3n: ANSI 150,300,600,900,1500,2500<br \/>\n5. Conexiones finales: bridadas, RF<br \/>\n6. Materiales de la v\u00e1lvula: Acero al carbono A216 WCB, Acero inoxidable A351 Gr CF3M,CF8,CF8M<br \/>\n7. Materiales de ajuste de v\u00e1lvulas: 13CR, media estelita, estelita completa<br \/>\n8. Actuador: Manual, Volante<\/p>\n<table border=\"1\" width=\"100%\" cellspacing=\"0\">\n<tbody>\n<tr>\n<td align=\"middle\" width=\"19%\">tura<\/td>\n<td align=\"middle\" width=\"15%\">\n<p align=\"center\">Cara a cara<\/p>\n<\/td>\n<td align=\"middle\" width=\"19%\">\u00a0\u00a0Dimensi\u00f3n de brida<\/td>\n<td align=\"middle\" width=\"29%\">Presi\u00f3n Temperatura Lating<\/td>\n<td align=\"middle\" width=\"18%\">Inspecci\u00f3n y prueba<\/td>\n<\/tr>\n<tr>\n<td align=\"middle\" width=\"19%\">JIS B2073 B2083<\/td>\n<td align=\"middle\" width=\"15%\">JIS B2002<\/td>\n<td align=\"middle\" width=\"19%\">JIS B2210 ~ JIS B2216<\/td>\n<td align=\"middle\" width=\"29%\">JIS B2073 B2083<\/td>\n<td align=\"middle\" width=\"18%\">JIS B2003<\/td>\n<\/tr>\n<\/tbody>\n<\/table>\n<p><b>Caracter\u00edsticas:<\/b><\/p>\n<ul>\n<li>Bonete atornillado o bonete sellado a presi\u00f3n<\/li>\n<li>Cu\u00f1a flexible<\/li>\n<li>Puerto lleno<\/li>\n<li>Tornillo exterior y yugo (OS&amp;Y), v\u00e1stago ascendente<\/li>\n<li>Cap\u00f3 extendido para servicios criog\u00e9nicos<\/li>\n<li>Dispositivo de bloqueo opcional<\/li>\n<li>Por pase a petici\u00f3n<\/li>\n<li><strong>Tama\u00f1o Dimensiones principales y peso<\/strong><br \/>\nPresi\u00f3n: 10K,16K,20K,40K<br \/>\nDi\u00e1metros nominales: DN50-DN800<br \/>\nEstilos de conducci\u00f3n: manual\/el\u00e9ctrico\/engranaje c\u00f3nico\/neum\u00e1tico, etc.<\/li>\n<\/ul>","protected":false},"excerpt":{"rendered":"<p>Suministro de v\u00e1lvula STV con v\u00e1lvula de compuerta de bronce seg\u00fan el est\u00e1ndar API 600. El material puede ser: C95800, C95500, C95200, C95300, C95600, C61900, C63200, etc. Nuestro rango de tama\u00f1os de producci\u00f3n es de 2 \u2033 ~ 48 \u2033, presi\u00f3n de 150 lb a 600 lb<\/p>","protected":false},"featured_media":6896,"template":"","meta":[],"product_brand":[],"product_cat":[44,58],"product_tag":[1995,1993,1996,1994],"class_list":{"0":"post-6895","1":"product","2":"type-product","3":"status-publish","4":"has-post-thumbnail","6":"product_cat-gate-valve","7":"product_cat-cast-steel-gate-valve","8":"product_tag-16k-astm-b148-c95800-gate-valve","9":"product_tag-astm-b148-c95800-gate-valve","10":"product_tag-ff-end-astm-b148-c95800-gate-valve","11":"product_tag-non-rising-stem-c95800-gate-valve","13":"first","14":"instock","15":"shipping-taxable","16":"product-type-simple"},"_links":{"self":[{"href":"https:\/\/www.stvvalves.com\/es\/wp-json\/wp\/v2\/product\/6895","targetHints":{"allow":["GET"]}}],"collection":[{"href":"https:\/\/www.stvvalves.com\/es\/wp-json\/wp\/v2\/product"}],"about":[{"href":"https:\/\/www.stvvalves.com\/es\/wp-json\/wp\/v2\/types\/product"}],"wp:featuredmedia":[{"embeddable":true,"href":"https:\/\/www.stvvalves.com\/es\/wp-json\/wp\/v2\/media\/6896"}],"wp:attachment":[{"href":"https:\/\/www.stvvalves.com\/es\/wp-json\/wp\/v2\/media?parent=6895"}],"wp:term":[{"taxonomy":"product_brand","embeddable":true,"href":"https:\/\/www.stvvalves.com\/es\/wp-json\/wp\/v2\/product_brand?post=6895"},{"taxonomy":"product_cat","embeddable":true,"href":"https:\/\/www.stvvalves.com\/es\/wp-json\/wp\/v2\/product_cat?post=6895"},{"taxonomy":"product_tag","embeddable":true,"href":"https:\/\/www.stvvalves.com\/es\/wp-json\/wp\/v2\/product_tag?post=6895"}],"curies":[{"name":"wp","href":"https:\/\/api.w.org\/{rel}","templated":true}]}}