{"id":6916,"date":"2023-09-28T14:38:52","date_gmt":"2023-09-28T06:38:52","guid":{"rendered":"https:\/\/www.stvvalves.com\/?post_type=product&#038;p=6916"},"modified":"2024-12-24T20:11:33","modified_gmt":"2024-12-24T12:11:33","slug":"api-609-lug-type-butterfly-valve-150lb-16-inch-c95800","status":"publish","type":"product","link":"https:\/\/www.stvvalves.com\/es\/products\/api-609-lug-type-butterfly-valve-150lb-16-inch-c95800\/","title":{"rendered":"V\u00e1lvula de mariposa tipo lug API 609, 150 lb, 16 pulgadas, C95800"},"content":{"rendered":"<p>Dise\u00f1o y fabricaci\u00f3n: API 609<\/p>\n<p>Dimensi\u00f3n cara a cara: API609, ISO5752, ASME B16.10<\/p>\n<p>Dimensi\u00f3n de conexi\u00f3n de brida: ASME B16.5, ASME B16.47<\/p>\n<p>Prueba e inspecci\u00f3n: API 598<\/p>\n<p>Clasificaci\u00f3n de temperatura y presi\u00f3n: API 609, ASME B16.34<br \/>\nGama de productos<\/p>\n<p>Material del cuerpo:Acero fundido,Acero inoxidable,Monel<\/p>\n<p>Di\u00e1metro nominal: 2\u2033\uff5e120\u2033\uff08DN50~DN3000\uff09<\/p>\n<p>Conexi\u00f3n final: doble brida, oblea, terminal, etc.<\/p>\n<p>Rango de presi\u00f3n: Clase 150 ~ 600 (PN16 ~ PN100)<\/p>\n<p>Temperatura de trabajo: -46 \u2103 ~ +550 \u2103<\/p>\n<p>Operaci\u00f3n: manija, engranaje, actuador el\u00e9ctrico, etc.<\/p>\n<p>Estructura del sello, sellado suave.<br \/>\nControlador de tap\u00f3n<br \/>\nAlmohadilla de montaje ISO 5211<br \/>\nConexi\u00f3n, brida, oblea Lug-wafer<br \/>\nOperaci\u00f3n, tipo, manual, engranaje helicoidal, el\u00e9ctrico,<br \/>\nNeum\u00e1tico, Hidr\u00e1ulico<br \/>\nEstructura exc\u00e9ntrica, centrada.<\/p>\n<p>Somos un fabricante profesional de productos de la serie de v\u00e1lvulas de mariposa. La empresa se fund\u00f3 en 2006 con un capital registrado de 11,18 millones de yuanes. Desde su creaci\u00f3n, nos hemos dedicado a investigar y abrir productos de series de v\u00e1lvulas de mariposa. Todos los productos de la serie de v\u00e1lvulas de mariposa producidos por nuestra empresa ahora utilizan nuestros moldes exclusivos e independientemente del espesor de la pared del cuerpo de la v\u00e1lvula, el espesor de la brida y la longitud estructural, todos pueden cumplir con los est\u00e1ndares relevantes. Moldes de fundici\u00f3n que no son utilizados habitualmente por la mayor\u00eda de fabricantes del mercado. Nuestro alcance de producci\u00f3n incluye principalmente v\u00e1lvulas de mariposa de brida, v\u00e1lvulas de mariposa tipo wafer, v\u00e1lvulas de mariposa de orejeta y v\u00e1lvulas de mariposa soldadas. La presi\u00f3n nominal var\u00eda de PN1-100150LB.600LB y las especificaciones var\u00edan de DN40-1400 a NPS2-60. Las normas involucradas incluyen normas nacionales, el Ministerio de Industria Qu\u00edmica, el Ministerio de Maquinaria, as\u00ed como normas de exportaci\u00f3n como las normas estadounidenses, las normas alemanas, las normas japonesas, las normas rusas y las normas brit\u00e1nicas.<br \/>\nDesde acero fundido ordinario WCB, acero inoxidable 304316304L, 316L, hasta acero de doble fase 2205,2507, n\u00edquel aluminio azul C95800, material, Hastelloy y otros aceros especiales, nuestra empresa ha producido.<\/p>","protected":false},"excerpt":{"rendered":"<p>STV Valve Technology Group Co., Ltd is a professional leader China C95800 butterfly valve,double eccentric butterfly valve\uff0cflanged butterfly valve,flanged butterfly valve,pneumatic butterfly valve,wafer butterfly valve,lug butterfly valve,triple offset butterfly valve,4 inch butterfly valve,6 inch butterfly valve,3 inch butterfly valve,8 inch butterfly valve,API 609 Lug Type Butterfly Valve\uff0c2 inch butterfly valve Manufacture with high quality and competitive price.<\/p>","protected":false},"featured_media":6919,"template":"","meta":[],"product_brand":[],"product_cat":[965,971],"product_tag":[1999,1998,1997],"class_list":{"0":"post-6916","1":"product","2":"type-product","3":"status-publish","4":"has-post-thumbnail","6":"product_cat-butterfly-valve","7":"product_cat-wafer-butterfly-valve","8":"product_tag-150lb-api-609-lug-type-butterfly-valve","9":"product_tag-16-inch-api-609-lug-type-butterfly-valve","10":"product_tag-api-609-lug-type-butterfly-valve","12":"first","13":"instock","14":"shipping-taxable","15":"product-type-simple"},"_links":{"self":[{"href":"https:\/\/www.stvvalves.com\/es\/wp-json\/wp\/v2\/product\/6916","targetHints":{"allow":["GET"]}}],"collection":[{"href":"https:\/\/www.stvvalves.com\/es\/wp-json\/wp\/v2\/product"}],"about":[{"href":"https:\/\/www.stvvalves.com\/es\/wp-json\/wp\/v2\/types\/product"}],"wp:featuredmedia":[{"embeddable":true,"href":"https:\/\/www.stvvalves.com\/es\/wp-json\/wp\/v2\/media\/6919"}],"wp:attachment":[{"href":"https:\/\/www.stvvalves.com\/es\/wp-json\/wp\/v2\/media?parent=6916"}],"wp:term":[{"taxonomy":"product_brand","embeddable":true,"href":"https:\/\/www.stvvalves.com\/es\/wp-json\/wp\/v2\/product_brand?post=6916"},{"taxonomy":"product_cat","embeddable":true,"href":"https:\/\/www.stvvalves.com\/es\/wp-json\/wp\/v2\/product_cat?post=6916"},{"taxonomy":"product_tag","embeddable":true,"href":"https:\/\/www.stvvalves.com\/es\/wp-json\/wp\/v2\/product_tag?post=6916"}],"curies":[{"name":"wp","href":"https:\/\/api.w.org\/{rel}","templated":true}]}}