{"id":6958,"date":"2023-11-02T08:48:26","date_gmt":"2023-11-02T00:48:26","guid":{"rendered":"https:\/\/www.stvvalves.com\/?post_type=product&#038;p=6958"},"modified":"2025-09-28T12:19:47","modified_gmt":"2025-09-28T04:19:47","slug":"mss-sp-81-knife-gate-valve-150lb-2205-body-lug-type","status":"publish","type":"product","link":"https:\/\/www.stvvalves.com\/es\/products\/mss-sp-81-knife-gate-valve-150lb-2205-body-lug-type\/","title":{"rendered":"MSS SP-81 Knife Gate Valve &#8211; 150LB, 2205 Body, Lug Type"},"content":{"rendered":"<p>Expand Description to include:<br \/>\n1) detailed MSS SP-81 standard compliance notes and testing (pressure, seat, leakage class);<br \/>\n2) comprehensive performance data (flow coefficients, torque curves, seating life);<br \/>\n3) installation, operation, and maintenance guidelines;<br \/>\n4) material compatibility and media limitations;<br \/>\n5) industry-specific use cases and case studies.<\/p>\n<p>La v\u00e1lvula de compuerta de cuchilla bidireccional manual es una v\u00e1lvula de compuerta de cuchilla unidireccional que se utiliza en tuber\u00edas industriales para operaci\u00f3n de encendido y apagado.<\/p>\n<p>La estructura del cuerpo y el asiento elimina la obstrucci\u00f3n del cierre del flujo con part\u00edculas finas. Adem\u00e1s, el borde biselado del cuchillo ayuda<\/p>\n<p>La puerta corta f\u00e1cilmente materiales gruesos. Seg\u00fan diferentes situaciones de trabajo: v\u00e1lvula de compuerta de cuchilla de v\u00e1stago no ascendente, cuchilla de oblea<\/p>\n<p>v\u00e1lvula de compuerta, v\u00e1lvula de compuerta de guillotina con orejetas, v\u00e1lvula de compuerta de guillotina neum\u00e1tica, v\u00e1lvula de compuerta de guillotina el\u00e9ctrica, v\u00e1lvula de compuerta de guillotina manual y bisel<\/p>\n<p>La v\u00e1lvula de compuerta de cuchilla de engranaje est\u00e1 disponible<\/p>\n<p>Create a dedicated Applications &amp; Industries subsection detailing suitability for pulp &amp; paper, wastewater, chemicals, and mining, including typical pressures, particle sizes, and service conditions; include short case snapshots and customer quotes.<\/p>\n<p><b>Caracter\u00edsticas:<\/b><\/p>\n<p>1. Cuerpo:<\/p>\n<p>a) El cuerpo integral con estructura de paso total garantiza un flujo suave, un montaje sencillo y una menor posibilidad de fugas en la carcasa.<\/p>\n<p>b) El dise\u00f1o del cuerpo sin ranuras elimina cualquier posible obstrucci\u00f3n cuando se cierra la v\u00e1lvula.<\/p>\n<p>2. Puerta:<\/p>\n<p>a) El borde biselado de la cuchilla proporciona una fuerte tensi\u00f3n de corte y un sellado herm\u00e9tico.<\/p>\n<p>b) El espesor de la compuerta se puede aumentar para hacer frente a una presi\u00f3n m\u00e1s alta.<\/p>\n<p>3. Asiento:<\/p>\n<p>a) El asiento de elast\u00f3mero en forma de U proporciona un sello perif\u00e9rico a lo largo del borde de la puerta y garantiza un sellado herm\u00e9tico en ambos<\/p>\n<p>direcciones de flujo.<\/p>\n<p>4. Otro:<\/p>\n<p>a) El cojinete de empuje doble minimiza el par requerido para la operaci\u00f3n.<\/p>\n<p>Tama\u00f1o: NPS2-48 (DN50-DN1200)<\/p>\n<p>Conexi\u00f3n: tipo oblea, tipo brida, tipo lug, tipo soldado<\/p>\n<p>Tipo de sello: Blando o met\u00e1lico<\/p>\n<p>Materiales: GGG40-A356, CF8-A351, CF8M-A351,WCB<\/p>\n<table border=\"1\" width=\"812\">\n<tbody>\n<tr>\n<td>Rango de tama\u00f1o:<\/td>\n<td>\u00a0 \u00a0 \u00a0DN50~600mm NPS 2\u201d-24\u201d (Tama\u00f1o m\u00e1s grande bajo pedido)<\/td>\n<\/tr>\n<tr>\n<td>\u00a0 \u00a0Prensa m\u00e1xima de trabajo:<\/td>\n<td>\u00a0 \u00a0 \u00a0DN50~DN250: 10bar NPS2~NPS10\uff1a150PsiDN300~DN450: 7bar NPS12~NPS18\uff1a90Psi<\/p>\n<p>DN500~DN600: 4bar NPS20~NPS24:60Psi<\/td>\n<\/tr>\n<tr>\n<td>\u00a0 \u00a0Temperatura. Rango:<\/td>\n<td>\u00a0 \u00a0 \u00a0-29\u2026+200\u2103<\/td>\n<\/tr>\n<tr>\n<td>\u00a0 \u00a0Estanqueidad del sello:<\/td>\n<td>\u00a0 \u00a0 \u00a0Seg\u00fan MSS SP-81<\/td>\n<\/tr>\n<tr>\n<td>\u00a0 \u00a0Cuerpo material:<\/td>\n<td>\u00a0 \u00a0 \u00a0Hierro fundido<\/td>\n<\/tr>\n<tr>\n<td>\u00a0 \u00a0Material de la puerta:<\/td>\n<td>\u00a0 \u00a0 \u00a0Acero inoxidable cromado, aleaci\u00f3n especial.<\/td>\n<\/tr>\n<tr>\n<td>\u00a0 \u00a0Material del asiento:<\/td>\n<td>\u00a0 \u00a0\u00a0\u00a0EPDM (120\u00b0C) \/Vit\u00f3n(200\u00b0C) \/NBR(90\u00b0C)<\/td>\n<\/tr>\n<tr>\n<td>\u00a0 \u00a0Cara a cara:<\/td>\n<td>\u00a0 \u00a0 \u00a0MSS SP-81<\/td>\n<\/tr>\n<tr>\n<td>\u00a0 \u00a0Est\u00e1ndar de brida:<\/td>\n<td>\u00a0 \u00a0 \u00a0GB\/T 9113.1, JB\/T 79.1, HG 20592, ASME B16.5, EN1092-1<\/td>\n<\/tr>\n<tr>\n<td>\u00a0 \u00a0Aplicaciones:<\/td>\n<td>\u00a0 \u00a0 \u00a0Pulpa y papel, tratamiento de agua, bebidas y alimentos, qu\u00edmica fina, Power Planet, industria del acero, etc.<\/td>\n<\/tr>\n<\/tbody>\n<\/table>\n<p>Place concise CTAs after key spec blocks and near the Applications section: e.g., Request a Quote, Download Spec Sheet, Talk to an Engineer, or Add to Cart with price visibility; ensure CTA language aligns with the primary keyword MSS SP-81 Knife Gate Valve and secondary terms.<\/p>\n<p>Integrate schema.org Product with MSS SP-81 knife gate valve specifics (sku, price, availability, color, material, dimensions) and FAQ blocks addressing common questions (e.g., installation, maintenance, seat material compatibility). Add localized content blocks for top target languages with translated values.<\/p>\n<p>MSS SP-81 Knife Gate Valve, 150LB Knife Gate Valve, 2205 Bidirectional Knife Gate Valve, Lugged Knife Gate Valve, manual knife gate valve<\/p>","protected":false},"excerpt":{"rendered":"<p>STV Valve Technology Group Co., Ltd es un l\u00edder profesional en China MSS SP-81 V\u00e1lvula de compuerta de cuchilla, v\u00e1lvula de compuerta de cuchilla bidireccional manual tipo oblea, v\u00e1lvula de compuerta de cuchilla bidireccional manual con orejetas, v\u00e1lvula de compuerta de cuchilla de 150 lb, v\u00e1lvula de compuerta de cuchilla bidireccional 2205, v\u00e1lvula de compuerta de cuchilla manual y v\u00e1lvula de compuerta de cuchilla bidireccional manual de engranaje c\u00f3nico.<\/p>","protected":false},"featured_media":6959,"template":"","meta":[],"product_brand":[],"product_cat":[44,62],"product_tag":[145,2012,2010,2042,2011,2013,3743,1960],"class_list":{"0":"post-6958","1":"product","2":"type-product","3":"status-publish","4":"has-post-thumbnail","6":"product_cat-gate-valve","7":"product_cat-knife-gate-valve","8":"product_tag-150lb-knife-gate-valve","9":"product_tag-2205-bidirectional-knife-gate-valve","10":"product_tag-china-mss-sp-81-knife-gate-valve","11":"product_tag-lugged-knife-gate-valve","12":"product_tag-lugged-manual-bidirectional-knife-gate-valve","13":"product_tag-manual-knife-gate-valve","14":"product_tag-mss-sp-81-knife-gate-valve","15":"product_tag-wafer-manual-bidirectional-knife-gate-valve","17":"first","18":"instock","19":"shipping-taxable","20":"product-type-simple"},"_links":{"self":[{"href":"https:\/\/www.stvvalves.com\/es\/wp-json\/wp\/v2\/product\/6958","targetHints":{"allow":["GET"]}}],"collection":[{"href":"https:\/\/www.stvvalves.com\/es\/wp-json\/wp\/v2\/product"}],"about":[{"href":"https:\/\/www.stvvalves.com\/es\/wp-json\/wp\/v2\/types\/product"}],"wp:featuredmedia":[{"embeddable":true,"href":"https:\/\/www.stvvalves.com\/es\/wp-json\/wp\/v2\/media\/6959"}],"wp:attachment":[{"href":"https:\/\/www.stvvalves.com\/es\/wp-json\/wp\/v2\/media?parent=6958"}],"wp:term":[{"taxonomy":"product_brand","embeddable":true,"href":"https:\/\/www.stvvalves.com\/es\/wp-json\/wp\/v2\/product_brand?post=6958"},{"taxonomy":"product_cat","embeddable":true,"href":"https:\/\/www.stvvalves.com\/es\/wp-json\/wp\/v2\/product_cat?post=6958"},{"taxonomy":"product_tag","embeddable":true,"href":"https:\/\/www.stvvalves.com\/es\/wp-json\/wp\/v2\/product_tag?post=6958"}],"curies":[{"name":"wp","href":"https:\/\/api.w.org\/{rel}","templated":true}]}}