{"id":6971,"date":"2023-11-02T12:54:07","date_gmt":"2023-11-02T04:54:07","guid":{"rendered":"https:\/\/www.stvvalves.com\/?post_type=product&#038;p=6971"},"modified":"2023-11-02T12:54:09","modified_gmt":"2023-11-02T04:54:09","slug":"c95800-bronze-swing-check-valve-12-inch-150lb-flange-end","status":"publish","type":"product","link":"https:\/\/www.stvvalves.com\/es\/products\/c95800-bronze-swing-check-valve-12-inch-150lb-flange-end\/","title":{"rendered":"V\u00e1lvula de retenci\u00f3n oscilante de bronce C95800, 12 pulgadas, 150 lb, extremo con brida"},"content":{"rendered":"<p><strong>V\u00e1lvula de retenci\u00f3n oscilante con extremos bridados de bronce C95800\u00a0<\/strong><\/p>\n<p><strong>V\u00e1lvulas de retenci\u00f3n oscilantes<\/strong>\u00a0Son v\u00e1lvulas unidireccionales que evitan el reflujo del medio. Otros t\u00e9rminos utilizados para estas v\u00e1lvulas son v\u00e1lvula antirretorno o v\u00e1lvula de retenci\u00f3n unidireccional. Las v\u00e1lvulas de retenci\u00f3n funcionan autom\u00e1ticamente, por lo que no hay necesidad de una rueda o un actuador. Considere una v\u00e1lvula de retenci\u00f3n cuando haya un da\u00f1o inminente debido al reflujo o para evitar la contaminaci\u00f3n. Dicho esto, debe haber la orientaci\u00f3n correcta de la \u00fanica entrada y salida para garantizar que las v\u00e1lvulas de retenci\u00f3n funcionen correctamente.<\/p>\n<p><b>DETALLES DE PRODUCTO<\/b><br \/>\nV\u00e1lvula antirretorno completamente abierta<\/p>\n<p>Es una v\u00e1lvula autom\u00e1tica cuando se abre o cierra autom\u00e1ticamente por la fuerza generada por el medio que fluye dentro de la tuber\u00eda.<br \/>\nSu funci\u00f3n principal es evitar el reflujo del medio en la tuber\u00eda,<br \/>\nrotaci\u00f3n inversa de la bomba y su motor de accionamiento, y descarga del medio en el recipiente.<\/p>\n<p><strong>Rango<\/strong><br \/>\nTama\u00f1o: 2&#039;~48\u201d DN50-DN1200<br \/>\nClasificaci\u00f3n de presi\u00f3n: 150LB~1500LB<br \/>\nMateriales: C95800, C95400, C83600<br \/>\nTemperatura adecuada: -196\u00baC~450\u00baC(Diferentes temperaturas, elija diferentes materiales)<br \/>\nMedio adecuado: agua, petr\u00f3leo y gas natural y otros medios de causticidad (diferentes materias primas para diferentes medios)<\/p>\n<p><strong>Est\u00e1ndares<\/strong><br \/>\nEst\u00e1ndar de dise\u00f1o y fabricaci\u00f3n: API 6D, BS 1868<br \/>\nEst\u00e1ndar de presi\u00f3n y temperatura: ASME B16.34<br \/>\nEst\u00e1ndar de dimensi\u00f3n cara a cara: ASME B16.10<br \/>\nEst\u00e1ndar de brida: ASME B16.5, ASME B16.47<br \/>\nProbar e inspeccionar: API 598<\/p>\n<p><strong>Caracter\u00edsticas<\/strong><br \/>\nDisco tipo columpio;<br \/>\nEstructura de producto compacta y razonable;<br \/>\nNo hay necesidad de intervenci\u00f3n humana;<br \/>\nPreviene eficazmente el reflujo;<br \/>\nPuede utilizarse como sistema de respaldo;<br \/>\nEstanqueidad confiable y buen rendimiento;<br \/>\nCierre r\u00e1pido y acciones flexibles del disco de la v\u00e1lvula;<br \/>\nPuede dise\u00f1arse con un Cilindro Amortiguador;<br \/>\nPaso de fluidos suave y peque\u00f1a resistencia a los fluidos;<br \/>\nPeque\u00f1o impacto de cierre, no es probable que se genere golpe de ariete.<\/p>","protected":false},"excerpt":{"rendered":"<p>V\u00e1lvula de retenci\u00f3n oscilante de bronce C95800, 12 pulgadas, 150 lb, extremo con brida STV Valve Technology Group Co., Ltd es un l\u00edder profesional en China V\u00e1lvula de retenci\u00f3n oscilante de bronce ASTM C95800, V\u00e1lvula de retenci\u00f3n oscilante BS1868 C95800, V\u00e1lvula de retenci\u00f3n oscilante C95800 de 12 pulgadas, V\u00e1lvula de retenci\u00f3n oscilante C95800 de 150 LB V\u00e1lvula de retenci\u00f3n, fabricante de v\u00e1lvula de retenci\u00f3n oscilante RF C95800 con alta calidad y precio competitivo.<\/p>","protected":false},"featured_media":6972,"template":"","meta":[],"product_brand":[],"product_cat":[46,67],"product_tag":[2029,2030,2028,2027,2031],"class_list":{"0":"post-6971","1":"product","2":"type-product","3":"status-publish","4":"has-post-thumbnail","6":"product_cat-check-valves","7":"product_cat-stainless-steel-check-valve","8":"product_tag-12-inch-c95800-swing-check-valve","9":"product_tag-150-lb-c95800-swing-check-valve","10":"product_tag-bs1868-c95800-swing-check-valve","11":"product_tag-china-astm-c95800-bronze-swing-check-valve","12":"product_tag-rf-c95800-swing-check-valve-manufacturer","14":"first","15":"instock","16":"shipping-taxable","17":"product-type-simple"},"_links":{"self":[{"href":"https:\/\/www.stvvalves.com\/es\/wp-json\/wp\/v2\/product\/6971","targetHints":{"allow":["GET"]}}],"collection":[{"href":"https:\/\/www.stvvalves.com\/es\/wp-json\/wp\/v2\/product"}],"about":[{"href":"https:\/\/www.stvvalves.com\/es\/wp-json\/wp\/v2\/types\/product"}],"wp:featuredmedia":[{"embeddable":true,"href":"https:\/\/www.stvvalves.com\/es\/wp-json\/wp\/v2\/media\/6972"}],"wp:attachment":[{"href":"https:\/\/www.stvvalves.com\/es\/wp-json\/wp\/v2\/media?parent=6971"}],"wp:term":[{"taxonomy":"product_brand","embeddable":true,"href":"https:\/\/www.stvvalves.com\/es\/wp-json\/wp\/v2\/product_brand?post=6971"},{"taxonomy":"product_cat","embeddable":true,"href":"https:\/\/www.stvvalves.com\/es\/wp-json\/wp\/v2\/product_cat?post=6971"},{"taxonomy":"product_tag","embeddable":true,"href":"https:\/\/www.stvvalves.com\/es\/wp-json\/wp\/v2\/product_tag?post=6971"}],"curies":[{"name":"wp","href":"https:\/\/api.w.org\/{rel}","templated":true}]}}