{"id":6976,"date":"2023-11-02T13:51:05","date_gmt":"2023-11-02T05:51:05","guid":{"rendered":"https:\/\/www.stvvalves.com\/?post_type=product&#038;p=6976"},"modified":"2023-11-02T13:51:06","modified_gmt":"2023-11-02T05:51:06","slug":"2500lb-axial-flow-check-valve-10-inch-wcb-body-flange-end","status":"publish","type":"product","link":"https:\/\/www.stvvalves.com\/es\/products\/2500lb-axial-flow-check-valve-10-inch-wcb-body-flange-end\/","title":{"rendered":"V\u00e1lvula de retenci\u00f3n de flujo axial 2500LB, 10 pulgadas, cuerpo WCB, extremo con brida"},"content":{"rendered":"<p><b><strong>V\u00e1lvula de retenci\u00f3n de flujo axial 2500LB\u00a0<\/strong><\/b><\/p>\n<p>Caracter\u00edsticas del producto<\/p>\n<p>A API594<br \/>\nCara a cara seg\u00fan ANSI B 16.10<br \/>\nDimensi\u00f3n de los extremos de la brida ANSI B 16.5\/ANSI B 16.47<\/p>\n<p>Pruebas de inspecci\u00f3n finales seg\u00fan API598.<\/p>\n<p>Materiales disponibles en:<br \/>\nWCB, LCB, CF8, CF8M, CF3, CF3M, WC6, WC9, C5, C12 o Equivalentes, Disponibles tambi\u00e9n en aceros de baja temperatura, aceros de baja aleaci\u00f3n, aceros inoxidables, aceros inoxidables tipo d\u00faplex y otros materiales ex\u00f3ticos; Varios materiales de acabado disponibles para adaptarse a las condiciones de servicio.<\/p>\n<p>Protecci\u00f3n contra la corrosi\u00f3n<br \/>\nRevestimiento epoxi interior y exterior.<\/p>\n<p>Temperatura aplicable:<br \/>\n-196-540 materia prima diferente para diferentes temperaturas de trabajo<br \/>\nMedio aplicable: agua, petr\u00f3leo, gas y otros medios de causticidad (diferente materia prima para diferentes medios)<\/p>","protected":false},"excerpt":{"rendered":"<p>STV Valve Technology Group Co., Ltd es un l\u00edder profesional en China V\u00e1lvula de retenci\u00f3n de flujo axial de 2500LB,V\u00e1lvula de retenci\u00f3n de flujo axial de 10 pulgadas 2500LB,V\u00e1lvula de retenci\u00f3n de flujo axial WCB 2500LB,V\u00e1lvula de retenci\u00f3n de flujo axial de 2500LB con extremo de brida Fabricante con alta calidad y precio competitivo.<\/p>","protected":false},"featured_media":6977,"template":"","meta":[],"product_brand":[],"product_cat":[46,84],"product_tag":[2037,2036,2039,2038],"class_list":{"0":"post-6976","1":"product","2":"type-product","3":"status-publish","4":"has-post-thumbnail","6":"product_cat-check-valves","7":"product_cat-wafer-check-valve","8":"product_tag-10-inch-2500lb-axial-flow-check-valve","9":"product_tag-china-2500lb-axial-flow-check-valve","10":"product_tag-flange-end-2500lb-axial-flow-check-valve-manufacturer","11":"product_tag-wcb-2500lb-axial-flow-check-valve","13":"first","14":"instock","15":"shipping-taxable","16":"product-type-simple"},"_links":{"self":[{"href":"https:\/\/www.stvvalves.com\/es\/wp-json\/wp\/v2\/product\/6976","targetHints":{"allow":["GET"]}}],"collection":[{"href":"https:\/\/www.stvvalves.com\/es\/wp-json\/wp\/v2\/product"}],"about":[{"href":"https:\/\/www.stvvalves.com\/es\/wp-json\/wp\/v2\/types\/product"}],"wp:featuredmedia":[{"embeddable":true,"href":"https:\/\/www.stvvalves.com\/es\/wp-json\/wp\/v2\/media\/6977"}],"wp:attachment":[{"href":"https:\/\/www.stvvalves.com\/es\/wp-json\/wp\/v2\/media?parent=6976"}],"wp:term":[{"taxonomy":"product_brand","embeddable":true,"href":"https:\/\/www.stvvalves.com\/es\/wp-json\/wp\/v2\/product_brand?post=6976"},{"taxonomy":"product_cat","embeddable":true,"href":"https:\/\/www.stvvalves.com\/es\/wp-json\/wp\/v2\/product_cat?post=6976"},{"taxonomy":"product_tag","embeddable":true,"href":"https:\/\/www.stvvalves.com\/es\/wp-json\/wp\/v2\/product_tag?post=6976"}],"curies":[{"name":"wp","href":"https:\/\/api.w.org\/{rel}","templated":true}]}}