{"id":6978,"date":"2023-11-03T15:24:07","date_gmt":"2023-11-03T07:24:07","guid":{"rendered":"https:\/\/www.stvvalves.com\/?post_type=product&#038;p=6978"},"modified":"2023-11-03T15:24:09","modified_gmt":"2023-11-03T07:24:09","slug":"rising-stem-knife-gate-valve-150lb-wcb-body-lugged-type","status":"publish","type":"product","link":"https:\/\/www.stvvalves.com\/es\/products\/rising-stem-knife-gate-valve-150lb-wcb-body-lugged-type\/","title":{"rendered":"V\u00e1lvula de compuerta de cuchilla con v\u00e1stago ascendente, 150 lb, cuerpo WCB, tipo con orejetas"},"content":{"rendered":"<p><strong>V\u00e1lvula de guillotina unidireccional de v\u00e1stago ascendente manual<\/strong><\/p>\n<p>La v\u00e1lvula de guillotina de v\u00e1stago ascendente es una v\u00e1lvula de guillotina unidireccional sellada que puede reemplazar el anillo de sellado de goma. El principio de sellado consiste principalmente en lograr el efecto de sellado mediante la estrecha conexi\u00f3n entre la compuerta y el anillo de sellado de goma. Esta serie de v\u00e1lvulas de guillotina es un tipo de producto econ\u00f3mico y efectivo de alto rendimiento, que puede equiparse con un actuador neum\u00e1tico para cumplir con diferentes requisitos industriales y mineros.<\/p>\n<p><strong>Tallas<\/strong>: DN50-1600<\/p>\n<p><strong>Cuerpo<\/strong>:DI,WCB\u3001CF8\u3001CF8M\u3001CF3\u3001CF3M<\/p>\n<p><strong>Desct<\/strong>:SS304\u3001SS316\u3001SS316L\u3001SS310\u30012205\u3001F53\u3001F55<\/p>\n<p><strong>Asiento<\/strong>: EPDM, NBR, PTFE, Viton, Metal<\/p>\n<p><strong>Embalaje<\/strong>:PTFE, caucho, grafito, fibra de aramida, empaquetadura con alto contenido de agua<\/p>\n<p><strong>Operaci\u00f3n<\/strong>: volante, engranaje c\u00f3nico, el\u00e9ctrico, neum\u00e1tico, hidr\u00e1ulico, electrohidr\u00e1ulico, palanca, volante de cadena<\/p>\n<p><strong>Presi\u00f3n laboral<\/strong>:<\/p>\n<p>DN 50 \u2013 DN 250 10 kilogramos<\/p>\n<p>DN 300 \u2013 DN 400 6 kilogramos<\/p>\n<p>DN 450 5 kilos<\/p>\n<p>DN 500 \u2013 DN 600 4 kilogramos<\/p>\n<p>DN 700 \u2013 DN 1200 2 kilogramos<\/p>\n<p><strong>Conexi\u00f3n de brida<\/strong>:<\/p>\n<p>PN10\u3001PN16\u3001ANSI B16.5 Clase 150,\u3001BS \u201cD\u201d y \u201cE\u201d<\/p>","protected":false},"excerpt":{"rendered":"<p>STV Valve Technology Group Co., Ltd es un l\u00edder profesional en v\u00e1lvula de compuerta tipo cuchilla tipo oblea de China, cuchilla tipo oblea de 150 lb<\/p>\n<p>v\u00e1lvula de compuerta, v\u00e1lvula de compuerta de guillotina con orejetas WCB, v\u00e1lvula de compuerta de guillotina neum\u00e1tica, v\u00e1lvula de compuerta de guillotina el\u00e9ctrica, v\u00e1lvula de compuerta de guillotina manual y bisel<\/p>\n<p>v\u00e1lvula de compuerta de cuchilla de engranaje. V\u00e1lvula de compuerta de cuchilla con v\u00e1stago ascendente, v\u00e1lvula de compuerta de cuchilla con v\u00e1stago ascendente de 150 lb, v\u00e1lvula de compuerta de cuchilla con v\u00e1stago ascendente de cuerpo WCB, v\u00e1lvula de compuerta de cuchilla con v\u00e1stago ascendente tipo orejeta.<\/p>","protected":false},"featured_media":6980,"template":"","meta":[],"product_brand":[],"product_cat":[44,62],"product_tag":[2040,2042,2043,2041],"class_list":{"0":"post-6978","1":"product","2":"type-product","3":"status-publish","4":"has-post-thumbnail","6":"product_cat-gate-valve","7":"product_cat-knife-gate-valve","8":"product_tag-150lb-rising-stem-knife-gate-valve","9":"product_tag-lugged-knife-gate-valve","10":"product_tag-rising-stem-knife-gate-valve","11":"product_tag-wcb-rising-stem-knife-gate-valve","13":"first","14":"instock","15":"shipping-taxable","16":"product-type-simple"},"_links":{"self":[{"href":"https:\/\/www.stvvalves.com\/es\/wp-json\/wp\/v2\/product\/6978","targetHints":{"allow":["GET"]}}],"collection":[{"href":"https:\/\/www.stvvalves.com\/es\/wp-json\/wp\/v2\/product"}],"about":[{"href":"https:\/\/www.stvvalves.com\/es\/wp-json\/wp\/v2\/types\/product"}],"wp:featuredmedia":[{"embeddable":true,"href":"https:\/\/www.stvvalves.com\/es\/wp-json\/wp\/v2\/media\/6980"}],"wp:attachment":[{"href":"https:\/\/www.stvvalves.com\/es\/wp-json\/wp\/v2\/media?parent=6978"}],"wp:term":[{"taxonomy":"product_brand","embeddable":true,"href":"https:\/\/www.stvvalves.com\/es\/wp-json\/wp\/v2\/product_brand?post=6978"},{"taxonomy":"product_cat","embeddable":true,"href":"https:\/\/www.stvvalves.com\/es\/wp-json\/wp\/v2\/product_cat?post=6978"},{"taxonomy":"product_tag","embeddable":true,"href":"https:\/\/www.stvvalves.com\/es\/wp-json\/wp\/v2\/product_tag?post=6978"}],"curies":[{"name":"wp","href":"https:\/\/api.w.org\/{rel}","templated":true}]}}